{"id":146,"date":"2020-07-21T15:20:12","date_gmt":"2020-07-21T13:20:12","guid":{"rendered":"https:\/\/www.rudan.cz\/\/?page_id=146"},"modified":"2021-02-18T16:56:13","modified_gmt":"2021-02-18T15:56:13","slug":"ctvercove-koberce","status":"publish","type":"page","link":"https:\/\/www.rudan.cz\/cs\/ctvercove-koberce\/","title":{"rendered":"Kobercov\u00e9 \u010dtverce"},"content":{"rendered":"<p>[et_pb_section fb_built=&#8220;1&#8243; admin_label=&#8220;Header Section&#8220; _builder_version=&#8220;4.5.0&#8243; use_background_color_gradient=&#8220;on&#8220; background_color_gradient_start=&#8220;#ffffff&#8220; background_color_gradient_end=&#8220;rgba(255,255,255,0)&#8220; background_color_gradient_overlays_image=&#8220;on&#8220; background_image=&#8220;https:\/\/www.rudan.cz\/\/wp-content\/uploads\/2020\/07\/NEC-Shapes-Hexagon-Marlin-2.jpg&#8220; custom_padding=&#8220;||0px||false|false&#8220; background_last_edited=&#8220;on|phone&#8220;][et_pb_row admin_label=&#8220;Header Row&#8220; _builder_version=&#8220;4.5.0&#8243; custom_margin=&#8220;5%||5%||false|false&#8220; custom_padding=&#8220;|||&#8220;][et_pb_column type=&#8220;4_4&#8243; _builder_version=&#8220;3.25&#8243; custom_padding=&#8220;|||&#8220; custom_padding__hover=&#8220;|||&#8220;][et_pb_cta title=&#8220;Kobercov\u00e9 \u010dtverce&#8220; button_url=&#8220;#&#8220; admin_label=&#8220;Heading, Subheading &#038; Button&#8220; _builder_version=&#8220;4.5.0&#8243; header_level=&#8220;h1&#8243; header_font=&#8220;Muli|700|||||||&#8220; header_font_size=&#8220;65px&#8220; header_line_height=&#8220;1.4em&#8220; body_font=&#8220;Muli|600|||||||&#8220; body_font_size=&#8220;18px&#8220; body_line_height=&#8220;1.8em&#8220; use_background_color=&#8220;off&#8220; custom_button=&#8220;on&#8220; button_text_size=&#8220;16px&#8220; button_text_color=&#8220;#ffffff&#8220; button_bg_color=&#8220;#f4583f&#8220; button_border_width=&#8220;10px&#8220; button_border_color=&#8220;rgba(244,88,63,0)&#8220; button_border_radius=&#8220;0px&#8220; button_font=&#8220;Muli|700|||||||&#8220; button_use_icon=&#8220;off&#8220; background_layout=&#8220;light&#8220; max_width=&#8220;800px&#8220; module_alignment=&#8220;center&#8220; custom_margin=&#8220;|||&#8220; custom_margin_tablet=&#8220;3vw||3vw|&#8220; custom_margin_phone=&#8220;|||&#8220; custom_margin_last_edited=&#8220;off|desktop&#8220; animation_style=&#8220;fade&#8220; header_font_size_tablet=&#8220;&#8220; header_font_size_phone=&#8220;50px&#8220; header_font_size_last_edited=&#8220;on|phone&#8220; button_text_color_hover=&#8220;#ffffff&#8220; button_border_color_hover=&#8220;rgba(244,88,63,0)&#8220; button_border_radius_hover=&#8220;0px&#8220; button_bg_color_hover=&#8220;#f4583f&#8220; button_text_size__hover_enabled=&#8220;off&#8220; button_one_text_size__hover_enabled=&#8220;off&#8220; button_two_text_size__hover_enabled=&#8220;off&#8220; button_text_color__hover_enabled=&#8220;on&#8220; button_text_color__hover=&#8220;#ffffff&#8220; button_one_text_color__hover_enabled=&#8220;off&#8220; button_two_text_color__hover_enabled=&#8220;off&#8220; button_border_width__hover_enabled=&#8220;off&#8220; button_one_border_width__hover_enabled=&#8220;off&#8220; button_two_border_width__hover_enabled=&#8220;off&#8220; button_border_color__hover_enabled=&#8220;on&#8220; button_border_color__hover=&#8220;rgba(244,88,63,0)&#8220; button_one_border_color__hover_enabled=&#8220;off&#8220; button_two_border_color__hover_enabled=&#8220;off&#8220; button_border_radius__hover_enabled=&#8220;on&#8220; button_border_radius__hover=&#8220;0px&#8220; button_one_border_radius__hover_enabled=&#8220;off&#8220; button_two_border_radius__hover_enabled=&#8220;off&#8220; button_letter_spacing__hover_enabled=&#8220;off&#8220; button_one_letter_spacing__hover_enabled=&#8220;off&#8220; button_two_letter_spacing__hover_enabled=&#8220;off&#8220; button_bg_color__hover_enabled=&#8220;on&#8220; button_bg_color__hover=&#8220;#f4583f&#8220; button_one_bg_color__hover_enabled=&#8220;off&#8220; button_two_bg_color__hover_enabled=&#8220;off&#8220;][\/et_pb_cta][\/et_pb_column][\/et_pb_row][et_pb_row column_structure=&#8220;1_2,1_2&#8243; use_custom_gutter=&#8220;on&#8220; gutter_width=&#8220;1&#8243; admin_label=&#8220;Service Row&#8220; module_class=&#8220; et_pb_row_fullwidth&#8220; _builder_version=&#8220;4.5.0&#8243; width=&#8220;100%&#8220; width_tablet=&#8220;100%&#8220; width_phone=&#8220;&#8220; width_last_edited=&#8220;on|desktop&#8220; max_width=&#8220;100%&#8220; max_width_tablet=&#8220;100%&#8220; max_width_phone=&#8220;&#8220; max_width_last_edited=&#8220;on|desktop&#8220; custom_margin=&#8220;|||&#8220; custom_padding=&#8220;0px||0px||false|false&#8220; make_fullwidth=&#8220;on&#8220;][et_pb_column type=&#8220;1_2&#8243; _builder_version=&#8220;4.5.0&#8243; background_color=&#8220;#ffffff&#8220; custom_padding=&#8220;100px|60px|100px|60px&#8220; background_color_tablet=&#8220;rgba(0,0,0,0)&#8220; background_color_phone=&#8220;rgba(0,0,0,0)&#8220; background_last_edited=&#8220;on|tablet&#8220; background_enable_color_tablet=&#8220;on&#8220; background_enable_color_phone=&#8220;on&#8220; custom_padding__hover=&#8220;|||&#8220;][et_pb_text admin_label=&#8220;Title &#038; Paragraph&#8220; _builder_version=&#8220;4.5.0&#8243; text_font=&#8220;Muli|600|||||||&#8220; text_font_size=&#8220;18px&#8220; text_line_height=&#8220;1.8em&#8220; header_font=&#8220;||||||||&#8220; header_2_font=&#8220;Muli|700|||||||&#8220; header_2_font_size=&#8220;35px&#8220; header_2_line_height=&#8220;1.4em&#8220; max_width=&#8220;600px&#8220; max_width_tablet=&#8220;&#8220; max_width_phone=&#8220;&#8220; max_width_last_edited=&#8220;on|phone&#8220; module_alignment=&#8220;right&#8220; custom_margin=&#8220;|||&#8220; custom_padding=&#8220;|||&#8220; custom_padding_last_edited=&#8220;off|desktop&#8220; header_2_font_size_tablet=&#8220;25px&#8220; header_2_font_size_phone=&#8220;25px&#8220; header_2_font_size_last_edited=&#8220;on|tablet&#8220;]<\/p>\n<h2>Nechcete m\u00edt v kancel\u00e1\u0159i \u010di jin\u00e9m prostoru jednobarevn\u00fd a &#8222;nudn\u00fd&#8220; koberec? Vyzkou\u0161ejte kobercov\u00e9 \u010dtverce.<\/h2>\n<p>[\/et_pb_text][\/et_pb_column][et_pb_column type=&#8220;1_2&#8243; _builder_version=&#8220;4.5.0&#8243; custom_padding=&#8220;|||&#8220; custom_padding__hover=&#8220;|||&#8220;][\/et_pb_column][\/et_pb_row][\/et_pb_section][et_pb_section fb_built=&#8220;1&#8243; admin_label=&#8220;Service Section&#8220; _builder_version=&#8220;4.5.0&#8243; use_background_color_gradient=&#8220;on&#8220; background_color_gradient_start=&#8220;#ffffff&#8220; background_color_gradient_end=&#8220;rgba(255,255,255,0)&#8220; background_color_gradient_end_position=&#8220;25%&#8220; background_color_gradient_overlays_image=&#8220;on&#8220; background_image=&#8220;https:\/\/www.rudan.cz\/\/wp-content\/uploads\/2020\/07\/NED-Shapes-Hexagon-Marlin-2.jpg&#8220; custom_padding=&#8220;0px|0px|0px|0px&#8220;][et_pb_row column_structure=&#8220;1_2,1_2&#8243; use_custom_gutter=&#8220;on&#8220; gutter_width=&#8220;1&#8243; admin_label=&#8220;Service Row&#8220; module_class=&#8220; et_pb_row_fullwidth&#8220; _builder_version=&#8220;4.5.0&#8243; width=&#8220;100%&#8220; width_tablet=&#8220;100%&#8220; width_phone=&#8220;&#8220; width_last_edited=&#8220;on|desktop&#8220; max_width=&#8220;100%&#8220; max_width_tablet=&#8220;100%&#8220; max_width_phone=&#8220;&#8220; max_width_last_edited=&#8220;on|desktop&#8220; custom_margin=&#8220;|||&#8220; custom_padding=&#8220;0px|0px|0px|0px&#8220; make_fullwidth=&#8220;on&#8220;][et_pb_column type=&#8220;1_2&#8243; _builder_version=&#8220;3.25&#8243; custom_padding=&#8220;|||&#8220; custom_padding_tablet=&#8220;200px|||&#8220; custom_padding_phone=&#8220;&#8220; custom_padding_last_edited=&#8220;on|tablet&#8220; padding_tablet=&#8220;200px|||&#8220; padding_last_edited=&#8220;on|tablet&#8220; custom_padding__hover=&#8220;|||&#8220;][\/et_pb_column][et_pb_column type=&#8220;1_2&#8243; _builder_version=&#8220;4.5.0&#8243; background_color=&#8220;#91802f&#8220; custom_padding=&#8220;100px|60px|100px|60px&#8220; custom_padding_tablet=&#8220;50px||50px||true|false&#8220; custom_padding_phone=&#8220;30px|60px|30px|60px|true|false&#8220; custom_padding_last_edited=&#8220;on|tablet&#8220; custom_padding__hover=&#8220;|||&#8220;][et_pb_text admin_label=&#8220;Title &#038; Paragraph&#8220; _builder_version=&#8220;4.5.0&#8243; text_font=&#8220;Muli||||||||&#8220; text_font_size=&#8220;15px&#8220; text_line_height=&#8220;1.8em&#8220; header_font=&#8220;||||||||&#8220; header_2_font=&#8220;Muli||||||||&#8220; header_2_font_size=&#8220;20px&#8220; header_2_line_height=&#8220;1.4em&#8220; background_layout=&#8220;dark&#8220; max_width=&#8220;600px&#8220; max_width_tablet=&#8220;&#8220; max_width_phone=&#8220;&#8220; max_width_last_edited=&#8220;on|phone&#8220; module_alignment=&#8220;left&#8220; custom_margin=&#8220;|||&#8220; custom_margin_phone=&#8220;|||&#8220; custom_margin_last_edited=&#8220;off|desktop&#8220; custom_padding=&#8220;|||&#8220; custom_padding_tablet=&#8220;|||&#8220; custom_padding_phone=&#8220;|||&#8220; custom_padding_last_edited=&#8220;off|desktop&#8220; header_2_font_size_tablet=&#8220;20px&#8220; header_2_font_size_phone=&#8220;18px&#8220; header_2_font_size_last_edited=&#8220;on|tablet&#8220;]<\/p>\n<p style=\"text-align: left;\">Kobercov\u00e9 \u010dtverce jsou kv\u016fli sv\u00e9 vysok\u00e9 z\u00e1t\u011b\u017ei vhodn\u00e9 zejm\u00e9na do komer\u010dn\u00edch prostor.<\/p>\n<p style=\"text-align: left;\">Umo\u017e\u0148uj\u00ed v\u0161ak d\u00edky mo\u017enosti kombinac\u00ed barev a tvar\u016f pou\u017eit\u00ed i v bytov\u00fdch projektech. Nab\u00edz\u00edme kobercov\u00e9 d\u00edlce v r\u016fzn\u00fdch proveden\u00edch, p\u0159esto\u017ee se produkt jmenuje &#8222;kobercov\u00e9 \u010dtverce&#8220; na obr\u00e1zc\u00edch m\u016f\u017eete vid\u011bt, \u017ee se dod\u00e1v\u00e1 i v mnoha jin\u00fdch, nestandardn\u00edch form\u00e1tech.<\/p>\n<p>[\/et_pb_text][\/et_pb_column][\/et_pb_row][\/et_pb_section][et_pb_section fb_built=&#8220;1&#8243; admin_label=&#8220;Intro Section&#8220; _builder_version=&#8220;3.22&#8243; custom_padding=&#8220;0px|0px|0px|0px&#8220;][et_pb_row column_structure=&#8220;1_2,1_2&#8243; use_custom_gutter=&#8220;on&#8220; gutter_width=&#8220;1&#8243; admin_label=&#8220;Intro Row&#8220; module_class=&#8220; et_pb_row_fullwidth&#8220; _builder_version=&#8220;3.25&#8243; width=&#8220;100%&#8220; width_tablet=&#8220;100%&#8220; width_phone=&#8220;&#8220; width_last_edited=&#8220;on|desktop&#8220; max_width=&#8220;100%&#8220; max_width_tablet=&#8220;100%&#8220; max_width_phone=&#8220;&#8220; max_width_last_edited=&#8220;on|desktop&#8220; custom_margin=&#8220;|||&#8220; custom_padding=&#8220;0px||0px|&#8220; make_fullwidth=&#8220;on&#8220;][et_pb_column type=&#8220;1_2&#8243; _builder_version=&#8220;3.25&#8243; background_color=&#8220;#ffffff&#8220; custom_padding=&#8220;100px|60px|100px|60px&#8220; custom_padding__hover=&#8220;|||&#8220;][et_pb_text admin_label=&#8220;Title &#038; Paragraph&#8220; _builder_version=&#8220;4.5.0&#8243; text_font=&#8220;Muli||||||||&#8220; text_text_color=&#8220;#1b1919&#8243; text_font_size=&#8220;15px&#8220; text_line_height=&#8220;1.8em&#8220; header_font=&#8220;||||||||&#8220; header_2_font=&#8220;Muli|700|||||||&#8220; header_2_font_size=&#8220;50px&#8220; header_2_line_height=&#8220;1.4em&#8220; max_width=&#8220;600px&#8220; max_width_tablet=&#8220;&#8220; max_width_phone=&#8220;&#8220; max_width_last_edited=&#8220;on|phone&#8220; module_alignment=&#8220;right&#8220; custom_margin=&#8220;|||&#8220; custom_padding=&#8220;|||&#8220; custom_padding_last_edited=&#8220;off|desktop&#8220; header_2_font_size_tablet=&#8220;&#8220; header_2_font_size_phone=&#8220;40px&#8220; header_2_font_size_last_edited=&#8220;on|desktop&#8220;]<\/p>\n<h2>Na\u0161i dodavatel\u00e9<\/h2>\n<p><span class=\"Apple-converted-space\"><\/span><\/p>\n<p>[\/et_pb_text][et_pb_text admin_label=&#8220;Title &#038; Paragraph&#8220; _builder_version=&#8220;4.5.0&#8243; text_font=&#8220;Muli||||||||&#8220; text_text_color=&#8220;#1b1919&#8243; text_font_size=&#8220;15px&#8220; text_line_height=&#8220;1.8em&#8220; header_font=&#8220;||||||||&#8220; header_2_font=&#8220;Muli|700|||||||&#8220; header_2_font_size=&#8220;50px&#8220; header_2_line_height=&#8220;1.4em&#8220; max_width=&#8220;600px&#8220; max_width_tablet=&#8220;&#8220; max_width_phone=&#8220;&#8220; max_width_last_edited=&#8220;on|phone&#8220; module_alignment=&#8220;right&#8220; custom_margin=&#8220;|||&#8220; custom_padding=&#8220;|||&#8220; custom_padding_last_edited=&#8220;off|desktop&#8220; hover_enabled=&#8220;0&#8243; header_2_font_size_tablet=&#8220;&#8220; header_2_font_size_phone=&#8220;40px&#8220; header_2_font_size_last_edited=&#8220;on|desktop&#8220;]<\/p>\n<h3><a href=\"http:\/\/capital-flooring.cz\/\" target=\"_blank\" rel=\"noopener noreferrer\"><strong><img loading=\"lazy\" decoding=\"async\" src=\"https:\/\/www.rudan.cz\/wp-content\/uploads\/2021\/02\/capital-collection.png\" width=\"122\" height=\"61\" alt=\"\" class=\"wp-image-1035 alignnone size-full\" \/><\/strong><\/a><\/h3>\n<p>Kolekce kobercov\u00fdch \u010dtverc\u016f od v\u00fdznamn\u00fdch evropsk\u00fdch v\u00fdrobc\u016f pod vlastn\u00ed zna\u010dkou Capital.<span class=\"Apple-converted-space\">\u00a0<\/span><\/p>\n<p>[\/et_pb_text][et_pb_text admin_label=&#8220;Title &#038; Paragraph&#8220; _builder_version=&#8220;4.5.0&#8243; text_font=&#8220;Muli||||||||&#8220; text_text_color=&#8220;#1b1919&#8243; text_font_size=&#8220;15px&#8220; text_line_height=&#8220;1.8em&#8220; header_font=&#8220;||||||||&#8220; header_2_font=&#8220;Muli|700|||||||&#8220; header_2_font_size=&#8220;50px&#8220; header_2_line_height=&#8220;1.4em&#8220; max_width=&#8220;600px&#8220; max_width_tablet=&#8220;&#8220; max_width_phone=&#8220;&#8220; max_width_last_edited=&#8220;on|phone&#8220; module_alignment=&#8220;right&#8220; custom_margin=&#8220;|||&#8220; custom_padding=&#8220;|||&#8220; custom_padding_last_edited=&#8220;off|desktop&#8220; hover_enabled=&#8220;0&#8243; header_2_font_size_tablet=&#8220;&#8220; header_2_font_size_phone=&#8220;40px&#8220; header_2_font_size_last_edited=&#8220;on|desktop&#8220;]<\/p>\n<h3><a href=\"https:\/\/en.marlincontract.com\" target=\"_blank\" rel=\"noopener noreferrer\"><img loading=\"lazy\" decoding=\"async\" src=\"https:\/\/www.rudan.cz\/\/wp-content\/uploads\/2020\/07\/marlin-contract.png\" width=\"100\" height=\"50\" alt=\"\" class=\"wp-image-203 alignnone size-full\" \/><\/a><\/h3>\n<p>Kobercov\u00e9 \u010dtverce ve standardn\u00edch rozm\u011brech a ve speci\u00e1ln\u00edch tvarech v \u0161irok\u00e9 \u0161k\u00e1le barev.<\/p>\n<p>[\/et_pb_text][\/et_pb_column][et_pb_column type=&#8220;1_2&#8243; _builder_version=&#8220;3.25&#8243; custom_padding=&#8220;|||&#8220; custom_padding__hover=&#8220;|||&#8220;][et_pb_slider _builder_version=&#8220;4.5.0&#8243; _module_preset=&#8220;default&#8220; background_enable_image=&#8220;off&#8220;][et_pb_slide _builder_version=&#8220;4.5.0&#8243; _module_preset=&#8220;default&#8220; background_image=&#8220;https:\/\/www.rudan.cz\/\/wp-content\/uploads\/2020\/07\/NED-Shapes-Triangle-Marlin-1-1.jpg&#8220; background_enable_image=&#8220;on&#8220; custom_padding=&#8220;40%||40%||true|false&#8220;][\/et_pb_slide][et_pb_slide _builder_version=&#8220;4.5.0&#8243; _module_preset=&#8220;default&#8220; background_image=&#8220;https:\/\/www.rudan.cz\/\/wp-content\/uploads\/2020\/07\/V\u017est\u017ci\u00dfek-1.jpg&#8220; background_enable_image=&#8220;on&#8220; custom_padding=&#8220;40%||40%||true|false&#8220;][\/et_pb_slide][et_pb_slide _builder_version=&#8220;4.5.0&#8243; _module_preset=&#8220;default&#8220; background_image=&#8220;https:\/\/www.rudan.cz\/\/wp-content\/uploads\/2020\/07\/NED-Shapes-Hexagon-Marlin-9-rotated.jpg&#8220; background_enable_image=&#8220;on&#8220; custom_padding=&#8220;40%||40%||true|false&#8220;][\/et_pb_slide][et_pb_slide _builder_version=&#8220;4.5.0&#8243; _module_preset=&#8220;default&#8220; background_image=&#8220;https:\/\/www.rudan.cz\/\/wp-content\/uploads\/2020\/07\/NED-Shapes-Hexagon-Marlin-4-1.jpg&#8220; background_enable_image=&#8220;on&#8220; custom_padding=&#8220;40%||40%||true|false&#8220;][\/et_pb_slide][\/et_pb_slider][\/et_pb_column][\/et_pb_row][\/et_pb_section][et_pb_section fb_built=&#8220;1&#8243; admin_label=&#8220;Services Section&#8220; _builder_version=&#8220;4.5.0&#8243; use_background_color_gradient=&#8220;on&#8220; background_color_gradient_start=&#8220;#ffffff&#8220; background_color_gradient_end=&#8220;rgba(255,255,255,0)&#8220; background_color_gradient_overlays_image=&#8220;on&#8220; background_enable_image=&#8220;off&#8220; background_position=&#8220;bottom_right&#8220; custom_padding=&#8220;|0px|100px|0px|false|false&#8220; locked=&#8220;off&#8220;][et_pb_row column_structure=&#8220;1_4,1_4,1_2&#8243; use_custom_gutter=&#8220;on&#8220; gutter_width=&#8220;2&#8243; admin_label=&#8220;Services Row&#8220; _builder_version=&#8220;3.25&#8243; custom_padding=&#8220;|||&#8220;][et_pb_column type=&#8220;1_4&#8243; _builder_version=&#8220;3.25&#8243; custom_padding=&#8220;|||&#8220; custom_padding__hover=&#8220;|||&#8220;][et_pb_blurb title=&#8220;Kusov\u00e9 koberce&#8220; url=&#8220;https:\/\/www.rudan.cz\/\/kusove-koberce\/&#8220; admin_label=&#8220;Service&#8220; _builder_version=&#8220;4.5.0&#8243; header_font=&#8220;Muli|700|||||||&#8220; header_text_align=&#8220;center&#8220; header_font_size=&#8220;20px&#8220; header_line_height=&#8220;1.4em&#8220; body_font=&#8220;Muli|600|||||||&#8220; body_text_color=&#8220;#ffffff&#8220; body_font_size=&#8220;16px&#8220; background_color=&#8220;#91802f&#8220; text_orientation=&#8220;center&#8220; background_layout=&#8220;dark&#8220; custom_margin=&#8220;|||&#8220; custom_padding=&#8220;50px|30px|50px|30px&#8220; box_shadow_style=&#8220;preset1&#8243;]<\/p>\n<p>Chcete doladit sv\u016fj interi\u00e9r k dokonalosti? Kusov\u00fd koberec je to prav\u00e9.<\/p>\n<p>[\/et_pb_blurb][et_pb_blurb title=&#8220;Vinylov\u00e1 podlaha&#8220; url=&#8220;https:\/\/www.rudan.cz\/\/vinylove-podlahy\/&#8220; admin_label=&#8220;Service&#8220; _builder_version=&#8220;4.5.0&#8243; header_font=&#8220;Muli|700|||||||&#8220; header_text_align=&#8220;center&#8220; header_text_color=&#8220; c&#8220; header_font_size=&#8220;20px&#8220; header_line_height=&#8220;1.4em&#8220; body_font=&#8220;Muli|600|||||||&#8220; body_text_color=&#8220; c&#8220; body_font_size=&#8220;16px&#8220; background_color=&#8220;#ffffff&#8220; text_orientation=&#8220;center&#8220; custom_margin=&#8220;30px|||&#8220; custom_margin_tablet=&#8220;60px|||&#8220; custom_margin_phone=&#8220;&#8220; custom_margin_last_edited=&#8220;on|phone&#8220; custom_padding=&#8220;50px|30px|50px|30px&#8220; box_shadow_style=&#8220;preset1&#8243;]<\/p>\n<p>Jste sp\u00ed\u0161e pro &#8222;hladk\u00e9&#8220; podlahy? Vinylov\u00e1 podlaha je to prav\u00e9 pro v\u00e1s.<\/p>\n<p>[\/et_pb_blurb][\/et_pb_column][et_pb_column type=&#8220;1_4&#8243; _builder_version=&#8220;3.25&#8243; custom_padding=&#8220;|||&#8220; custom_padding__hover=&#8220;|||&#8220;][et_pb_blurb title=&#8220;Koberce v rol\u00edch&#8220; url=&#8220;https:\/\/www.rudan.cz\/\/koberce-v-rolich\/&#8220; admin_label=&#8220;Service&#8220; _builder_version=&#8220;4.5.0&#8243; header_font=&#8220;Muli|700|||||||&#8220; header_text_align=&#8220;center&#8220; header_font_size=&#8220;20px&#8220; header_line_height=&#8220;1.4em&#8220; body_font=&#8220;Muli|600|||||||&#8220; body_text_color=&#8220;#ffffff&#8220; body_font_size=&#8220;16px&#8220; background_color=&#8220;#1b1919&#8243; text_orientation=&#8220;center&#8220; background_layout=&#8220;dark&#8220; custom_margin=&#8220;150px||||false|false&#8220; custom_margin_tablet=&#8220;&#8220; custom_margin_phone=&#8220;20px||||false|false&#8220; custom_margin_last_edited=&#8220;on|tablet&#8220; custom_padding=&#8220;50px|30px|50px|30px&#8220; box_shadow_style=&#8220;preset1&#8243; locked=&#8220;off&#8220;]<\/p>\n<p>Koberce do komer\u010dn\u00edch i reziden\u010dn\u00edch prostor. Vyberte si ze \u0161irok\u00e9 nab\u00eddky p\u0159esn\u011b to, co pot\u0159ebujete.\u00a0<\/p>\n<p>[\/et_pb_blurb][\/et_pb_column][et_pb_column type=&#8220;1_2&#8243; _builder_version=&#8220;3.25&#8243; custom_padding=&#8220;|||&#8220; custom_padding__hover=&#8220;|||&#8220;][et_pb_text admin_label=&#8220;Title&#8220; _builder_version=&#8220;4.5.0&#8243; text_font=&#8220;Muli|600|||||||&#8220; text_text_color=&#8220;#737373&#8243; text_font_size=&#8220;18px&#8220; header_font=&#8220;||||||||&#8220; header_2_font=&#8220;Muli|700|||||||&#8220; header_2_font_size=&#8220;30px&#8220; header_2_line_height=&#8220;1.4em&#8220; max_width_last_edited=&#8220;off|desktop&#8220; custom_margin=&#8220;220px|||&#8220; custom_margin_tablet=&#8220;50px||||false|false&#8220; custom_margin_phone=&#8220;30px||||false|false&#8220; custom_margin_last_edited=&#8220;on|tablet&#8220; custom_padding=&#8220;|||&#8220; custom_padding_last_edited=&#8220;off|desktop&#8220; header_2_font_size_tablet=&#8220;&#8220; header_2_font_size_phone=&#8220;40px&#8220; header_2_font_size_last_edited=&#8220;on|phone&#8220;]<\/p>\n<h2>Nena\u0161li jste to, co hled\u00e1te?<\/h2>\n<p>Pod\u00edvejte se do nab\u00eddky dal\u0161\u00edch typ\u016f podlah a nebo n\u00e1s kontaktujte<\/p>\n<p>[\/et_pb_text][et_pb_button button_url=&#8220;https:\/\/www.rudan.cz\/\/kontakt\/&#8220; button_text=&#8220;Kontaktujte n\u00e1s&#8220; button_alignment=&#8220;left&#8220; _builder_version=&#8220;4.5.0&#8243; custom_button=&#8220;on&#8220; button_text_size=&#8220;16px&#8220; button_text_color=&#8220;#ffffff&#8220; button_bg_color=&#8220;#91802f&#8220; button_border_width=&#8220;10px&#8220; button_border_color=&#8220;rgba(0,0,0,0)&#8220; button_border_radius=&#8220;0px&#8220; button_font=&#8220;Muli|700||on|||||&#8220; button_use_icon=&#8220;off&#8220; custom_margin=&#8220;|||&#8220; custom_margin_tablet=&#8220;30px|||0px&#8220; custom_margin_phone=&#8220;&#8220; custom_margin_last_edited=&#8220;on|phone&#8220; custom_padding=&#8220;|||&#8220; button_border_radius_hover=&#8220;0px&#8220; button_text_size__hover_enabled=&#8220;off&#8220; button_one_text_size__hover_enabled=&#8220;off&#8220; button_two_text_size__hover_enabled=&#8220;off&#8220; button_text_color__hover_enabled=&#8220;off&#8220; button_one_text_color__hover_enabled=&#8220;off&#8220; button_two_text_color__hover_enabled=&#8220;off&#8220; button_border_width__hover_enabled=&#8220;off&#8220; button_one_border_width__hover_enabled=&#8220;off&#8220; button_two_border_width__hover_enabled=&#8220;off&#8220; button_border_color__hover_enabled=&#8220;off&#8220; button_one_border_color__hover_enabled=&#8220;off&#8220; button_two_border_color__hover_enabled=&#8220;off&#8220; button_border_radius__hover_enabled=&#8220;on&#8220; button_border_radius__hover=&#8220;0px&#8220; button_one_border_radius__hover_enabled=&#8220;off&#8220; button_two_border_radius__hover_enabled=&#8220;off&#8220; button_letter_spacing__hover_enabled=&#8220;off&#8220; button_one_letter_spacing__hover_enabled=&#8220;off&#8220; button_two_letter_spacing__hover_enabled=&#8220;off&#8220; button_bg_color__hover_enabled=&#8220;off&#8220; button_one_bg_color__hover_enabled=&#8220;off&#8220; button_two_bg_color__hover_enabled=&#8220;off&#8220;][\/et_pb_button][\/et_pb_column][\/et_pb_row][\/et_pb_section]<\/p>\n","protected":false},"excerpt":{"rendered":"<p>Nechcete m\u00edt v kancel\u00e1\u0159i \u010di jin\u00e9m prostoru jednobarevn\u00fd a &#8222;nudn\u00fd&#8220; koberec? Vyzkou\u0161ejte kobercov\u00e9 \u010dtverce.Kobercov\u00e9 \u010dtverce jsou kv\u016fli sv\u00e9 vysok\u00e9 z\u00e1t\u011b\u017ei vhodn\u00e9 zejm\u00e9na do komer\u010dn\u00edch prostor. Umo\u017e\u0148uj\u00ed v\u0161ak d\u00edky mo\u017enosti kombinac\u00ed barev a tvar\u016f pou\u017eit\u00ed i v bytov\u00fdch projektech. Nab\u00edz\u00edme kobercov\u00e9 d\u00edlce v r\u016fzn\u00fdch proveden\u00edch, p\u0159esto\u017ee se produkt jmenuje &#8222;kobercov\u00e9 \u010dtverce&#8220; na obr\u00e1zc\u00edch m\u016f\u017eete vid\u011bt, \u017ee [&hellip;]<\/p>\n","protected":false},"author":1,"featured_media":0,"parent":0,"menu_order":0,"comment_status":"closed","ping_status":"closed","template":"","meta":{"_et_pb_use_builder":"on","_et_pb_old_content":"","_et_gb_content_width":"","footnotes":""},"class_list":["post-146","page","type-page","status-publish","hentry"],"_links":{"self":[{"href":"https:\/\/www.rudan.cz\/cs\/wp-json\/wp\/v2\/pages\/146","targetHints":{"allow":["GET"]}}],"collection":[{"href":"https:\/\/www.rudan.cz\/cs\/wp-json\/wp\/v2\/pages"}],"about":[{"href":"https:\/\/www.rudan.cz\/cs\/wp-json\/wp\/v2\/types\/page"}],"author":[{"embeddable":true,"href":"https:\/\/www.rudan.cz\/cs\/wp-json\/wp\/v2\/users\/1"}],"replies":[{"embeddable":true,"href":"https:\/\/www.rudan.cz\/cs\/wp-json\/wp\/v2\/comments?post=146"}],"version-history":[{"count":16,"href":"https:\/\/www.rudan.cz\/cs\/wp-json\/wp\/v2\/pages\/146\/revisions"}],"predecessor-version":[{"id":1045,"href":"https:\/\/www.rudan.cz\/cs\/wp-json\/wp\/v2\/pages\/146\/revisions\/1045"}],"wp:attachment":[{"href":"https:\/\/www.rudan.cz\/cs\/wp-json\/wp\/v2\/media?parent=146"}],"curies":[{"name":"wp","href":"https:\/\/api.w.org\/{rel}","templated":true}]}}