{"id":173,"date":"2020-07-21T15:52:08","date_gmt":"2020-07-21T13:52:08","guid":{"rendered":"https:\/\/www.rudan.cz\/\/?page_id=173"},"modified":"2020-09-01T12:27:44","modified_gmt":"2020-09-01T10:27:44","slug":"loose-lay-pvc-vinyl","status":"publish","type":"page","link":"https:\/\/www.rudan.cz\/cs\/loose-lay-pvc-vinyl\/","title":{"rendered":"Loose lay"},"content":{"rendered":"<p>[et_pb_section fb_built=&#8220;1&#8243; admin_label=&#8220;Header Section&#8220; _builder_version=&#8220;4.5.0&#8243; use_background_color_gradient=&#8220;on&#8220; background_color_gradient_start=&#8220;#ffffff&#8220; background_color_gradient_end=&#8220;rgba(255,255,255,0)&#8220; background_color_gradient_overlays_image=&#8220;on&#8220; background_image=&#8220;https:\/\/www.rudan.cz\/\/wp-content\/uploads\/2020\/07\/loose-lay.jpg&#8220; custom_padding=&#8220;||0px||false|false&#8220;][et_pb_row admin_label=&#8220;Header Row&#8220; _builder_version=&#8220;4.5.0&#8243; custom_margin=&#8220;5%||5%||false|false&#8220; custom_padding=&#8220;|||&#8220;][et_pb_column type=&#8220;4_4&#8243; _builder_version=&#8220;3.25&#8243; custom_padding=&#8220;|||&#8220; custom_padding__hover=&#8220;|||&#8220;][et_pb_cta title=&#8220;Loose Lay&#8220; button_url=&#8220;#&#8220; admin_label=&#8220;Heading, Subheading &#038; Button&#8220; _builder_version=&#8220;4.5.0&#8243; header_level=&#8220;h1&#8243; header_font=&#8220;Muli|700|||||||&#8220; header_font_size=&#8220;65px&#8220; header_line_height=&#8220;1.4em&#8220; body_font=&#8220;Muli|600|||||||&#8220; body_font_size=&#8220;18px&#8220; body_line_height=&#8220;1.8em&#8220; use_background_color=&#8220;off&#8220; custom_button=&#8220;on&#8220; button_text_size=&#8220;16px&#8220; button_text_color=&#8220;#ffffff&#8220; button_bg_color=&#8220;#f4583f&#8220; button_border_width=&#8220;10px&#8220; button_border_color=&#8220;rgba(244,88,63,0)&#8220; button_border_radius=&#8220;0px&#8220; button_font=&#8220;Muli|700|||||||&#8220; button_use_icon=&#8220;off&#8220; background_layout=&#8220;light&#8220; max_width=&#8220;800px&#8220; module_alignment=&#8220;center&#8220; custom_margin=&#8220;|||&#8220; custom_margin_tablet=&#8220;3vw||3vw|&#8220; custom_margin_phone=&#8220;|||&#8220; custom_margin_last_edited=&#8220;off|desktop&#8220; animation_style=&#8220;fade&#8220; header_font_size_tablet=&#8220;&#8220; header_font_size_phone=&#8220;50px&#8220; header_font_size_last_edited=&#8220;on|phone&#8220; button_text_color_hover=&#8220;#ffffff&#8220; button_border_color_hover=&#8220;rgba(244,88,63,0)&#8220; button_border_radius_hover=&#8220;0px&#8220; button_bg_color_hover=&#8220;#f4583f&#8220; button_text_size__hover_enabled=&#8220;off&#8220; button_one_text_size__hover_enabled=&#8220;off&#8220; button_two_text_size__hover_enabled=&#8220;off&#8220; button_text_color__hover_enabled=&#8220;on&#8220; button_text_color__hover=&#8220;#ffffff&#8220; button_one_text_color__hover_enabled=&#8220;off&#8220; button_two_text_color__hover_enabled=&#8220;off&#8220; button_border_width__hover_enabled=&#8220;off&#8220; button_one_border_width__hover_enabled=&#8220;off&#8220; button_two_border_width__hover_enabled=&#8220;off&#8220; button_border_color__hover_enabled=&#8220;on&#8220; button_border_color__hover=&#8220;rgba(244,88,63,0)&#8220; button_one_border_color__hover_enabled=&#8220;off&#8220; button_two_border_color__hover_enabled=&#8220;off&#8220; button_border_radius__hover_enabled=&#8220;on&#8220; button_border_radius__hover=&#8220;0px&#8220; button_one_border_radius__hover_enabled=&#8220;off&#8220; button_two_border_radius__hover_enabled=&#8220;off&#8220; button_letter_spacing__hover_enabled=&#8220;off&#8220; button_one_letter_spacing__hover_enabled=&#8220;off&#8220; button_two_letter_spacing__hover_enabled=&#8220;off&#8220; button_bg_color__hover_enabled=&#8220;on&#8220; button_bg_color__hover=&#8220;#f4583f&#8220; button_one_bg_color__hover_enabled=&#8220;off&#8220; button_two_bg_color__hover_enabled=&#8220;off&#8220;][\/et_pb_cta][\/et_pb_column][\/et_pb_row][et_pb_row column_structure=&#8220;1_2,1_2&#8243; use_custom_gutter=&#8220;on&#8220; gutter_width=&#8220;1&#8243; admin_label=&#8220;Service Row&#8220; module_class=&#8220; et_pb_row_fullwidth&#8220; _builder_version=&#8220;4.5.0&#8243; width=&#8220;100%&#8220; width_tablet=&#8220;100%&#8220; width_phone=&#8220;&#8220; width_last_edited=&#8220;on|desktop&#8220; max_width=&#8220;100%&#8220; max_width_tablet=&#8220;100%&#8220; max_width_phone=&#8220;&#8220; max_width_last_edited=&#8220;on|desktop&#8220; custom_margin=&#8220;|||&#8220; custom_padding=&#8220;0px||0px||false|false&#8220; make_fullwidth=&#8220;on&#8220;][et_pb_column type=&#8220;1_2&#8243; _builder_version=&#8220;4.5.0&#8243; background_color=&#8220;#ffffff&#8220; custom_padding=&#8220;100px|60px|100px|60px&#8220; background_last_edited=&#8220;on|tablet&#8220; background_enable_color_tablet=&#8220;off&#8220; background_enable_color_phone=&#8220;off&#8220; custom_padding__hover=&#8220;|||&#8220;][et_pb_text admin_label=&#8220;Title &#038; Paragraph&#8220; _builder_version=&#8220;4.5.0&#8243; text_font=&#8220;Muli||||||||&#8220; text_text_color=&#8220;#1b1919&#8243; text_font_size=&#8220;15px&#8220; text_line_height=&#8220;1.8em&#8220; header_font=&#8220;||||||||&#8220; header_2_font=&#8220;Muli|700|||||||&#8220; header_2_font_size=&#8220;35px&#8220; header_2_line_height=&#8220;1.4em&#8220; max_width=&#8220;600px&#8220; max_width_tablet=&#8220;&#8220; max_width_phone=&#8220;&#8220; max_width_last_edited=&#8220;on|phone&#8220; module_alignment=&#8220;right&#8220; custom_margin=&#8220;|||&#8220; custom_padding=&#8220;|||&#8220; custom_padding_last_edited=&#8220;off|desktop&#8220; header_2_font_size_tablet=&#8220;&#8220; header_2_font_size_phone=&#8220;25px&#8220; header_2_font_size_last_edited=&#8220;on|desktop&#8220;]<\/p>\n<h2><span>Snadn\u00e1 v\u00fdm\u011bna, mont\u00e1\u017e i demont\u00e1\u017e. I<\/span><span>nstalujte novou podlahu bez pou\u017eit\u00ed lepidla.\u00a0<\/span><\/h2>\n<p>[\/et_pb_text][\/et_pb_column][et_pb_column type=&#8220;1_2&#8243; _builder_version=&#8220;3.25&#8243; custom_padding=&#8220;|||&#8220; custom_padding__hover=&#8220;|||&#8220;][\/et_pb_column][\/et_pb_row][\/et_pb_section][et_pb_section fb_built=&#8220;1&#8243; admin_label=&#8220;Service Section&#8220; _builder_version=&#8220;4.5.0&#8243; use_background_color_gradient=&#8220;on&#8220; background_color_gradient_start=&#8220;#ffffff&#8220; background_color_gradient_end=&#8220;rgba(255,255,255,0)&#8220; background_color_gradient_end_position=&#8220;25%&#8220; background_color_gradient_overlays_image=&#8220;on&#8220; background_image=&#8220;https:\/\/www.rudan.cz\/\/wp-content\/uploads\/2020\/07\/Ambiente-6943-Tajima.jpg&#8220; custom_padding=&#8220;0px|0px|0px|0px&#8220; background_last_edited=&#8220;on|tablet&#8220; background_enable_image_tablet=&#8220;off&#8220; background_enable_image_phone=&#8220;off&#8220;][et_pb_row column_structure=&#8220;1_2,1_2&#8243; use_custom_gutter=&#8220;on&#8220; gutter_width=&#8220;1&#8243; admin_label=&#8220;Service Row&#8220; module_class=&#8220; et_pb_row_fullwidth&#8220; _builder_version=&#8220;4.5.0&#8243; width=&#8220;100%&#8220; width_tablet=&#8220;100%&#8220; width_phone=&#8220;&#8220; width_last_edited=&#8220;on|desktop&#8220; max_width=&#8220;100%&#8220; max_width_tablet=&#8220;100%&#8220; max_width_phone=&#8220;&#8220; max_width_last_edited=&#8220;on|desktop&#8220; custom_margin=&#8220;|||&#8220; custom_padding=&#8220;0px|0px|0px|0px&#8220; make_fullwidth=&#8220;on&#8220;][et_pb_column type=&#8220;1_2&#8243; _builder_version=&#8220;3.25&#8243; custom_padding=&#8220;|||&#8220; custom_padding_tablet=&#8220;200px|||&#8220; custom_padding_phone=&#8220;&#8220; custom_padding_last_edited=&#8220;on|tablet&#8220; padding_tablet=&#8220;200px|||&#8220; padding_last_edited=&#8220;on|tablet&#8220; custom_padding__hover=&#8220;|||&#8220;][\/et_pb_column][et_pb_column type=&#8220;1_2&#8243; _builder_version=&#8220;4.5.0&#8243; background_color=&#8220;#91802f&#8220; custom_padding=&#8220;100px|60px|100px|60px&#8220; custom_padding_tablet=&#8220;&#8220; custom_padding_phone=&#8220;30px|60px|30px|60px|false|false&#8220; custom_padding_last_edited=&#8220;on|tablet&#8220; custom_padding__hover=&#8220;|||&#8220;][et_pb_text admin_label=&#8220;Title &#038; Paragraph&#8220; _builder_version=&#8220;4.5.0&#8243; text_font=&#8220;Muli|600|||||||&#8220; text_font_size=&#8220;15px&#8220; text_line_height=&#8220;1.8em&#8220; header_font=&#8220;||||||||&#8220; header_2_font=&#8220;Muli|700|||||||&#8220; header_2_font_size=&#8220;50px&#8220; header_2_line_height=&#8220;1.4em&#8220; background_layout=&#8220;dark&#8220; max_width=&#8220;600px&#8220; max_width_tablet=&#8220;&#8220; max_width_phone=&#8220;&#8220; max_width_last_edited=&#8220;on|phone&#8220; module_alignment=&#8220;left&#8220; custom_margin=&#8220;|||&#8220; custom_margin_phone=&#8220;|||&#8220; custom_margin_last_edited=&#8220;off|desktop&#8220; custom_padding=&#8220;|||&#8220; custom_padding_tablet=&#8220;|||&#8220; custom_padding_phone=&#8220;|||&#8220; custom_padding_last_edited=&#8220;off|desktop&#8220; header_2_font_size_tablet=&#8220;&#8220; header_2_font_size_phone=&#8220;40px&#8220; header_2_font_size_last_edited=&#8220;on|phone&#8220;]<\/p>\n<p style=\"text-align: justify;\"><span>Samole\u017e\u00edc\u00ed loose-lay vinylov\u00e9 podlahy se dod\u00e1vaj\u00ed i se z\u00e1mkov\u00fdm \u201epuzzle\u201c syst\u00e9mem. V tomto p\u0159\u00edpad\u011b se d\u00edlce nelep\u00ed na podklad, ale zaklik\u00e1vaj\u00ed se do sebe pomoc\u00ed z\u00e1mkov\u00e9ho syst\u00e9mu. Toto proveden\u00ed je vzhledem ke sv\u00e9 vysok\u00e9 z\u00e1t\u011b\u017ei vhodn\u00e9 do skladovac\u00edch, v\u00fdrobn\u00edch \u010di pr\u016fmyslov\u00fdch prostor.<\/span><\/p>\n<p style=\"text-align: justify;\"><span>Doporu\u010duje se pokl\u00e1dka na fixa\u010dn\u00ed lepidlo<b>.\u00a0<\/b>Samole\u017e\u00edc\u00ed vinylov\u00e1 podlaha Contract SL d\u00edky patentovan\u00e9 rubov\u00e9 \u00faprav\u011b vyrovn\u00e1v\u00e1 minim\u00e1ln\u00ed v\u00fd\u0161kov\u00e9 rozd\u00edly podkladov\u00e9 vrstvy a je mo\u017en\u00e9 j\u00ed instalovat na podklady s\u00a0vlhkost\u00ed do 8 %. <\/span><\/p>\n<p>[\/et_pb_text][\/et_pb_column][\/et_pb_row][\/et_pb_section][et_pb_section fb_built=&#8220;1&#8243; admin_label=&#8220;Intro Section&#8220; _builder_version=&#8220;3.22&#8243; custom_padding=&#8220;0px|0px|0px|0px&#8220;][et_pb_row column_structure=&#8220;1_2,1_2&#8243; use_custom_gutter=&#8220;on&#8220; gutter_width=&#8220;1&#8243; admin_label=&#8220;Intro Row&#8220; module_class=&#8220; et_pb_row_fullwidth&#8220; _builder_version=&#8220;3.25&#8243; width=&#8220;100%&#8220; width_tablet=&#8220;100%&#8220; width_phone=&#8220;&#8220; width_last_edited=&#8220;on|desktop&#8220; max_width=&#8220;100%&#8220; max_width_tablet=&#8220;100%&#8220; max_width_phone=&#8220;&#8220; max_width_last_edited=&#8220;on|desktop&#8220; custom_margin=&#8220;|||&#8220; custom_padding=&#8220;0px||0px|&#8220; make_fullwidth=&#8220;on&#8220;][et_pb_column type=&#8220;1_2&#8243; _builder_version=&#8220;3.25&#8243; background_color=&#8220;#ffffff&#8220; custom_padding=&#8220;100px|60px|100px|60px&#8220; custom_padding__hover=&#8220;|||&#8220;][et_pb_text admin_label=&#8220;Title &#038; Paragraph&#8220; _builder_version=&#8220;4.5.0&#8243; text_font=&#8220;Muli||||||||&#8220; text_text_color=&#8220;#1b1919&#8243; text_font_size=&#8220;15px&#8220; text_line_height=&#8220;1.8em&#8220; header_font=&#8220;||||||||&#8220; header_2_font=&#8220;Muli|700|||||||&#8220; header_2_font_size=&#8220;50px&#8220; header_2_line_height=&#8220;1.4em&#8220; max_width=&#8220;600px&#8220; max_width_tablet=&#8220;&#8220; max_width_phone=&#8220;&#8220; max_width_last_edited=&#8220;on|phone&#8220; module_alignment=&#8220;right&#8220; custom_margin=&#8220;|||&#8220; custom_padding=&#8220;|||&#8220; custom_padding_last_edited=&#8220;off|desktop&#8220; header_2_font_size_tablet=&#8220;&#8220; header_2_font_size_phone=&#8220;40px&#8220; header_2_font_size_last_edited=&#8220;on|desktop&#8220;]<\/p>\n<h2>Na\u0161i dodavatel\u00e9<\/h2>\n<p>[\/et_pb_text][et_pb_text admin_label=&#8220;Title &#038; Paragraph&#8220; _builder_version=&#8220;4.5.0&#8243; text_font=&#8220;Muli||||||||&#8220; text_text_color=&#8220;#1b1919&#8243; text_font_size=&#8220;15px&#8220; text_line_height=&#8220;1.8em&#8220; header_font=&#8220;||||||||&#8220; header_2_font=&#8220;Muli|700|||||||&#8220; header_2_font_size=&#8220;50px&#8220; header_2_line_height=&#8220;1.4em&#8220; max_width=&#8220;600px&#8220; max_width_tablet=&#8220;&#8220; max_width_phone=&#8220;&#8220; max_width_last_edited=&#8220;on|phone&#8220; module_alignment=&#8220;right&#8220; custom_margin=&#8220;|||&#8220; custom_padding=&#8220;|||&#8220; custom_padding_last_edited=&#8220;off|desktop&#8220; hover_enabled=&#8220;0&#8243; header_2_font_size_tablet=&#8220;&#8220; header_2_font_size_phone=&#8220;40px&#8220; header_2_font_size_last_edited=&#8220;on|desktop&#8220; locked=&#8220;off&#8220;]<\/p>\n<p><a href=\"https:\/\/www.tajima-europe.com\/home\/\" target=\"_blank\" rel=\"noopener noreferrer\"><img loading=\"lazy\" decoding=\"async\" src=\"https:\/\/www.rudan.cz\/\/wp-content\/uploads\/2020\/08\/Mal\u00e1-tajima.png\" width=\"100\" height=\"50\" alt=\"\" class=\"wp-image-428 alignnone size-full\" \/><\/a><\/p>\n<p>Tajima je nejv\u011bt\u0161\u00ed japonsk\u00fd v\u00fdrobce kome\u010dn\u00edch PVC podlahovin. V\u00fdrobky ur\u010den\u00e9 pro evropsk\u00fd trh jsou v Evrop\u011b v dostate\u010dn\u00e9m mno\u017estv\u00ed skladem okam\u017eit\u011b k dod\u00e1n\u00ed.<span class=\"Apple-converted-space\">\u00a0<\/span><\/p>\n<p>[\/et_pb_text][\/et_pb_column][et_pb_column type=&#8220;1_2&#8243; _builder_version=&#8220;3.25&#8243; custom_padding=&#8220;|||&#8220; custom_padding__hover=&#8220;|||&#8220;][et_pb_slider _builder_version=&#8220;4.5.0&#8243; _module_preset=&#8220;default&#8220; background_enable_image=&#8220;off&#8220;][et_pb_slide _builder_version=&#8220;4.5.0&#8243; _module_preset=&#8220;default&#8220; background_image=&#8220;https:\/\/www.rudan.cz\/\/wp-content\/uploads\/2020\/07\/Sn\u00edmek-obrazovky-2020-07-24-v-13.51.50.png&#8220; background_enable_image=&#8220;on&#8220; custom_padding=&#8220;40%||40%||true|false&#8220;][\/et_pb_slide][et_pb_slide _builder_version=&#8220;4.5.0&#8243; _module_preset=&#8220;default&#8220; background_image=&#8220;https:\/\/www.rudan.cz\/\/wp-content\/uploads\/2020\/07\/Sn\u00edmek-obrazovky-2020-07-24-v-13.51.33.png&#8220; background_enable_image=&#8220;on&#8220; custom_padding=&#8220;40%||40%||true|false&#8220;][\/et_pb_slide][et_pb_slide _builder_version=&#8220;4.5.0&#8243; _module_preset=&#8220;default&#8220; background_image=&#8220;https:\/\/www.rudan.cz\/\/wp-content\/uploads\/2020\/07\/Sn\u00edmek-obrazovky-2020-07-24-v-13.51.24.png&#8220; background_enable_image=&#8220;on&#8220; custom_padding=&#8220;40%||40%||true|false&#8220;][\/et_pb_slide][et_pb_slide _builder_version=&#8220;4.5.0&#8243; _module_preset=&#8220;default&#8220; background_image=&#8220;https:\/\/www.rudan.cz\/\/wp-content\/uploads\/2020\/07\/Sn\u00edmek-obrazovky-2020-07-24-v-13.51.45.png&#8220; background_enable_image=&#8220;on&#8220; custom_padding=&#8220;40%||40%||true|false&#8220;][\/et_pb_slide][et_pb_slide _builder_version=&#8220;4.5.0&#8243; _module_preset=&#8220;default&#8220; background_image=&#8220;https:\/\/www.rudan.cz\/\/wp-content\/uploads\/2020\/07\/Sn\u00edmek-obrazovky-2020-07-24-v-13.52.02.png&#8220; background_enable_image=&#8220;on&#8220; custom_padding=&#8220;40%||40%||true|false&#8220;][\/et_pb_slide][et_pb_slide _builder_version=&#8220;4.5.0&#8243; _module_preset=&#8220;default&#8220; background_image=&#8220;https:\/\/www.rudan.cz\/\/wp-content\/uploads\/2020\/07\/Sn\u00edmek-obrazovky-2020-07-24-v-13.51.38.png&#8220; background_enable_image=&#8220;on&#8220; custom_padding=&#8220;40%||40%||true|false&#8220;][\/et_pb_slide][\/et_pb_slider][\/et_pb_column][\/et_pb_row][\/et_pb_section][et_pb_section fb_built=&#8220;1&#8243; admin_label=&#8220;Services Section&#8220; _builder_version=&#8220;4.5.0&#8243; use_background_color_gradient=&#8220;on&#8220; background_color_gradient_start=&#8220;#ffffff&#8220; background_color_gradient_end=&#8220;rgba(255,255,255,0)&#8220; background_color_gradient_overlays_image=&#8220;on&#8220; background_enable_image=&#8220;off&#8220; background_position=&#8220;bottom_right&#8220; custom_padding=&#8220;|0px|100px|0px|false|false&#8220; locked=&#8220;off&#8220;][et_pb_row column_structure=&#8220;1_4,1_4,1_2&#8243; use_custom_gutter=&#8220;on&#8220; gutter_width=&#8220;2&#8243; admin_label=&#8220;Services Row&#8220; _builder_version=&#8220;3.25&#8243; custom_padding=&#8220;|||&#8220;][et_pb_column type=&#8220;1_4&#8243; _builder_version=&#8220;3.25&#8243; custom_padding=&#8220;|||&#8220; custom_padding__hover=&#8220;|||&#8220;][et_pb_blurb title=&#8220;Koberce v rol\u00edch&#8220; url=&#8220;https:\/\/www.rudan.cz\/\/koberce-v-rolich\/&#8220; admin_label=&#8220;Service&#8220; _builder_version=&#8220;4.5.0&#8243; header_font=&#8220;Muli|700|||||||&#8220; header_text_align=&#8220;center&#8220; header_font_size=&#8220;20px&#8220; header_line_height=&#8220;1.4em&#8220; body_font=&#8220;Muli|600|||||||&#8220; body_text_color=&#8220;#ffffff&#8220; body_font_size=&#8220;16px&#8220; background_color=&#8220;#91802f&#8220; text_orientation=&#8220;center&#8220; background_layout=&#8220;dark&#8220; custom_margin=&#8220;|||&#8220; custom_padding=&#8220;50px|30px|50px|30px&#8220; box_shadow_style=&#8220;preset1&#8243;]<\/p>\n<p>Koberce do komer\u010dn\u00edch i reziden\u010dn\u00edch prostor. Vyberte si ze \u0161irok\u00e9 nab\u00eddky p\u0159esn\u011b to, co pot\u0159ebujete.\u00a0<\/p>\n<p>[\/et_pb_blurb][et_pb_blurb title=&#8220;Vinylov\u00e1 podlaha&#8220; url=&#8220;https:\/\/www.rudan.cz\/\/vinylove-podlahy\/&#8220; admin_label=&#8220;Service&#8220; _builder_version=&#8220;4.5.0&#8243; header_font=&#8220;Muli|700|||||||&#8220; header_text_align=&#8220;center&#8220; header_text_color=&#8220; c&#8220; header_font_size=&#8220;20px&#8220; header_line_height=&#8220;1.4em&#8220; body_font=&#8220;Muli|600|||||||&#8220; body_text_color=&#8220; c&#8220; body_font_size=&#8220;16px&#8220; background_color=&#8220;#ffffff&#8220; text_orientation=&#8220;center&#8220; custom_margin=&#8220;30px|||&#8220; custom_margin_tablet=&#8220;60px|||&#8220; custom_margin_phone=&#8220;&#8220; custom_margin_last_edited=&#8220;on|phone&#8220; custom_padding=&#8220;50px|30px|50px|30px&#8220; box_shadow_style=&#8220;preset1&#8243;]<\/p>\n<p>Jste sp\u00ed\u0161e pro &#8222;hladk\u00e9&#8220; podlahy? Vinylov\u00e1 podlaha je to prav\u00e9 pro v\u00e1s.<\/p>\n<p>[\/et_pb_blurb][\/et_pb_column][et_pb_column type=&#8220;1_4&#8243; _builder_version=&#8220;3.25&#8243; custom_padding=&#8220;|||&#8220; custom_padding__hover=&#8220;|||&#8220;][et_pb_blurb title=&#8220;Kobercov\u00e9 \u010dtverce&#8220; url=&#8220;https:\/\/www.rudan.cz\/\/ctvercove-koberce\/&#8220; admin_label=&#8220;Service&#8220; _builder_version=&#8220;4.5.0&#8243; header_font=&#8220;Muli|700|||||||&#8220; header_text_align=&#8220;center&#8220; header_font_size=&#8220;20px&#8220; header_line_height=&#8220;1.4em&#8220; body_font=&#8220;Muli|600|||||||&#8220; body_text_color=&#8220;#ffffff&#8220; body_font_size=&#8220;16px&#8220; background_color=&#8220;#1b1919&#8243; text_orientation=&#8220;center&#8220; background_layout=&#8220;dark&#8220; custom_margin=&#8220;150px||||false|false&#8220; custom_margin_tablet=&#8220;30px|||&#8220; custom_margin_phone=&#8220;&#8220; custom_margin_last_edited=&#8220;on|tablet&#8220; custom_padding=&#8220;50px|30px|50px|30px&#8220; box_shadow_style=&#8220;preset1&#8243;]<\/p>\n<p>Jednobarevn\u00fd koberec je nuda. Vyu\u017eijte kobercov\u00e9 \u010dtverce a vytvo\u0159te n\u011bco neokoukan\u00e9ho.<\/p>\n<p>[\/et_pb_blurb][\/et_pb_column][et_pb_column type=&#8220;1_2&#8243; _builder_version=&#8220;3.25&#8243; custom_padding=&#8220;|||&#8220; custom_padding__hover=&#8220;|||&#8220;][et_pb_text admin_label=&#8220;Title&#8220; _builder_version=&#8220;4.5.0&#8243; text_font=&#8220;Muli|600|||||||&#8220; text_text_color=&#8220;#737373&#8243; text_font_size=&#8220;18px&#8220; header_font=&#8220;||||||||&#8220; header_2_font=&#8220;Muli|700|||||||&#8220; header_2_font_size=&#8220;30px&#8220; header_2_line_height=&#8220;1.4em&#8220; max_width_last_edited=&#8220;off|desktop&#8220; custom_margin=&#8220;220px|||&#8220; custom_margin_tablet=&#8220;50px||||false|false&#8220; custom_margin_phone=&#8220;30px||||false|false&#8220; custom_margin_last_edited=&#8220;on|tablet&#8220; custom_padding=&#8220;|||&#8220; custom_padding_last_edited=&#8220;off|desktop&#8220; header_2_font_size_tablet=&#8220;&#8220; header_2_font_size_phone=&#8220;40px&#8220; header_2_font_size_last_edited=&#8220;on|phone&#8220; locked=&#8220;off&#8220;]<\/p>\n<h2>Nena\u0161li jste to, co hled\u00e1te?<\/h2>\n<p>Pod\u00edvejte se do nab\u00eddky dal\u0161\u00edch typ\u016f podlah a nebo n\u00e1s kontaktujte.<\/p>\n<p>[\/et_pb_text][et_pb_button button_url=&#8220;https:\/\/www.rudan.cz\/\/kontakt\/&#8220; button_text=&#8220;Kontaktujte n\u00e1s&#8220; button_alignment=&#8220;left&#8220; _builder_version=&#8220;4.5.0&#8243; custom_button=&#8220;on&#8220; button_text_size=&#8220;16px&#8220; button_text_color=&#8220;#ffffff&#8220; button_bg_color=&#8220;#91802f&#8220; button_border_width=&#8220;10px&#8220; button_border_color=&#8220;rgba(0,0,0,0)&#8220; button_border_radius=&#8220;0px&#8220; button_font=&#8220;Muli|700||on|||||&#8220; button_use_icon=&#8220;off&#8220; custom_margin=&#8220;|||&#8220; custom_margin_tablet=&#8220;30px|||0px&#8220; custom_margin_phone=&#8220;&#8220; custom_margin_last_edited=&#8220;on|phone&#8220; custom_padding=&#8220;|||&#8220; button_border_radius_hover=&#8220;0px&#8220; button_text_size__hover_enabled=&#8220;off&#8220; button_one_text_size__hover_enabled=&#8220;off&#8220; button_two_text_size__hover_enabled=&#8220;off&#8220; button_text_color__hover_enabled=&#8220;off&#8220; button_one_text_color__hover_enabled=&#8220;off&#8220; button_two_text_color__hover_enabled=&#8220;off&#8220; button_border_width__hover_enabled=&#8220;off&#8220; button_one_border_width__hover_enabled=&#8220;off&#8220; button_two_border_width__hover_enabled=&#8220;off&#8220; button_border_color__hover_enabled=&#8220;off&#8220; button_one_border_color__hover_enabled=&#8220;off&#8220; button_two_border_color__hover_enabled=&#8220;off&#8220; button_border_radius__hover_enabled=&#8220;on&#8220; button_border_radius__hover=&#8220;0px&#8220; button_one_border_radius__hover_enabled=&#8220;off&#8220; button_two_border_radius__hover_enabled=&#8220;off&#8220; button_letter_spacing__hover_enabled=&#8220;off&#8220; button_one_letter_spacing__hover_enabled=&#8220;off&#8220; button_two_letter_spacing__hover_enabled=&#8220;off&#8220; button_bg_color__hover_enabled=&#8220;off&#8220; button_one_bg_color__hover_enabled=&#8220;off&#8220; button_two_bg_color__hover_enabled=&#8220;off&#8220;][\/et_pb_button][\/et_pb_column][\/et_pb_row][\/et_pb_section]<\/p>\n","protected":false},"excerpt":{"rendered":"<p>Snadn\u00e1 v\u00fdm\u011bna, mont\u00e1\u017e i demont\u00e1\u017e. Instalujte novou podlahu bez pou\u017eit\u00ed lepidla.\u00a0Samole\u017e\u00edc\u00ed loose-lay vinylov\u00e9 podlahy se dod\u00e1vaj\u00ed i se z\u00e1mkov\u00fdm \u201epuzzle\u201c syst\u00e9mem. V tomto p\u0159\u00edpad\u011b se d\u00edlce nelep\u00ed na podklad, ale zaklik\u00e1vaj\u00ed se do sebe pomoc\u00ed z\u00e1mkov\u00e9ho syst\u00e9mu. Toto proveden\u00ed je vzhledem ke sv\u00e9 vysok\u00e9 z\u00e1t\u011b\u017ei vhodn\u00e9 do skladovac\u00edch, v\u00fdrobn\u00edch \u010di pr\u016fmyslov\u00fdch prostor. Doporu\u010duje se pokl\u00e1dka [&hellip;]<\/p>\n","protected":false},"author":1,"featured_media":0,"parent":0,"menu_order":0,"comment_status":"closed","ping_status":"closed","template":"","meta":{"_et_pb_use_builder":"on","_et_pb_old_content":"","_et_gb_content_width":"","footnotes":""},"class_list":["post-173","page","type-page","status-publish","hentry"],"_links":{"self":[{"href":"https:\/\/www.rudan.cz\/cs\/wp-json\/wp\/v2\/pages\/173","targetHints":{"allow":["GET"]}}],"collection":[{"href":"https:\/\/www.rudan.cz\/cs\/wp-json\/wp\/v2\/pages"}],"about":[{"href":"https:\/\/www.rudan.cz\/cs\/wp-json\/wp\/v2\/types\/page"}],"author":[{"embeddable":true,"href":"https:\/\/www.rudan.cz\/cs\/wp-json\/wp\/v2\/users\/1"}],"replies":[{"embeddable":true,"href":"https:\/\/www.rudan.cz\/cs\/wp-json\/wp\/v2\/comments?post=173"}],"version-history":[{"count":18,"href":"https:\/\/www.rudan.cz\/cs\/wp-json\/wp\/v2\/pages\/173\/revisions"}],"predecessor-version":[{"id":975,"href":"https:\/\/www.rudan.cz\/cs\/wp-json\/wp\/v2\/pages\/173\/revisions\/975"}],"wp:attachment":[{"href":"https:\/\/www.rudan.cz\/cs\/wp-json\/wp\/v2\/media?parent=173"}],"curies":[{"name":"wp","href":"https:\/\/api.w.org\/{rel}","templated":true}]}}