{"id":339,"date":"2020-07-27T17:16:48","date_gmt":"2020-07-27T15:16:48","guid":{"rendered":"https:\/\/www.rudan.cz\/\/?page_id=339"},"modified":"2020-08-24T12:04:41","modified_gmt":"2020-08-24T10:04:41","slug":"souhlas-se-zpracovanim-osobnich-udajlu","status":"publish","type":"page","link":"https:\/\/www.rudan.cz\/cs\/souhlas-se-zpracovanim-osobnich-udajlu\/","title":{"rendered":"Souhlas se zpracov\u00e1n\u00edm osobn\u00edch \u00fadaj\u016f"},"content":{"rendered":"<p>[et_pb_section fb_built=&#8220;1&#8243; admin_label=&#8220;Header Section&#8220; _builder_version=&#8220;4.5.0&#8243; background_color=&#8220;#ededed&#8220; use_background_color_gradient=&#8220;on&#8220; background_color_gradient_start=&#8220;#ffffff&#8220; background_color_gradient_end=&#8220;rgba(255,255,255,0)&#8220; background_color_gradient_overlays_image=&#8220;on&#8220; background_position=&#8220;top_center&#8220; custom_padding=&#8220;0px||0px||false|false&#8220; locked=&#8220;off&#8220;][et_pb_row column_structure=&#8220;1_2,1_2&#8243; use_custom_gutter=&#8220;on&#8220; make_equal=&#8220;on&#8220; admin_label=&#8220;CTA Row&#8220; _builder_version=&#8220;4.5.0&#8243; width=&#8220;100%&#8220; max_width=&#8220;100%&#8220; custom_margin=&#8220;|||&#8220; custom_padding=&#8220;0px|0px|0px|0px&#8220; use_custom_width=&#8220;on&#8220; width_unit=&#8220;off&#8220; custom_width_percent=&#8220;100%&#8220;][et_pb_column type=&#8220;1_2&#8243; _builder_version=&#8220;4.5.0&#8243; custom_padding=&#8220;5%||5%|10%|true|false&#8220; custom_padding_tablet=&#8220;|10%||&#8220; custom_padding_phone=&#8220;&#8220; custom_padding_last_edited=&#8220;on|tablet&#8220; padding_tablet=&#8220;|10%||&#8220; padding_last_edited=&#8220;on|tablet&#8220; custom_padding__hover=&#8220;|||&#8220;][et_pb_cta title=&#8220;Souhlas se zpracov\u00e1n\u00edm osobn\u00edch \u00fadaj\u016f Rudan s. r. o.\u00a0&#8220; button_url=&#8220;#top&#8220; admin_label=&#8220;Heading, Subheading &#038; CTA Button&#8220; _builder_version=&#8220;4.5.0&#8243; header_level=&#8220;h1&#8243; header_font=&#8220;Muli|700|||||||&#8220; header_text_align=&#8220;left&#8220; header_font_size=&#8220;45px&#8220; header_line_height=&#8220;1.4em&#8220; body_font=&#8220;Muli||||||||&#8220; body_text_align=&#8220;left&#8220; body_text_color=&#8220;#1b1919&#8243; body_font_size=&#8220;15px&#8220; use_background_color=&#8220;off&#8220; custom_button=&#8220;on&#8220; button_text_size=&#8220;16px&#8220; button_text_color=&#8220;#ffffff&#8220; button_bg_color=&#8220;#f4583f&#8220; button_border_width=&#8220;10px&#8220; button_border_color=&#8220;#f4583f&#8220; button_border_radius=&#8220;0px&#8220; button_font=&#8220;Muli|700|||||||&#8220; button_use_icon=&#8220;off&#8220; background_layout=&#8220;light&#8220; max_width=&#8220;540px&#8220; module_alignment=&#8220;right&#8220; custom_margin=&#8220;|||&#8220; custom_margin_tablet=&#8220;3vw||3vw|&#8220; custom_margin_phone=&#8220;|||&#8220; custom_margin_last_edited=&#8220;on|desktop&#8220; animation_style=&#8220;fade&#8220; header_font_size_tablet=&#8220;&#8220; header_font_size_phone=&#8220;50px&#8220; header_font_size_last_edited=&#8220;on|phone&#8220; button_border_radius_hover=&#8220;0px&#8220; locked=&#8220;off&#8220; button_text_size__hover_enabled=&#8220;off&#8220; button_one_text_size__hover_enabled=&#8220;off&#8220; button_two_text_size__hover_enabled=&#8220;off&#8220; button_text_color__hover_enabled=&#8220;off&#8220; button_one_text_color__hover_enabled=&#8220;off&#8220; button_two_text_color__hover_enabled=&#8220;off&#8220; button_border_width__hover_enabled=&#8220;off&#8220; button_one_border_width__hover_enabled=&#8220;off&#8220; button_two_border_width__hover_enabled=&#8220;off&#8220; button_border_color__hover_enabled=&#8220;off&#8220; button_one_border_color__hover_enabled=&#8220;off&#8220; button_two_border_color__hover_enabled=&#8220;off&#8220; button_border_radius__hover_enabled=&#8220;on&#8220; button_border_radius__hover=&#8220;0px&#8220; button_one_border_radius__hover_enabled=&#8220;off&#8220; button_two_border_radius__hover_enabled=&#8220;off&#8220; button_letter_spacing__hover_enabled=&#8220;off&#8220; button_one_letter_spacing__hover_enabled=&#8220;off&#8220; button_two_letter_spacing__hover_enabled=&#8220;off&#8220; button_bg_color__hover_enabled=&#8220;off&#8220; button_one_bg_color__hover_enabled=&#8220;off&#8220; button_two_bg_color__hover_enabled=&#8220;off&#8220;]<\/p>\n<p>pro marketingov\u00e9 \u00fa\u010dely a za \u00fa\u010delem registrace<\/p>\n<p>[\/et_pb_cta][\/et_pb_column][et_pb_column type=&#8220;1_2&#8243; _builder_version=&#8220;4.5.0&#8243; background_image=&#8220;https:\/\/www.rudan.cz\/\/wp-content\/uploads\/2020\/07\/Satara-Duck-Egg-Jacaranda-1.jpg&#8220; custom_padding=&#8220;|||&#8220; custom_padding__hover=&#8220;|||&#8220;][\/et_pb_column][\/et_pb_row][\/et_pb_section][et_pb_section fb_built=&#8220;1&#8243; admin_label=&#8220;CTA Section&#8220; _builder_version=&#8220;3.22&#8243; custom_padding=&#8220;100px||100px|&#8220;][et_pb_row use_custom_gutter=&#8220;on&#8220; admin_label=&#8220;CTA Row&#8220; _builder_version=&#8220;3.25&#8243; custom_margin=&#8220;|||&#8220; custom_padding=&#8220;|||&#8220;][et_pb_column type=&#8220;4_4&#8243; _builder_version=&#8220;3.25&#8243; custom_padding=&#8220;|||&#8220; custom_padding__hover=&#8220;|||&#8220;][et_pb_text ul_item_indent=&#8220;30px&#8220; ol_position=&#8220;outside&#8220; ol_item_indent=&#8220;20px&#8220; admin_label=&#8220;Title &#038; Paragraph&#8220; _builder_version=&#8220;4.5.0&#8243; text_font=&#8220;Muli||||||||&#8220; text_text_color=&#8220;#1b1919&#8243; text_font_size=&#8220;15px&#8220; text_line_height=&#8220;1.8em&#8220; ul_font_size=&#8220;15px&#8220; header_font=&#8220;||||||||&#8220; header_2_font=&#8220;Muli|700|||||||&#8220; header_2_font_size=&#8220;50px&#8220; header_2_line_height=&#8220;1.4em&#8220; text_orientation=&#8220;center&#8220; max_width_last_edited=&#8220;off|desktop&#8220; module_alignment=&#8220;center&#8220; custom_margin=&#8220;|||&#8220; custom_margin_tablet=&#8220;0px|||0px&#8220; custom_margin_last_edited=&#8220;off|desktop&#8220; custom_padding=&#8220;|||&#8220; custom_padding_last_edited=&#8220;off|desktop&#8220; header_2_font_size_tablet=&#8220;&#8220; header_2_font_size_phone=&#8220;40px&#8220; header_2_font_size_last_edited=&#8220;on|desktop&#8220; locked=&#8220;off&#8220;]<\/p>\n<h1 style=\"text-align: left;\"><span><b>Souhlas se zpracov\u00e1n\u00edm osobn\u00edch \u00fadaj\u016f pro marketingov\u00e9 \u00fa\u010dely<\/b><\/span><\/h1>\n<p><span><b><\/b><\/span><\/p>\n<p style=\"text-align: left;\">Souhlas\u00edm s\u00a0t\u00edm, aby spole\u010dnost Rudan s.r.o., se s\u00eddlem Na Laurov\u00e9 2519\/3, 150 00 Praha 5, I\u010cO: 49709585, (d\u00e1le jen \u201e<span><b>spr\u00e1vce<\/b><\/span>\u201c), ve smyslu na\u0159\u00edzen\u00ed Evropsk\u00e9ho parlamentu a Rady EU 2016\/679 zpracov\u00e1vala tyto osobn\u00ed \u00fadaje:<\/p>\n<ul style=\"text-align: left;\">\n<li><span><\/span>Jm\u00e9no a p\u0159\u00edjmen\u00ed,<\/li>\n<li><span><\/span>e-mail\u00a0(d\u00e1le jen \u201e<b>osobn\u00ed \u00fadaje<\/b>\u201c)<\/li>\n<\/ul>\n<ol style=\"text-align: left;\">\n<li>V\u00fd\u0161e uveden\u00e9 \u00fadaje bude Spr\u00e1vce zpracov\u00e1vat pro marketingov\u00e9 \u00fa\u010dely, konkr\u00e9tn\u011b rozes\u00edl\u00e1n\u00ed newsletter\u016f Spr\u00e1vce osob\u011b, kter\u00e1 d\u00e1v\u00e1 tento souhlas. Tento souhlas je d\u00e1v\u00e1n na dobu 5 let. Osoba poskytuj\u00edc\u00ed tento souhlas bere na v\u011bdom\u00ed, \u017ee spr\u00e1vce bude v\u00fd\u0161e uveden\u00e9 osobn\u00ed \u00fadaje zpracov\u00e1vat po dobu platnosti souhlasu.<\/li>\n<li>Osobn\u00ed \u00fadaje bude zpracov\u00e1vat pouze Spr\u00e1vce, p\u0159\u00edpadn\u011b osoba se kterou m\u00e1 Spr\u00e1vce \u0159\u00e1dn\u011b uzav\u0159enou zpracovatelskou smlouvu.\u00a0<\/li>\n<li>Souhlas lze vz\u00edt kdykoliv zp\u011bt, a to nap\u0159\u00edklad zasl\u00e1n\u00edm emailu nebo dopisu na kontaktn\u00ed \u00fadaje spole\u010dnosti Rudan s.r.o., Na Laurov\u00e9 2519\/3, 150 00 Praha 5, info@rudan.cz<\/li>\n<li><span>Spole\u010dnost\u00a0Rudan s.r.o.<\/span>\u00a0informuje sv\u00e9 z\u00e1kazn\u00edky, \u017ee maj\u00ed pr\u00e1vo:<span><span class=\"Apple-converted-space\">\u00a0<\/span><\/span><\/li>\n<ul>\n<li>z\u00edskat od Spr\u00e1vce potvrzen\u00ed, zda osobn\u00ed \u00fadaje, kter\u00e9 se jich t\u00fdkaj\u00ed, jsou \u010di nejsou zpracov\u00e1v\u00e1ny, a pokud je tomu tak, maj\u00ed pr\u00e1vo z\u00edskat p\u0159\u00edstup k t\u011bmto osobn\u00edm \u00fadaj\u016fm a k n\u00e1sleduj\u00edc\u00edm informac\u00edm: \u00fa\u010dely zpracov\u00e1n\u00ed, kategorie dot\u010den\u00fdch osobn\u00edch \u00fadaj\u016f, p\u0159\u00edjemci nebo kategorie p\u0159\u00edjemc\u016f, kter\u00fdm osobn\u00ed \u00fadaje byly nebo budou zp\u0159\u00edstupn\u011bny, zejm\u00e9na p\u0159\u00edjemci ve t\u0159et\u00edch zem\u00edch nebo v mezin\u00e1rodn\u00edch organizac\u00edch, pl\u00e1novan\u00e1 doba, po kterou budou osobn\u00ed \u00fadaje ulo\u017eeny, nebo nen\u00ed-li ji mo\u017en\u00e9 ur\u010dit, krit\u00e9ria pou\u017eit\u00e1 ke stanoven\u00ed t\u00e9to doby, existence pr\u00e1va po\u017eadovat od spr\u00e1vce opravu nebo v\u00fdmaz osobn\u00edch \u00fadaj\u016f t\u00fdkaj\u00edc\u00edch se subjektu \u00fadaj\u016f nebo omezen\u00ed jejich zpracov\u00e1n\u00ed a nebo vzn\u00e9st n\u00e1mitku proti tomuto zpracov\u00e1n\u00ed, pr\u00e1vo podat st\u00ed\u017enost u dozorov\u00e9ho \u00fa\u0159adu.<\/li>\n<li>aby Spr\u00e1vce bez zbyte\u010dn\u00e9ho odkladu opravil nep\u0159esn\u00e9 osobn\u00ed \u00fadaje, kter\u00e9 se jich t\u00fdkaj\u00ed. S p\u0159ihl\u00e9dnut\u00edm k \u00fa\u010del\u016fm zpracov\u00e1n\u00ed maj\u00ed pr\u00e1vo na dopln\u011bn\u00ed ne\u00fapln\u00fdch osobn\u00edch \u00fadaj\u016f, a to i poskytnut\u00edm dodate\u010dn\u00e9ho prohl\u00e1\u0161en\u00ed.<\/li>\n<li>aby Spr\u00e1vce bez zbyte\u010dn\u00e9ho odkladu vymazal osobn\u00ed \u00fadaje, kter\u00e9 se jich t\u00fdkaj\u00ed, a Spr\u00e1vce m\u00e1 povinnost osobn\u00ed \u00fadaje bez zbyte\u010dn\u00e9ho odkladu vymazat, pokud je d\u00e1n jeden z t\u011bchto d\u016fvod\u016f: osobn\u00ed \u00fadaje ji\u017e nejsou pot\u0159ebn\u00e9 pro \u00fa\u010dely, pro kter\u00e9 byly shrom\u00e1\u017ed\u011bny nebo jinak zpracov\u00e1ny, z\u00e1kazn\u00edk odvol\u00e1 souhlas a nen\u00ed zde jin\u00fd leg\u00e1ln\u00ed titul pro jejich zpracov\u00e1n\u00ed,\u00a0 osobn\u00ed \u00fadaje byly zpracov\u00e1ny protipr\u00e1vn\u011b, osobn\u00ed \u00fadaje mus\u00ed b\u00fdt vymaz\u00e1ny ke spln\u011bn\u00ed pr\u00e1vn\u00ed povinnosti stanoven\u00e9 v pr\u00e1vu Unie nebo \u010dlensk\u00e9ho st\u00e1tu, kter\u00e9 se na spr\u00e1vce vztahuje.<\/li>\n<li>aby Spr\u00e1vce omezil zpracov\u00e1n\u00ed jejich osobn\u00edch \u00fadaj\u016f, pokud pop\u00edraj\u00ed jejich p\u0159esnost na dobu ov\u011b\u0159en\u00ed t\u00e9to skute\u010dnosti Spr\u00e1vcem, zpracov\u00e1n\u00ed je protipr\u00e1vn\u00ed, a Spr\u00e1vce \u017e\u00e1daj\u00ed m\u00edsto v\u00fdmazu o jejich omezen\u00e9 zpracov\u00e1n\u00ed, \u00fadaje ji\u017e nejsou pot\u0159ebn\u00e9 pro \u00fa\u010del zpracov\u00e1n\u00ed, av\u0161ak pot\u0159ebuji je pro ur\u010den\u00ed, v\u00fdkon nebo obhajobu pr\u00e1vn\u00edch n\u00e1rok\u016f.<\/li>\n<li>aby Spr\u00e1vce na jejich \u017e\u00e1dost p\u0159edal jejich osobn\u00ed \u00fadaje jin\u00e9mu jimi ur\u010den\u00e9mu Spr\u00e1vci.<\/li>\n<li>vzn\u00e9st n\u00e1mitku proti zpracov\u00e1n\u00ed m\u00fdch osobn\u00edch \u00fadaj\u016f u Spr\u00e1vce.<\/li>\n<li>v p\u0159\u00edpad\u011b pochybnost\u00ed o tom, zda jsou ze strany Spr\u00e1vce zpracov\u00e1v\u00e1ny jejich osobn\u00ed \u00fadaje ve smyslu v\u00fd\u0161e uveden\u00fdch pr\u00e1vn\u00edch p\u0159edpis\u016f obr\u00e1tit se jak na Spr\u00e1vce, tak na \u00da\u0159ad pro ochranu osobn\u00edch \u00fadaj\u016f.<\/li>\n<\/ul>\n<\/ol>\n<p style=\"text-align: left;\">\n<h1 style=\"text-align: left;\"><span><b>Souhlas se zpracov\u00e1n\u00edm osobn\u00edch \u00fadaj\u016f za \u00fa\u010delem registrace<\/b><\/span><\/h1>\n<p><span><b><\/b><\/span><\/p>\n<p style=\"text-align: left;\">Souhlas\u00edm s\u00a0t\u00edm, aby spole\u010dnost Rudan s.r.o., se s\u00eddlem\u00a0Na Laurov\u00e9 2519\/3, 150 00 Praha 5, I\u010cO: 49709585 (d\u00e1le jen \u201e<span><b>spr\u00e1vce<\/b><\/span>\u201c), ve smyslu na\u0159\u00edzen\u00ed Evropsk\u00e9ho parlamentu a Rady EU 2016\/679 zpracov\u00e1vala tyto osobn\u00ed \u00fadaje:<\/p>\n<ul style=\"text-align: left;\">\n<li><span><\/span>Jm\u00e9no a p\u0159\u00edjmen\u00ed,<\/li>\n<li><span><\/span>adresa,<\/li>\n<li><span><\/span>telefonn\u00ed \u010d\u00edslo,<\/li>\n<li><span><\/span>e-mail,<\/li>\n<li><span><\/span>v p\u0159\u00edpad\u011b podnikaj\u00edc\u00edch osob I\u010c, DI\u010c (d\u00e1le jen \u201e<b>osobn\u00ed \u00fadaje<\/b>\u201c)<\/li>\n<\/ul>\n<ol>\n<li style=\"text-align: left;\">V\u00fd\u0161e uveden\u00e9 \u00fadaje bude Spr\u00e1vce zpracov\u00e1vat pro marketingov\u00e9 \u00fa\u010dely, konkr\u00e9tn\u011b rozes\u00edl\u00e1n\u00ed newsletter\u016f Spr\u00e1vce osob\u011b, kter\u00e1 d\u00e1v\u00e1 tento souhlas. Tento souhlas je d\u00e1v\u00e1n na dobu\u00a05 let. Osoba poskytuj\u00edc\u00ed tento souhlas bere na v\u011bdom\u00ed, \u017ee spr\u00e1vce bude v\u00fd\u0161e uveden\u00e9 osobn\u00ed \u00fadaje zpracov\u00e1vat po dobu platnosti souhlasu.<\/li>\n<li style=\"text-align: left;\">Osobn\u00ed \u00fadaje bude zpracov\u00e1vat pouze Spr\u00e1vce, p\u0159\u00edpadn\u011b osoba se kterou m\u00e1 Spr\u00e1vce \u0159\u00e1dn\u011b uzav\u0159enou zpracovatelskou smlouvu.\u00a0<\/li>\n<li style=\"text-align: left;\">Souhlas lze vz\u00edt kdykoliv zp\u011bt, a to nap\u0159\u00edklad zasl\u00e1n\u00edm emailu nebo dopisu na kontaktn\u00ed \u00fadaje spole\u010dnosti Rudan s.r.o., Na Laurov\u00e9 2519\/3, 150 00 Praha 5, info@rudan.cz<span>.<\/span><\/li>\n<li style=\"text-align: left;\">Spole\u010dnost\u00a0 Rudan s.r.o.\u00a0informuje sv\u00e9 z\u00e1kazn\u00edky, \u017ee maj\u00ed pr\u00e1vo:<span class=\"Apple-converted-space\">\u00a0<\/span><\/li>\n<ul>\n<li style=\"text-align: left;\">z\u00edskat od Spr\u00e1vce potvrzen\u00ed, zda osobn\u00ed \u00fadaje, kter\u00e9 se jich t\u00fdkaj\u00ed, jsou \u010di nejsou zpracov\u00e1v\u00e1ny, a pokud je tomu tak, maj\u00ed pr\u00e1vo z\u00edskat p\u0159\u00edstup k t\u011bmto osobn\u00edm \u00fadaj\u016fm a k n\u00e1sleduj\u00edc\u00edm informac\u00edm: \u00fa\u010dely zpracov\u00e1n\u00ed, kategorie dot\u010den\u00fdch osobn\u00edch \u00fadaj\u016f, p\u0159\u00edjemci nebo kategorie p\u0159\u00edjemc\u016f, kter\u00fdm osobn\u00ed \u00fadaje byly nebo budou zp\u0159\u00edstupn\u011bny, zejm\u00e9na p\u0159\u00edjemci ve t\u0159et\u00edch zem\u00edch nebo v mezin\u00e1rodn\u00edch organizac\u00edch, pl\u00e1novan\u00e1 doba, po kterou budou osobn\u00ed \u00fadaje ulo\u017eeny, nebo nen\u00ed-li ji mo\u017en\u00e9 ur\u010dit, krit\u00e9ria pou\u017eit\u00e1 ke stanoven\u00ed t\u00e9to doby, existence pr\u00e1va po\u017eadovat od spr\u00e1vce opravu nebo v\u00fdmaz osobn\u00edch \u00fadaj\u016f t\u00fdkaj\u00edc\u00edch se subjektu \u00fadaj\u016f nebo omezen\u00ed jejich zpracov\u00e1n\u00ed a nebo vzn\u00e9st n\u00e1mitku proti tomuto zpracov\u00e1n\u00ed, pr\u00e1vo podat st\u00ed\u017enost u dozorov\u00e9ho \u00fa\u0159adu.<\/li>\n<li style=\"text-align: left;\">aby Spr\u00e1vce bez zbyte\u010dn\u00e9ho odkladu opravil nep\u0159esn\u00e9 osobn\u00ed \u00fadaje, kter\u00e9 se jich t\u00fdkaj\u00ed. S p\u0159ihl\u00e9dnut\u00edm k \u00fa\u010del\u016fm zpracov\u00e1n\u00ed maj\u00ed pr\u00e1vo na dopln\u011bn\u00ed ne\u00fapln\u00fdch osobn\u00edch \u00fadaj\u016f, a to i poskytnut\u00edm dodate\u010dn\u00e9ho prohl\u00e1\u0161en\u00ed.<\/li>\n<li style=\"text-align: left;\">aby Spr\u00e1vce bez zbyte\u010dn\u00e9ho odkladu vymazal osobn\u00ed \u00fadaje, kter\u00e9 se jich t\u00fdkaj\u00ed, a Spr\u00e1vce m\u00e1 povinnost osobn\u00ed \u00fadaje bez zbyte\u010dn\u00e9ho odkladu vymazat, pokud je d\u00e1n jeden z t\u011bchto d\u016fvod\u016f: osobn\u00ed \u00fadaje ji\u017e nejsou pot\u0159ebn\u00e9 pro \u00fa\u010dely, pro kter\u00e9 byly shrom\u00e1\u017ed\u011bny nebo jinak zpracov\u00e1ny, z\u00e1kazn\u00edk odvol\u00e1 souhlas a nen\u00ed zde jin\u00fd leg\u00e1ln\u00ed titul pro jejich zpracov\u00e1n\u00ed,\u00a0 osobn\u00ed \u00fadaje byly zpracov\u00e1ny protipr\u00e1vn\u011b, osobn\u00ed \u00fadaje mus\u00ed b\u00fdt vymaz\u00e1ny ke spln\u011bn\u00ed pr\u00e1vn\u00ed povinnosti stanoven\u00e9 v pr\u00e1vu Unie nebo \u010dlensk\u00e9ho st\u00e1tu, kter\u00e9 se na spr\u00e1vce vztahuje.<\/li>\n<li style=\"text-align: left;\">aby Spr\u00e1vce omezil zpracov\u00e1n\u00ed jejich osobn\u00edch \u00fadaj\u016f, pokud pop\u00edraj\u00ed jejich p\u0159esnost na dobu ov\u011b\u0159en\u00ed t\u00e9to skute\u010dnosti Spr\u00e1vcem, zpracov\u00e1n\u00ed je protipr\u00e1vn\u00ed, a Spr\u00e1vce \u017e\u00e1daj\u00ed m\u00edsto v\u00fdmazu o jejich omezen\u00e9 zpracov\u00e1n\u00ed, \u00fadaje ji\u017e nejsou pot\u0159ebn\u00e9 pro \u00fa\u010del zpracov\u00e1n\u00ed, av\u0161ak pot\u0159ebuji je pro ur\u010den\u00ed, v\u00fdkon nebo obhajobu pr\u00e1vn\u00edch n\u00e1rok\u016f.<\/li>\n<li style=\"text-align: left;\">aby Spr\u00e1vce na jejich \u017e\u00e1dost p\u0159edal jejich osobn\u00ed \u00fadaje jin\u00e9mu jimi ur\u010den\u00e9mu Spr\u00e1vci.<\/li>\n<li style=\"text-align: left;\">vzn\u00e9st n\u00e1mitku proti zpracov\u00e1n\u00ed m\u00fdch osobn\u00edch \u00fadaj\u016f u Spr\u00e1vce.<\/li>\n<li style=\"text-align: left;\">v p\u0159\u00edpad\u011b pochybnost\u00ed o tom, zda jsou ze strany Spr\u00e1vce zpracov\u00e1v\u00e1ny jejich osobn\u00ed \u00fadaje ve smyslu v\u00fd\u0161e uveden\u00fdch pr\u00e1vn\u00edch p\u0159edpis\u016f obr\u00e1tit se jak na Spr\u00e1vce, tak na \u00da\u0159ad pro ochranu osobn\u00edch \u00fadaj\u016f.<\/li>\n<\/ul>\n<\/ol>\n<p>[\/et_pb_text][\/et_pb_column][\/et_pb_row][\/et_pb_section]<\/p>\n","protected":false},"excerpt":{"rendered":"<p>pro marketingov\u00e9 \u00fa\u010dely a za \u00fa\u010delem registraceSouhlas se zpracov\u00e1n\u00edm osobn\u00edch \u00fadaj\u016f pro marketingov\u00e9 \u00fa\u010dely Souhlas\u00edm s\u00a0t\u00edm, aby spole\u010dnost Rudan s.r.o., se s\u00eddlem Na Laurov\u00e9 2519\/3, 150 00 Praha 5, I\u010cO: 49709585, (d\u00e1le jen \u201espr\u00e1vce\u201c), ve smyslu na\u0159\u00edzen\u00ed Evropsk\u00e9ho parlamentu a Rady EU 2016\/679 zpracov\u00e1vala tyto osobn\u00ed \u00fadaje: Jm\u00e9no a p\u0159\u00edjmen\u00ed, e-mail\u00a0(d\u00e1le jen \u201eosobn\u00ed \u00fadaje\u201c) V\u00fd\u0161e [&hellip;]<\/p>\n","protected":false},"author":1,"featured_media":0,"parent":0,"menu_order":0,"comment_status":"closed","ping_status":"closed","template":"","meta":{"_et_pb_use_builder":"on","_et_pb_old_content":"","_et_gb_content_width":"","footnotes":""},"class_list":["post-339","page","type-page","status-publish","hentry"],"_links":{"self":[{"href":"https:\/\/www.rudan.cz\/cs\/wp-json\/wp\/v2\/pages\/339","targetHints":{"allow":["GET"]}}],"collection":[{"href":"https:\/\/www.rudan.cz\/cs\/wp-json\/wp\/v2\/pages"}],"about":[{"href":"https:\/\/www.rudan.cz\/cs\/wp-json\/wp\/v2\/types\/page"}],"author":[{"embeddable":true,"href":"https:\/\/www.rudan.cz\/cs\/wp-json\/wp\/v2\/users\/1"}],"replies":[{"embeddable":true,"href":"https:\/\/www.rudan.cz\/cs\/wp-json\/wp\/v2\/comments?post=339"}],"version-history":[{"count":6,"href":"https:\/\/www.rudan.cz\/cs\/wp-json\/wp\/v2\/pages\/339\/revisions"}],"predecessor-version":[{"id":578,"href":"https:\/\/www.rudan.cz\/cs\/wp-json\/wp\/v2\/pages\/339\/revisions\/578"}],"wp:attachment":[{"href":"https:\/\/www.rudan.cz\/cs\/wp-json\/wp\/v2\/media?parent=339"}],"curies":[{"name":"wp","href":"https:\/\/api.w.org\/{rel}","templated":true}]}}