{"id":63,"date":"2020-07-20T15:23:20","date_gmt":"2020-07-20T13:23:20","guid":{"rendered":"https:\/\/www.rudan.cz\/\/?page_id=63"},"modified":"2020-08-25T13:08:33","modified_gmt":"2020-08-25T11:08:33","slug":"nabidka","status":"publish","type":"page","link":"https:\/\/www.rudan.cz\/cs\/nabidka\/","title":{"rendered":"Nab\u00eddka"},"content":{"rendered":"<p>[et_pb_section fb_built=&#8220;1&#8243; admin_label=&#8220;Header Section&#8220; _builder_version=&#8220;4.5.0&#8243; background_color=&#8220;rgba(145,128,47,0.06)&#8220; background_position=&#8220;top_center&#8220; custom_padding=&#8220;5%|0px|100px|0px|false|false&#8220;][et_pb_row custom_padding_last_edited=&#8220;off|desktop&#8220; admin_label=&#8220;Header Row&#8220; _builder_version=&#8220;3.25&#8243; background_size=&#8220;initial&#8220; background_position=&#8220;top_left&#8220; background_repeat=&#8220;repeat&#8220; custom_margin=&#8220;|||&#8220; custom_padding=&#8220;|||&#8220; custom_padding_phone=&#8220;3vw|||&#8220;][et_pb_column type=&#8220;4_4&#8243; _builder_version=&#8220;3.25&#8243; custom_padding=&#8220;|||&#8220; custom_padding__hover=&#8220;|||&#8220;][et_pb_text admin_label=&#8220;Heading &#038; Subheading&#8220; _builder_version=&#8220;4.5.0&#8243; text_font=&#8220;Muli|600|||||||&#8220; text_text_color=&#8220;#1b1919&#8243; text_font_size=&#8220;18px&#8220; text_line_height=&#8220;1.8em&#8220; header_font=&#8220;Muli|700|||||||&#8220; header_text_color=&#8220;#1b1919&#8243; header_font_size=&#8220;65px&#8220; header_line_height=&#8220;1.4em&#8220; header_2_font=&#8220;||||||||&#8220; text_orientation=&#8220;center&#8220; max_width=&#8220;800px&#8220; max_width_last_edited=&#8220;off|desktop&#8220; module_alignment=&#8220;center&#8220; custom_margin=&#8220;|||&#8220; custom_padding=&#8220;|||&#8220; custom_padding_last_edited=&#8220;off|desktop&#8220; animation_style=&#8220;fade&#8220; hover_enabled=&#8220;0&#8243; header_font_size_tablet=&#8220;&#8220; header_font_size_phone=&#8220;50px&#8220; header_font_size_last_edited=&#8220;on|desktop&#8220;]<\/p>\n<h1>Na\u0161e nab\u00eddka<\/h1>\n<p>Pod\u00edvejte se na \u0161irokou nab\u00eddku na\u0161ich podlahov\u00fdch krytin. To, co vid\u00edte na webu, je jen zlomek toho, co v\u00e1m m\u016f\u017eeme nab\u00eddnout. Pokud m\u00e1te n\u011bjak\u00e9 specifick\u00e9 p\u0159\u00e1n\u00ed nebo jste nena\u0161li to, co hled\u00e1te, kontaktujte n\u00e1s.<\/p>\n<p>[\/et_pb_text][\/et_pb_column][\/et_pb_row][et_pb_row column_structure=&#8220;1_2,1_2&#8243; use_custom_gutter=&#8220;on&#8220; gutter_width=&#8220;1&#8243; make_equal=&#8220;on&#8220; admin_label=&#8220;Case Study Row&#8220; _builder_version=&#8220;4.5.0&#8243; background_color=&#8220;rgba(0,0,0,0)&#8220;][et_pb_column type=&#8220;1_2&#8243; _builder_version=&#8220;4.5.0&#8243; custom_padding=&#8220;|||&#8220; custom_padding__hover=&#8220;|||&#8220;][et_pb_slider _builder_version=&#8220;4.5.0&#8243; _module_preset=&#8220;default&#8220; custom_padding=&#8220;55%||55%||true|false&#8220;][et_pb_slide _builder_version=&#8220;4.5.0&#8243; _module_preset=&#8220;default&#8220; background_image=&#8220;https:\/\/www.rudan.cz\/\/wp-content\/uploads\/2020\/07\/Edel-Zeal-106-Mink-1.jpg&#8220; background_enable_image=&#8220;on&#8220;][\/et_pb_slide][\/et_pb_slider][\/et_pb_column][et_pb_column type=&#8220;1_2&#8243; _builder_version=&#8220;4.5.0&#8243; background_color=&#8220;#ffffff&#8220; custom_padding=&#8220;3%|60px|3%|60px|true|false&#8220; custom_padding__hover=&#8220;|||&#8220;][et_pb_cta title=&#8220;Koberce v rol\u00edch&#8220; button_url=&#8220;https:\/\/www.rudan.cz\/\/koberce-v-rolich\/&#8220; button_text=&#8220;DETAIL&#8220; admin_label=&#8220;Title Paragraph &#038; CTA Button&#8220; _builder_version=&#8220;4.5.0&#8243; header_level=&#8220;h3&#8243; header_font=&#8220;Muli|700|||||||&#8220; header_font_size=&#8220;35px&#8220; header_line_height=&#8220;1.4em&#8220; body_font=&#8220;Muli||||||||&#8220; body_text_color=&#8220;#1b1919&#8243; body_font_size=&#8220;15px&#8220; body_line_height=&#8220;1.8em&#8220; use_background_color=&#8220;off&#8220; custom_button=&#8220;on&#8220; button_text_size=&#8220;16px&#8220; button_text_color=&#8220;#ffffff&#8220; button_bg_color=&#8220;#91802f&#8220; button_border_width=&#8220;10px&#8220; button_border_color=&#8220;rgba(0,0,0,0)&#8220; button_border_radius=&#8220;0px&#8220; button_font=&#8220;Muli|700|||||||&#8220; button_use_icon=&#8220;off&#8220; text_orientation=&#8220;left&#8220; background_layout=&#8220;light&#8220; custom_padding=&#8220;|||&#8220; hover_enabled=&#8220;0&#8243; button_border_radius_hover=&#8220;0px&#8220; button_text_size__hover_enabled=&#8220;off&#8220; button_one_text_size__hover_enabled=&#8220;off&#8220; button_two_text_size__hover_enabled=&#8220;off&#8220; button_text_color__hover_enabled=&#8220;off&#8220; button_one_text_color__hover_enabled=&#8220;off&#8220; button_two_text_color__hover_enabled=&#8220;off&#8220; button_border_width__hover_enabled=&#8220;off&#8220; button_one_border_width__hover_enabled=&#8220;off&#8220; button_two_border_width__hover_enabled=&#8220;off&#8220; button_border_color__hover_enabled=&#8220;off&#8220; button_one_border_color__hover_enabled=&#8220;off&#8220; button_two_border_color__hover_enabled=&#8220;off&#8220; button_border_radius__hover_enabled=&#8220;on&#8220; button_border_radius__hover=&#8220;0px&#8220; button_one_border_radius__hover_enabled=&#8220;off&#8220; button_two_border_radius__hover_enabled=&#8220;off&#8220; button_letter_spacing__hover_enabled=&#8220;off&#8220; button_one_letter_spacing__hover_enabled=&#8220;off&#8220; button_two_letter_spacing__hover_enabled=&#8220;off&#8220; button_bg_color__hover_enabled=&#8220;off&#8220; button_one_bg_color__hover_enabled=&#8220;off&#8220; button_two_bg_color__hover_enabled=&#8220;off&#8220;]<\/p>\n<p>Nab\u00edz\u00edme koberce vhodn\u00e9 do bytov\u00fdch i komer\u010dn\u00edch prostor, v \u0161irok\u00e9 \u0161k\u00e1le barev, materi\u00e1l\u016f, \u0161\u00ed\u0159\u00ed, pou\u017eit\u00fdch materi\u00e1l\u016f i r\u016fzn\u00fdch technologi\u00ed v\u00fdroby.<\/p>\n<p>Hled\u00e1te koberec do bytu, oby\u010dejn\u00fd \u010di luxusn\u00ed? Nebo sh\u00e1n\u00edte hotelov\u00e9 koberce, z\u00e1t\u011b\u017eov\u00e9 \u010di objektov\u00e9? Pod\u00edvejte se na na\u0161i nab\u00eddku. Najdete u n\u00e1s zna\u010dky Edel, Jacaranda \u010di Jabo.<\/p>\n<p>&nbsp;<\/p>\n<p>[\/et_pb_cta][\/et_pb_column][\/et_pb_row][et_pb_row column_structure=&#8220;1_2,1_2&#8243; use_custom_gutter=&#8220;on&#8220; gutter_width=&#8220;1&#8243; make_equal=&#8220;on&#8220; admin_label=&#8220;Case Study Row&#8220; _builder_version=&#8220;3.25&#8243;][et_pb_column type=&#8220;1_2&#8243; _builder_version=&#8220;3.25&#8243; background_color=&#8220;#ffffff&#8220; custom_padding=&#8220;60px|60px|60px|60px&#8220; custom_padding__hover=&#8220;|||&#8220;][et_pb_cta title=&#8220;Kusov\u00e9 koberce&#8220; button_url=&#8220;https:\/\/www.rudan.cz\/\/?page_id=165&#8243; button_text=&#8220;DETAIL&#8220; admin_label=&#8220;Title Paragraph &#038; CTA Button&#8220; _builder_version=&#8220;4.5.0&#8243; header_level=&#8220;h3&#8243; header_font=&#8220;Muli|700|||||||&#8220; header_font_size=&#8220;35px&#8220; header_line_height=&#8220;1.4em&#8220; body_font=&#8220;Muli||||||||&#8220; body_text_color=&#8220;#1b1919&#8243; body_font_size=&#8220;15px&#8220; body_line_height=&#8220;1.8em&#8220; use_background_color=&#8220;off&#8220; custom_button=&#8220;on&#8220; button_text_size=&#8220;16px&#8220; button_text_color=&#8220;#ffffff&#8220; button_bg_color=&#8220;#91802f&#8220; button_border_width=&#8220;10px&#8220; button_border_color=&#8220;rgba(0,0,0,0)&#8220; button_border_radius=&#8220;0px&#8220; button_font=&#8220;Muli|700|||||||&#8220; button_use_icon=&#8220;off&#8220; text_orientation=&#8220;left&#8220; background_layout=&#8220;light&#8220; custom_padding=&#8220;|||&#8220; button_border_radius_hover=&#8220;0px&#8220; button_text_size__hover_enabled=&#8220;off&#8220; button_one_text_size__hover_enabled=&#8220;off&#8220; button_two_text_size__hover_enabled=&#8220;off&#8220; button_text_color__hover_enabled=&#8220;off&#8220; button_one_text_color__hover_enabled=&#8220;off&#8220; button_two_text_color__hover_enabled=&#8220;off&#8220; button_border_width__hover_enabled=&#8220;off&#8220; button_one_border_width__hover_enabled=&#8220;off&#8220; button_two_border_width__hover_enabled=&#8220;off&#8220; button_border_color__hover_enabled=&#8220;off&#8220; button_one_border_color__hover_enabled=&#8220;off&#8220; button_two_border_color__hover_enabled=&#8220;off&#8220; button_border_radius__hover_enabled=&#8220;on&#8220; button_border_radius__hover=&#8220;0px&#8220; button_one_border_radius__hover_enabled=&#8220;off&#8220; button_two_border_radius__hover_enabled=&#8220;off&#8220; button_letter_spacing__hover_enabled=&#8220;off&#8220; button_one_letter_spacing__hover_enabled=&#8220;off&#8220; button_two_letter_spacing__hover_enabled=&#8220;off&#8220; button_bg_color__hover_enabled=&#8220;off&#8220; button_one_bg_color__hover_enabled=&#8220;off&#8220; button_two_bg_color__hover_enabled=&#8220;off&#8220;]<\/p>\n<p>Kusov\u00fd koberec dotv\u00e1\u0159\u00ed design ka\u017ed\u00e9ho interi\u00e9ru, navozuje atmosf\u00e9ru pohodl\u00ed, kr\u00e1sy, funk\u010dnosti a luxusu a pln\u00ed u\u017eitnou i estetickou funkci.<span class=\"Apple-converted-space\">\u00a0<\/span>Kusov\u00e9 koberce nab\u00edz\u00edme v nejr\u016fzn\u011bj\u0161\u00edch proveden\u00edch, barv\u00e1ch a materi\u00e1lech.<\/p>\n<p>\u0158ekn\u011bte n\u00e1m, jak\u00fd koberec sh\u00e1n\u00edte a my v\u00e1m p\u0159iprav\u00edme nab\u00eddku na m\u00edru va\u0161im pot\u0159eb\u00e1m. Nab\u00edz\u00edme klasick\u00e9 \u010di luxusn\u00ed kusov\u00e9 koberce, ale tak\u00e9 koberec ze sisalu, ru\u010dn\u011b tkan\u00e9, vy\u0161\u00edvan\u00e9 kusov\u00e9 koberce a dal\u0161\u00ed.<\/p>\n<p>&nbsp;<\/p>\n<p>[\/et_pb_cta][\/et_pb_column][et_pb_column type=&#8220;1_2&#8243; _builder_version=&#8220;3.25&#8243; custom_padding=&#8220;|||&#8220; custom_padding__hover=&#8220;|||&#8220;][et_pb_slider _builder_version=&#8220;4.5.0&#8243; _module_preset=&#8220;default&#8220; custom_padding=&#8220;55%||55%||true|false&#8220;][et_pb_slide _builder_version=&#8220;4.5.0&#8243; _module_preset=&#8220;default&#8220; background_image=&#8220;https:\/\/www.rudan.cz\/\/wp-content\/uploads\/2020\/07\/Himalayan-JC6285-Kulu-L1-Jacaranda-1.jpg&#8220; background_enable_image=&#8220;on&#8220;][\/et_pb_slide][\/et_pb_slider][\/et_pb_column][\/et_pb_row][et_pb_row column_structure=&#8220;1_2,1_2&#8243; use_custom_gutter=&#8220;on&#8220; gutter_width=&#8220;1&#8243; make_equal=&#8220;on&#8220; admin_label=&#8220;Case Study Row&#8220; _builder_version=&#8220;4.5.0&#8243; background_color=&#8220;rgba(0,0,0,0)&#8220;][et_pb_column type=&#8220;1_2&#8243; _builder_version=&#8220;4.5.0&#8243; custom_padding=&#8220;|||&#8220; custom_padding__hover=&#8220;|||&#8220;][et_pb_slider _builder_version=&#8220;4.5.0&#8243; _module_preset=&#8220;default&#8220; custom_padding=&#8220;55%||55%||true|false&#8220;][et_pb_slide _builder_version=&#8220;4.5.0&#8243; _module_preset=&#8220;default&#8220; background_image=&#8220;https:\/\/www.rudan.cz\/\/wp-content\/uploads\/2020\/07\/NED-Shapes-Hexagon-Marlin-4.jpg&#8220; background_enable_image=&#8220;on&#8220;][\/et_pb_slide][\/et_pb_slider][\/et_pb_column][et_pb_column type=&#8220;1_2&#8243; _builder_version=&#8220;4.5.0&#8243; background_color=&#8220;#ffffff&#8220; custom_padding=&#8220;3%|60px|3%|60px|true|false&#8220; custom_padding__hover=&#8220;|||&#8220;][et_pb_cta title=&#8220;Kobercov\u00e9 \u010dtverce&#8220; button_url=&#8220;https:\/\/www.rudan.cz\/\/?page_id=146&#8243; button_text=&#8220;DETAIL&#8220; admin_label=&#8220;Title Paragraph &#038; CTA Button&#8220; _builder_version=&#8220;4.5.0&#8243; header_level=&#8220;h3&#8243; header_font=&#8220;Muli|700|||||||&#8220; header_font_size=&#8220;35px&#8220; header_line_height=&#8220;1.4em&#8220; body_font=&#8220;Muli||||||||&#8220; body_text_color=&#8220;#1b1919&#8243; body_font_size=&#8220;15px&#8220; body_line_height=&#8220;1.8em&#8220; use_background_color=&#8220;off&#8220; custom_button=&#8220;on&#8220; button_text_size=&#8220;16px&#8220; button_text_color=&#8220;#ffffff&#8220; button_bg_color=&#8220;#91802f&#8220; button_border_width=&#8220;10px&#8220; button_border_color=&#8220;rgba(0,0,0,0)&#8220; button_border_radius=&#8220;0px&#8220; button_font=&#8220;Muli|700|||||||&#8220; button_use_icon=&#8220;off&#8220; text_orientation=&#8220;left&#8220; background_layout=&#8220;light&#8220; custom_padding=&#8220;|||&#8220; button_border_radius_hover=&#8220;0px&#8220; button_text_size__hover_enabled=&#8220;off&#8220; button_one_text_size__hover_enabled=&#8220;off&#8220; button_two_text_size__hover_enabled=&#8220;off&#8220; button_text_color__hover_enabled=&#8220;off&#8220; button_one_text_color__hover_enabled=&#8220;off&#8220; button_two_text_color__hover_enabled=&#8220;off&#8220; button_border_width__hover_enabled=&#8220;off&#8220; button_one_border_width__hover_enabled=&#8220;off&#8220; button_two_border_width__hover_enabled=&#8220;off&#8220; button_border_color__hover_enabled=&#8220;off&#8220; button_one_border_color__hover_enabled=&#8220;off&#8220; button_two_border_color__hover_enabled=&#8220;off&#8220; button_border_radius__hover_enabled=&#8220;on&#8220; button_border_radius__hover=&#8220;0px&#8220; button_one_border_radius__hover_enabled=&#8220;off&#8220; button_two_border_radius__hover_enabled=&#8220;off&#8220; button_letter_spacing__hover_enabled=&#8220;off&#8220; button_one_letter_spacing__hover_enabled=&#8220;off&#8220; button_two_letter_spacing__hover_enabled=&#8220;off&#8220; button_bg_color__hover_enabled=&#8220;off&#8220; button_one_bg_color__hover_enabled=&#8220;off&#8220; button_two_bg_color__hover_enabled=&#8220;off&#8220;]<\/p>\n<p style=\"text-align: justify;\">Kobercov\u00e9 \u010dtverce jsou kv\u016fli sv\u00e9 vysok\u00e9 z\u00e1t\u011b\u017ei vhodn\u00e9 zejm\u00e9na do komer\u010dn\u00edch prostor, umo\u017e\u0148uj\u00ed v\u0161ak d\u00edky mo\u017enosti kombinac\u00ed barev a tvar\u016f pou\u017eit\u00ed i v bytov\u00fdch projektech. V\u00fdhodou kobercov\u00fdch \u010dtverc\u016f je mo\u017enost jednoduch\u00e9 v\u00fdm\u011bny d\u00edlce p\u0159i jeho po\u0161kozen\u00ed.<\/p>\n<p style=\"text-align: justify;\">O\u017eivte sv\u016fj interi\u00e9r kusov\u00fdm kobercem. Nab\u00edz\u00edme standardn\u00ed rozm\u011bry 50&#215;50, ale tak\u00e9 form\u00e1ty nestandardn\u00ed dle va\u0161ich pot\u0159eb. Vyberte si materi\u00e1l, kter\u00fd je pro v\u00e1\u0161 prostor vhodn\u00fd, nap\u0159\u00edklad ka\u0161m\u00edr \u010di sisal. R\u00e1di v\u00e1m s v\u00fdb\u011brem porad\u00edme.<\/p>\n<p style=\"text-align: justify;\">\n<p>[\/et_pb_cta][\/et_pb_column][\/et_pb_row][et_pb_row column_structure=&#8220;1_2,1_2&#8243; use_custom_gutter=&#8220;on&#8220; gutter_width=&#8220;1&#8243; make_equal=&#8220;on&#8220; admin_label=&#8220;Case Study Row&#8220; _builder_version=&#8220;3.25&#8243;][et_pb_column type=&#8220;1_2&#8243; _builder_version=&#8220;3.25&#8243; background_color=&#8220;#ffffff&#8220; custom_padding=&#8220;60px|60px|60px|60px&#8220; custom_padding__hover=&#8220;|||&#8220;][et_pb_cta title=&#8220;Vinylov\u00e9 podlahy&#8220; button_url=&#8220;https:\/\/www.rudan.cz\/\/?page_id=169&#8243; button_text=&#8220;DETAIL&#8220; admin_label=&#8220;Title Paragraph &#038; CTA Button&#8220; _builder_version=&#8220;4.5.0&#8243; header_level=&#8220;h3&#8243; header_font=&#8220;Muli|700|||||||&#8220; header_font_size=&#8220;26px&#8220; header_line_height=&#8220;1.4em&#8220; body_font=&#8220;Muli||||||||&#8220; body_text_color=&#8220;#1b1919&#8243; body_font_size=&#8220;15px&#8220; body_line_height=&#8220;1.8em&#8220; use_background_color=&#8220;off&#8220; custom_button=&#8220;on&#8220; button_text_size=&#8220;16px&#8220; button_text_color=&#8220;#ffffff&#8220; button_bg_color=&#8220;#91802f&#8220; button_border_width=&#8220;10px&#8220; button_border_color=&#8220;rgba(0,0,0,0)&#8220; button_border_radius=&#8220;0px&#8220; button_font=&#8220;Muli|700|||||||&#8220; button_use_icon=&#8220;off&#8220; text_orientation=&#8220;left&#8220; background_layout=&#8220;light&#8220; custom_padding=&#8220;|||&#8220; button_border_radius_hover=&#8220;0px&#8220; button_text_size__hover_enabled=&#8220;off&#8220; button_one_text_size__hover_enabled=&#8220;off&#8220; button_two_text_size__hover_enabled=&#8220;off&#8220; button_text_color__hover_enabled=&#8220;off&#8220; button_one_text_color__hover_enabled=&#8220;off&#8220; button_two_text_color__hover_enabled=&#8220;off&#8220; button_border_width__hover_enabled=&#8220;off&#8220; button_one_border_width__hover_enabled=&#8220;off&#8220; button_two_border_width__hover_enabled=&#8220;off&#8220; button_border_color__hover_enabled=&#8220;off&#8220; button_one_border_color__hover_enabled=&#8220;off&#8220; button_two_border_color__hover_enabled=&#8220;off&#8220; button_border_radius__hover_enabled=&#8220;on&#8220; button_border_radius__hover=&#8220;0px&#8220; button_one_border_radius__hover_enabled=&#8220;off&#8220; button_two_border_radius__hover_enabled=&#8220;off&#8220; button_letter_spacing__hover_enabled=&#8220;off&#8220; button_one_letter_spacing__hover_enabled=&#8220;off&#8220; button_two_letter_spacing__hover_enabled=&#8220;off&#8220; button_bg_color__hover_enabled=&#8220;off&#8220; button_one_bg_color__hover_enabled=&#8220;off&#8220; button_two_bg_color__hover_enabled=&#8220;off&#8220;]<\/p>\n<p style=\"text-align: justify;\">Vinylov\u00e9 LVT podlahy imituj\u00ed sv\u00fdm designem d\u0159evo, k\u00e1men, beton, dla\u017ebu, textil \u010di abstraktn\u00ed vzory a hod\u00ed se do komer\u010dn\u00edch i reziden\u010dn\u00edch prostor. Maj\u00ed \u0159adu vynikaj\u00edc\u00edch vlastnost\u00ed, jako je velmi vysok\u00e1 odolnost, snadn\u00e1 \u00fadr\u017eba a velmi dobr\u00e9 akustick\u00e9 vlastnosti.<\/p>\n<p style=\"text-align: justify;\">Tento typ podlahy pat\u0159\u00ed v posledn\u00ed dob\u011b mezi velmi obl\u00edben\u00fd, a to zejm\u00e9na kv\u016fli tomu, \u017ee spojuje prakti\u010dnost s designem. Nab\u00edz\u00edme mnoho druh\u016f, barev \u010di tvar\u016f.\u00a0<\/p>\n<p style=\"text-align: justify;\">[\/et_pb_cta][\/et_pb_column][et_pb_column type=&#8220;1_2&#8243; _builder_version=&#8220;3.25&#8243; custom_padding=&#8220;|||&#8220; custom_padding__hover=&#8220;|||&#8220;][et_pb_slider _builder_version=&#8220;4.5.0&#8243; _module_preset=&#8220;default&#8220; custom_padding=&#8220;55%||55%||true|false&#8220;][et_pb_slide _builder_version=&#8220;4.5.0&#8243; _module_preset=&#8220;default&#8220; background_image=&#8220;https:\/\/www.rudan.cz\/\/wp-content\/uploads\/2020\/07\/Contract-SL-Tajima-4.jpg&#8220; background_enable_image=&#8220;on&#8220;][\/et_pb_slide][\/et_pb_slider][\/et_pb_column][\/et_pb_row][et_pb_row column_structure=&#8220;1_2,1_2&#8243; use_custom_gutter=&#8220;on&#8220; gutter_width=&#8220;1&#8243; make_equal=&#8220;on&#8220; admin_label=&#8220;Case Study Row&#8220; _builder_version=&#8220;3.25&#8243;][et_pb_column type=&#8220;1_2&#8243; _builder_version=&#8220;3.25&#8243; custom_padding=&#8220;|||&#8220; custom_padding__hover=&#8220;|||&#8220;][et_pb_slider _builder_version=&#8220;4.5.0&#8243; _module_preset=&#8220;default&#8220; custom_padding=&#8220;55%||55%||true|false&#8220;][et_pb_slide _builder_version=&#8220;4.5.0&#8243; _module_preset=&#8220;default&#8220; background_image=&#8220;https:\/\/www.rudan.cz\/\/wp-content\/uploads\/2020\/07\/loose-lay.jpg&#8220; background_enable_image=&#8220;on&#8220;][\/et_pb_slide][\/et_pb_slider][\/et_pb_column][et_pb_column type=&#8220;1_2&#8243; _builder_version=&#8220;3.25&#8243; background_color=&#8220;#ffffff&#8220; custom_padding=&#8220;60px|60px|60px|60px&#8220; custom_padding__hover=&#8220;|||&#8220;][et_pb_cta title=&#8220;Samole\u017e\u00edc\u00ed Loose lay &#8220; button_url=&#8220;https:\/\/www.rudan.cz\/\/loose-lay-pvc-vinyl\/&#8220; button_text=&#8220;DETAIL&#8220; admin_label=&#8220;Title Paragraph &#038; CTA Button&#8220; _builder_version=&#8220;4.5.0&#8243; header_level=&#8220;h3&#8243; header_font=&#8220;Muli|700|||||||&#8220; header_font_size=&#8220;35px&#8220; header_line_height=&#8220;1.4em&#8220; body_font=&#8220;Muli||||||||&#8220; body_text_color=&#8220;#1b1919&#8243; body_font_size=&#8220;15px&#8220; body_line_height=&#8220;1.8em&#8220; use_background_color=&#8220;off&#8220; custom_button=&#8220;on&#8220; button_text_size=&#8220;16px&#8220; button_text_color=&#8220;#ffffff&#8220; button_bg_color=&#8220;#91802f&#8220; button_border_width=&#8220;10px&#8220; button_border_color=&#8220;rgba(0,0,0,0)&#8220; button_border_radius=&#8220;0px&#8220; button_font=&#8220;Muli|700|||||||&#8220; button_use_icon=&#8220;off&#8220; text_orientation=&#8220;left&#8220; background_layout=&#8220;light&#8220; custom_padding=&#8220;|||&#8220; button_border_radius_hover=&#8220;0px&#8220; button_text_size__hover_enabled=&#8220;off&#8220; button_one_text_size__hover_enabled=&#8220;off&#8220; button_two_text_size__hover_enabled=&#8220;off&#8220; button_text_color__hover_enabled=&#8220;off&#8220; button_one_text_color__hover_enabled=&#8220;off&#8220; button_two_text_color__hover_enabled=&#8220;off&#8220; button_border_width__hover_enabled=&#8220;off&#8220; button_one_border_width__hover_enabled=&#8220;off&#8220; button_two_border_width__hover_enabled=&#8220;off&#8220; button_border_color__hover_enabled=&#8220;off&#8220; button_one_border_color__hover_enabled=&#8220;off&#8220; button_two_border_color__hover_enabled=&#8220;off&#8220; button_border_radius__hover_enabled=&#8220;on&#8220; button_border_radius__hover=&#8220;0px&#8220; button_one_border_radius__hover_enabled=&#8220;off&#8220; button_two_border_radius__hover_enabled=&#8220;off&#8220; button_letter_spacing__hover_enabled=&#8220;off&#8220; button_one_letter_spacing__hover_enabled=&#8220;off&#8220; button_two_letter_spacing__hover_enabled=&#8220;off&#8220; button_bg_color__hover_enabled=&#8220;off&#8220; button_one_bg_color__hover_enabled=&#8220;off&#8220; button_two_bg_color__hover_enabled=&#8220;off&#8220;]<\/p>\n<p style=\"text-align: justify;\"><span>Samole\u017e\u00edc\u00ed loose-lay vinylov\u00e1 podlaha je relativn\u00ed novinkou na trhu a t\u011b\u0161\u00ed se st\u00e1le v\u011bt\u0161\u00ed popularit\u011b. Pro\u010d? Proto\u017ee se jedn\u00e1 o velice kvalitn\u00ed materi\u00e1l, kter\u00fd lze instalovat bez lepidel. Pokud dojde k po\u0161kozen\u00ed vym\u011bn\u00edte jen po\u0161kozen\u00fd d\u00edlec bez slo\u017eit\u00e9ho vy\u0159ez\u00e1v\u00e1n\u00ed \u010di lepen\u00ed.\u00a0<\/span><\/p>\n<p style=\"text-align: justify;\"><span>Samole\u017e\u00edc\u00ed vinylov\u00e1 podlaha Contract SL d\u00edky patentovan\u00e9 rubov\u00e9 \u00faprav\u011b vyrovn\u00e1v\u00e1 minim\u00e1ln\u00ed v\u00fd\u0161kov\u00e9 rozd\u00edly podkladov\u00e9 vrstvy a je mo\u017en\u00e9 j\u00ed instalovat na podklady s\u00a0vlhkost\u00ed do 8 %.\u00a0<\/span><\/p>\n<p>[\/et_pb_cta][\/et_pb_column][\/et_pb_row][\/et_pb_section]<\/p>\n","protected":false},"excerpt":{"rendered":"<p>Na\u0161e nab\u00eddka Pod\u00edvejte se na \u0161irokou nab\u00eddku na\u0161ich podlahov\u00fdch krytin. To, co vid\u00edte na webu, je jen zlomek toho, co v\u00e1m m\u016f\u017eeme nab\u00eddnout. Pokud m\u00e1te n\u011bjak\u00e9 specifick\u00e9 p\u0159\u00e1n\u00ed nebo jste nena\u0161li to, co hled\u00e1te, kontaktujte n\u00e1s. Nab\u00edz\u00edme koberce vhodn\u00e9 do bytov\u00fdch i komer\u010dn\u00edch prostor, v \u0161irok\u00e9 \u0161k\u00e1le barev, materi\u00e1l\u016f, \u0161\u00ed\u0159\u00ed, pou\u017eit\u00fdch materi\u00e1l\u016f i r\u016fzn\u00fdch technologi\u00ed [&hellip;]<\/p>\n","protected":false},"author":1,"featured_media":0,"parent":0,"menu_order":0,"comment_status":"closed","ping_status":"closed","template":"","meta":{"_et_pb_use_builder":"on","_et_pb_old_content":"<!-- wp:divi\/placeholder \/-->","_et_gb_content_width":"","footnotes":""},"class_list":["post-63","page","type-page","status-publish","hentry"],"_links":{"self":[{"href":"https:\/\/www.rudan.cz\/cs\/wp-json\/wp\/v2\/pages\/63","targetHints":{"allow":["GET"]}}],"collection":[{"href":"https:\/\/www.rudan.cz\/cs\/wp-json\/wp\/v2\/pages"}],"about":[{"href":"https:\/\/www.rudan.cz\/cs\/wp-json\/wp\/v2\/types\/page"}],"author":[{"embeddable":true,"href":"https:\/\/www.rudan.cz\/cs\/wp-json\/wp\/v2\/users\/1"}],"replies":[{"embeddable":true,"href":"https:\/\/www.rudan.cz\/cs\/wp-json\/wp\/v2\/comments?post=63"}],"version-history":[{"count":20,"href":"https:\/\/www.rudan.cz\/cs\/wp-json\/wp\/v2\/pages\/63\/revisions"}],"predecessor-version":[{"id":678,"href":"https:\/\/www.rudan.cz\/cs\/wp-json\/wp\/v2\/pages\/63\/revisions\/678"}],"wp:attachment":[{"href":"https:\/\/www.rudan.cz\/cs\/wp-json\/wp\/v2\/media?parent=63"}],"curies":[{"name":"wp","href":"https:\/\/api.w.org\/{rel}","templated":true}]}}