{"id":65,"date":"2020-07-20T15:23:37","date_gmt":"2020-07-20T13:23:37","guid":{"rendered":"https:\/\/www.rudan.cz\/\/?page_id=65"},"modified":"2020-08-25T14:24:45","modified_gmt":"2020-08-25T12:24:45","slug":"koberce-v-rolich","status":"publish","type":"page","link":"https:\/\/www.rudan.cz\/cs\/koberce-v-rolich\/","title":{"rendered":"Koberce v rol\u00edch"},"content":{"rendered":"<p>[et_pb_section fb_built=&#8220;1&#8243; admin_label=&#8220;Header Section&#8220; _builder_version=&#8220;4.5.0&#8243; use_background_color_gradient=&#8220;on&#8220; background_color_gradient_start=&#8220;#ffffff&#8220; background_color_gradient_end=&#8220;rgba(255,255,255,0)&#8220; background_color_gradient_end_position=&#8220;70%&#8220; background_color_gradient_overlays_image=&#8220;on&#8220; background_image=&#8220;https:\/\/www.rudan.cz\/\/wp-content\/uploads\/2020\/07\/Edel-Zeal-106-Mink-1.jpg&#8220; custom_padding=&#8220;||0px||false|false&#8220; background_last_edited=&#8220;on|tablet&#8220; background_color_gradient_end_position_tablet=&#8220;100%&#8220; background_color_gradient_end_position_phone=&#8220;100%&#8220;][et_pb_row custom_padding_last_edited=&#8220;off|desktop&#8220; admin_label=&#8220;Header Row&#8220; _builder_version=&#8220;4.5.0&#8243; custom_margin=&#8220;5%||5%||false|false&#8220; custom_padding=&#8220;|||&#8220; custom_padding_phone=&#8220;3vw|||&#8220;][et_pb_column type=&#8220;4_4&#8243; _builder_version=&#8220;3.25&#8243; custom_padding=&#8220;|||&#8220; custom_padding__hover=&#8220;|||&#8220;][et_pb_cta title=&#8220;Koberce v rol\u00edch&#8220; button_url=&#8220;#&#8220; admin_label=&#8220;Heading, Subheading &#038; Button&#8220; _builder_version=&#8220;4.5.0&#8243; header_level=&#8220;h1&#8243; header_font=&#8220;Muli|700|||||||&#8220; header_font_size=&#8220;65px&#8220; header_line_height=&#8220;1.4em&#8220; body_font=&#8220;Muli|600|||||||&#8220; body_font_size=&#8220;18px&#8220; body_line_height=&#8220;1.8em&#8220; use_background_color=&#8220;off&#8220; custom_button=&#8220;on&#8220; button_text_size=&#8220;16px&#8220; button_text_color=&#8220;#ffffff&#8220; button_bg_color=&#8220;#f4583f&#8220; button_border_width=&#8220;10px&#8220; button_border_color=&#8220;rgba(244,88,63,0)&#8220; button_border_radius=&#8220;0px&#8220; button_font=&#8220;Muli|700|||||||&#8220; button_use_icon=&#8220;off&#8220; background_layout=&#8220;light&#8220; max_width=&#8220;800px&#8220; module_alignment=&#8220;center&#8220; custom_margin=&#8220;|||&#8220; custom_margin_tablet=&#8220;3vw||3vw|&#8220; custom_margin_phone=&#8220;|||&#8220; custom_margin_last_edited=&#8220;off|desktop&#8220; animation_style=&#8220;fade&#8220; header_font_size_tablet=&#8220;&#8220; header_font_size_phone=&#8220;50px&#8220; header_font_size_last_edited=&#8220;on|phone&#8220; button_text_color_hover=&#8220;#ffffff&#8220; button_border_color_hover=&#8220;rgba(244,88,63,0)&#8220; button_border_radius_hover=&#8220;0px&#8220; button_bg_color_hover=&#8220;#f4583f&#8220; button_text_size__hover_enabled=&#8220;off&#8220; button_one_text_size__hover_enabled=&#8220;off&#8220; button_two_text_size__hover_enabled=&#8220;off&#8220; button_text_color__hover_enabled=&#8220;on&#8220; button_text_color__hover=&#8220;#ffffff&#8220; button_one_text_color__hover_enabled=&#8220;off&#8220; button_two_text_color__hover_enabled=&#8220;off&#8220; button_border_width__hover_enabled=&#8220;off&#8220; button_one_border_width__hover_enabled=&#8220;off&#8220; button_two_border_width__hover_enabled=&#8220;off&#8220; button_border_color__hover_enabled=&#8220;on&#8220; button_border_color__hover=&#8220;rgba(244,88,63,0)&#8220; button_one_border_color__hover_enabled=&#8220;off&#8220; button_two_border_color__hover_enabled=&#8220;off&#8220; button_border_radius__hover_enabled=&#8220;on&#8220; button_border_radius__hover=&#8220;0px&#8220; button_one_border_radius__hover_enabled=&#8220;off&#8220; button_two_border_radius__hover_enabled=&#8220;off&#8220; button_letter_spacing__hover_enabled=&#8220;off&#8220; button_one_letter_spacing__hover_enabled=&#8220;off&#8220; button_two_letter_spacing__hover_enabled=&#8220;off&#8220; button_bg_color__hover_enabled=&#8220;on&#8220; button_bg_color__hover=&#8220;#f4583f&#8220; button_one_bg_color__hover_enabled=&#8220;off&#8220; button_two_bg_color__hover_enabled=&#8220;off&#8220;][\/et_pb_cta][\/et_pb_column][\/et_pb_row][et_pb_row column_structure=&#8220;1_2,1_2&#8243; use_custom_gutter=&#8220;on&#8220; gutter_width=&#8220;1&#8243; admin_label=&#8220;Service Row&#8220; module_class=&#8220; et_pb_row_fullwidth&#8220; _builder_version=&#8220;4.5.0&#8243; width=&#8220;100%&#8220; width_tablet=&#8220;100%&#8220; width_phone=&#8220;&#8220; width_last_edited=&#8220;on|desktop&#8220; max_width=&#8220;100%&#8220; max_width_tablet=&#8220;100%&#8220; max_width_phone=&#8220;&#8220; max_width_last_edited=&#8220;on|desktop&#8220; custom_margin=&#8220;|||&#8220; custom_padding=&#8220;0px||0px||false|false&#8220; make_fullwidth=&#8220;on&#8220;][et_pb_column type=&#8220;1_2&#8243; _builder_version=&#8220;4.5.0&#8243; background_color=&#8220;#ffffff&#8220; custom_padding=&#8220;100px|60px|100px|60px&#8220; background_last_edited=&#8220;on|tablet&#8220; background_enable_color_tablet=&#8220;off&#8220; background_enable_color_phone=&#8220;off&#8220; custom_padding__hover=&#8220;|||&#8220;][et_pb_text admin_label=&#8220;Title &#038; Paragraph&#8220; _builder_version=&#8220;4.5.0&#8243; text_font=&#8220;Muli|600|||||||&#8220; text_font_size=&#8220;18px&#8220; text_line_height=&#8220;1.8em&#8220; header_font=&#8220;||||||||&#8220; header_2_font=&#8220;Muli|700|||||||&#8220; header_2_text_color=&#8220;#1b1919&#8243; header_2_font_size=&#8220;40px&#8220; header_2_line_height=&#8220;1.4em&#8220; max_width=&#8220;600px&#8220; max_width_tablet=&#8220;&#8220; max_width_phone=&#8220;&#8220; max_width_last_edited=&#8220;on|phone&#8220; module_alignment=&#8220;right&#8220; custom_margin=&#8220;|||&#8220; custom_padding=&#8220;|||&#8220; custom_padding_last_edited=&#8220;off|desktop&#8220; header_2_font_size_tablet=&#8220;30px&#8220; header_2_font_size_phone=&#8220;30px&#8220; header_2_font_size_last_edited=&#8220;on|tablet&#8220;]<\/p>\n<h2>\u0160irok\u00e1 nab\u00eddka koberc\u016f vhodn\u00fdch do bytov\u00fdch i komer\u010dn\u00edch prostor<\/h2>\n<p>[\/et_pb_text][\/et_pb_column][et_pb_column type=&#8220;1_2&#8243; _builder_version=&#8220;3.25&#8243; custom_padding=&#8220;|||&#8220; custom_padding__hover=&#8220;|||&#8220;][\/et_pb_column][\/et_pb_row][\/et_pb_section][et_pb_section fb_built=&#8220;1&#8243; admin_label=&#8220;Intro Section&#8220; _builder_version=&#8220;3.22&#8243; custom_padding=&#8220;0px|0px|0px|0px&#8220;][et_pb_row column_structure=&#8220;1_2,1_2&#8243; use_custom_gutter=&#8220;on&#8220; gutter_width=&#8220;1&#8243; admin_label=&#8220;Service Row&#8220; module_class=&#8220; et_pb_row_fullwidth&#8220; _builder_version=&#8220;4.5.0&#8243; background_image=&#8220;https:\/\/www.rudan.cz\/\/wp-content\/uploads\/2020\/07\/jacaranda.jpg&#8220; width=&#8220;100%&#8220; width_tablet=&#8220;100%&#8220; width_phone=&#8220;&#8220; width_last_edited=&#8220;on|desktop&#8220; max_width=&#8220;100%&#8220; max_width_tablet=&#8220;100%&#8220; max_width_phone=&#8220;&#8220; max_width_last_edited=&#8220;on|desktop&#8220; custom_margin=&#8220;|||&#8220; custom_padding=&#8220;0px|0px|0px|0px&#8220; background_last_edited=&#8220;on|desktop&#8220; background_enable_image_tablet=&#8220;off&#8220; background_enable_image_phone=&#8220;off&#8220; make_fullwidth=&#8220;on&#8220;][et_pb_column type=&#8220;1_2&#8243; _builder_version=&#8220;3.25&#8243; custom_padding=&#8220;|||&#8220; custom_padding_tablet=&#8220;200px|||&#8220; custom_padding_phone=&#8220;&#8220; custom_padding_last_edited=&#8220;on|tablet&#8220; padding_tablet=&#8220;200px|||&#8220; padding_last_edited=&#8220;on|tablet&#8220; custom_padding__hover=&#8220;|||&#8220;][\/et_pb_column][et_pb_column type=&#8220;1_2&#8243; _builder_version=&#8220;4.5.0&#8243; background_color=&#8220;#91802f&#8220; custom_padding=&#8220;100px|60px|100px|60px|false|false&#8220; custom_padding_tablet=&#8220;50px||50px||true|false&#8220; custom_padding_phone=&#8220;30px|60px|30px|60px|false|false&#8220; custom_padding_last_edited=&#8220;on|tablet&#8220; custom_padding__hover=&#8220;|||&#8220;][et_pb_text admin_label=&#8220;Title &#038; Paragraph&#8220; _builder_version=&#8220;4.5.0&#8243; text_font=&#8220;Muli|600|||||||&#8220; text_font_size=&#8220;18px&#8220; text_line_height=&#8220;1.8em&#8220; header_font=&#8220;||||||||&#8220; header_2_font=&#8220;Muli||||||||&#8220; header_2_font_size=&#8220;25px&#8220; header_2_line_height=&#8220;1.4em&#8220; background_layout=&#8220;dark&#8220; max_width=&#8220;600px&#8220; max_width_tablet=&#8220;&#8220; max_width_phone=&#8220;&#8220; max_width_last_edited=&#8220;on|phone&#8220; module_alignment=&#8220;left&#8220; custom_margin=&#8220;|||&#8220; custom_margin_phone=&#8220;|||&#8220; custom_margin_last_edited=&#8220;off|desktop&#8220; custom_padding=&#8220;|||&#8220; custom_padding_tablet=&#8220;|||&#8220; custom_padding_phone=&#8220;|||&#8220; custom_padding_last_edited=&#8220;off|desktop&#8220; header_2_font_size_tablet=&#8220;18px&#8220; header_2_font_size_phone=&#8220;18px&#8220; header_2_font_size_last_edited=&#8220;on|phone&#8220;]<\/p>\n<h2>Nab\u00edz\u00edme velmi \u0161irokou \u0161k\u00e1lu barev, materi\u00e1l\u016f, \u0161\u00ed\u0159\u00ed, pou\u017eit\u00fdch materi\u00e1l\u016f i r\u016fzn\u00fdch technologi\u00ed v\u00fdroby&#8230;<\/h2>\n<p>&nbsp;<\/p>\n<h2>Zavolejte n\u00e1m \u010di napi\u0161te a my v\u00e1m p\u0159iprav\u00edme nab\u00eddku dle pot\u0159eb va\u0161eho prostoru \u010di p\u0159ipravovan\u00e9ho projektu.<\/h2>\n<p>[\/et_pb_text][\/et_pb_column][\/et_pb_row][et_pb_row column_structure=&#8220;1_2,1_2&#8243; use_custom_gutter=&#8220;on&#8220; gutter_width=&#8220;1&#8243; admin_label=&#8220;Intro Row&#8220; module_class=&#8220; et_pb_row_fullwidth&#8220; _builder_version=&#8220;4.5.0&#8243; width=&#8220;100%&#8220; width_tablet=&#8220;100%&#8220; width_phone=&#8220;&#8220; width_last_edited=&#8220;on|desktop&#8220; max_width=&#8220;100%&#8220; max_width_tablet=&#8220;100%&#8220; max_width_phone=&#8220;&#8220; max_width_last_edited=&#8220;on|desktop&#8220; custom_margin=&#8220;|||&#8220; custom_padding=&#8220;0px||0px|&#8220; make_fullwidth=&#8220;on&#8220;][et_pb_column type=&#8220;1_2&#8243; _builder_version=&#8220;4.5.0&#8243; background_color=&#8220;#ffffff&#8220; custom_padding=&#8220;50px|60px|50px|60px|false|false&#8220; custom_padding__hover=&#8220;|||&#8220;][et_pb_text admin_label=&#8220;Title &#038; Paragraph&#8220; _builder_version=&#8220;4.5.0&#8243; text_font=&#8220;Muli||||||||&#8220; text_text_color=&#8220;#1b1919&#8243; text_font_size=&#8220;15px&#8220; text_line_height=&#8220;1.8em&#8220; header_font=&#8220;||||||||&#8220; header_2_font=&#8220;Muli|700|||||||&#8220; header_2_font_size=&#8220;35px&#8220; header_2_line_height=&#8220;1.4em&#8220; max_width=&#8220;600px&#8220; max_width_tablet=&#8220;&#8220; max_width_phone=&#8220;&#8220; max_width_last_edited=&#8220;on|phone&#8220; module_alignment=&#8220;right&#8220; custom_margin=&#8220;|||&#8220; custom_padding=&#8220;|||&#8220; custom_padding_last_edited=&#8220;off|desktop&#8220; header_2_font_size_tablet=&#8220;&#8220; header_2_font_size_phone=&#8220;40px&#8220; header_2_font_size_last_edited=&#8220;on|desktop&#8220;]<\/p>\n<h2>Na\u0161i dodavatel\u00e9<\/h2>\n<p>[\/et_pb_text][et_pb_text admin_label=&#8220;Title &#038; Paragraph&#8220; _builder_version=&#8220;4.5.0&#8243; text_font=&#8220;Muli||||||||&#8220; text_text_color=&#8220;#1b1919&#8243; text_font_size=&#8220;15px&#8220; text_line_height=&#8220;1.8em&#8220; header_font=&#8220;||||||||&#8220; header_2_font=&#8220;Muli|700|||||||&#8220; header_2_font_size=&#8220;35px&#8220; header_2_line_height=&#8220;1.4em&#8220; max_width=&#8220;600px&#8220; max_width_tablet=&#8220;&#8220; max_width_phone=&#8220;&#8220; max_width_last_edited=&#8220;on|phone&#8220; module_alignment=&#8220;right&#8220; custom_margin=&#8220;|||&#8220; custom_padding=&#8220;|||&#8220; custom_padding_last_edited=&#8220;off|desktop&#8220; header_2_font_size_tablet=&#8220;&#8220; header_2_font_size_phone=&#8220;40px&#8220; header_2_font_size_last_edited=&#8220;on|desktop&#8220;]<\/p>\n<p><a href=\"https:\/\/www.edelcarpets.com\/en\/\" target=\"_blank\" rel=\"noopener noreferrer\"><img loading=\"lazy\" decoding=\"async\" src=\"https:\/\/www.rudan.cz\/\/wp-content\/uploads\/2020\/07\/edel.png\" width=\"100\" height=\"50\" alt=\"\" class=\"wp-image-196 alignnone size-full\" \/><\/a><\/p>\n<p>Inovativn\u00ed holandsk\u00fd v\u00fdrobce s v\u00edce ne\u017e 100letou tradic\u00ed. Ve\u0161ker\u00e1 v\u00fdroba i v\u00fdvoj prob\u00edhaj\u00ed v Nizozemsku, kolekce se skl\u00e1d\u00e1 z polyamidov\u00fdch a vln\u011bn\u00fdch koberc\u016f v rol\u00edch a ve form\u011b kusov\u00fdch koberc\u016f.<\/p>\n<p>[\/et_pb_text][et_pb_text admin_label=&#8220;Title &#038; Paragraph&#8220; _builder_version=&#8220;4.5.0&#8243; text_font=&#8220;Muli||||||||&#8220; text_text_color=&#8220;#1b1919&#8243; text_font_size=&#8220;15px&#8220; text_line_height=&#8220;1.8em&#8220; header_font=&#8220;||||||||&#8220; header_2_font=&#8220;Muli|700|||||||&#8220; header_2_font_size=&#8220;35px&#8220; header_2_line_height=&#8220;1.4em&#8220; max_width=&#8220;600px&#8220; max_width_tablet=&#8220;&#8220; max_width_phone=&#8220;&#8220; max_width_last_edited=&#8220;on|phone&#8220; module_alignment=&#8220;right&#8220; custom_margin=&#8220;|||&#8220; custom_padding=&#8220;|||&#8220; custom_padding_last_edited=&#8220;off|desktop&#8220; header_2_font_size_tablet=&#8220;&#8220; header_2_font_size_phone=&#8220;40px&#8220; header_2_font_size_last_edited=&#8220;on|desktop&#8220;]<\/p>\n<p><a href=\"https:\/\/www.jacarandacarpets.com\/en\/\" target=\"_blank\" rel=\"noopener noreferrer\"><img loading=\"lazy\" decoding=\"async\" src=\"https:\/\/www.rudan.cz\/\/wp-content\/uploads\/2020\/08\/jacaranda-mal\u00e9.png\" width=\"100\" height=\"50\" alt=\"\" class=\"wp-image-379 alignnone size-full\" \/><\/a><\/p>\n<p>Ru\u010dn\u011b tkan\u00e9 a vy\u0161\u00edvan\u00e9 koberce z Tencelu a z vlny v nejvy\u0161\u0161\u00ed kvalit\u011b.\u00a0Koberce s individu\u00e1ln\u00edm designem z hedv\u00e1b\u00ed.<span class=\"Apple-converted-space\">\u00a0<\/span>V\u017edy s ohledem na ekologickou a etickou v\u00fdrobu.<\/p>\n<p>[\/et_pb_text][et_pb_text admin_label=&#8220;Title &#038; Paragraph&#8220; _builder_version=&#8220;4.5.0&#8243; text_font=&#8220;Muli||||||||&#8220; text_text_color=&#8220;#1b1919&#8243; text_font_size=&#8220;15px&#8220; text_line_height=&#8220;1.8em&#8220; header_font=&#8220;||||||||&#8220; header_2_font=&#8220;Muli|700|||||||&#8220; header_2_font_size=&#8220;35px&#8220; header_2_line_height=&#8220;1.4em&#8220; max_width=&#8220;600px&#8220; max_width_tablet=&#8220;&#8220; max_width_phone=&#8220;&#8220; max_width_last_edited=&#8220;on|phone&#8220; module_alignment=&#8220;right&#8220; custom_margin=&#8220;|||&#8220; custom_padding=&#8220;|||&#8220; custom_padding_last_edited=&#8220;off|desktop&#8220; header_2_font_size_tablet=&#8220;&#8220; header_2_font_size_phone=&#8220;40px&#8220; header_2_font_size_last_edited=&#8220;on|desktop&#8220;]<\/p>\n<p><a href=\"https:\/\/jabo-carpets.nl\/en\/\" target=\"_blank\" rel=\"noopener noreferrer\"><img loading=\"lazy\" decoding=\"async\" src=\"https:\/\/www.rudan.cz\/\/wp-content\/uploads\/2020\/08\/Jabo-mal\u00e9.png\" width=\"100\" height=\"50\" alt=\"\" class=\"wp-image-375 alignnone size-full\" \/><\/a><\/p>\n<p>Holandsk\u00fd v\u00fdrobce koberc\u016f ze sisalu, vlny a mo\u0159sk\u00e9 tr\u00e1vy. V\u0161echny produkty jsou dostupn\u00e9 krom\u011b rol\u00ed<span class=\"Apple-converted-space\">\u00a0 <\/span>i ve form\u011b kusov\u00fdch koberc\u016f v jak\u00e9mkoli tvaru a rozm\u011bru.<span class=\"Apple-converted-space\">\u00a0<\/span><\/p>\n<p>[\/et_pb_text][\/et_pb_column][et_pb_column type=&#8220;1_2&#8243; _builder_version=&#8220;3.25&#8243; custom_padding=&#8220;|||&#8220; custom_padding__hover=&#8220;|||&#8220;][et_pb_slider _builder_version=&#8220;4.5.0&#8243; _module_preset=&#8220;default&#8220; background_enable_image=&#8220;off&#8220;][et_pb_slide _builder_version=&#8220;4.5.0&#8243; _module_preset=&#8220;default&#8220; background_image=&#8220;https:\/\/www.rudan.cz\/\/wp-content\/uploads\/2020\/07\/Sn\u00edmek-obrazovky-2020-07-24-v-13.25.48.png&#8220; background_enable_image=&#8220;on&#8220; custom_padding=&#8220;40%||40%||true|false&#8220;][\/et_pb_slide][et_pb_slide _builder_version=&#8220;4.5.0&#8243; _module_preset=&#8220;default&#8220; background_image=&#8220;https:\/\/www.rudan.cz\/\/wp-content\/uploads\/2020\/07\/Sn\u00edmek-obrazovky-2020-07-24-v-13.25.23.png&#8220; background_enable_image=&#8220;on&#8220; custom_padding=&#8220;40%||40%||true|false&#8220;][\/et_pb_slide][et_pb_slide _builder_version=&#8220;4.5.0&#8243; _module_preset=&#8220;default&#8220; background_image=&#8220;https:\/\/www.rudan.cz\/\/wp-content\/uploads\/2020\/07\/Edel-Gallery-Antique-1-cm-cotton-2.jpg&#8220; background_enable_image=&#8220;on&#8220; custom_padding=&#8220;40%||40%||true|false&#8220;][\/et_pb_slide][et_pb_slide _builder_version=&#8220;4.5.0&#8243; _module_preset=&#8220;default&#8220; background_image=&#8220;https:\/\/www.rudan.cz\/\/wp-content\/uploads\/2020\/07\/Edel-Vintage.jpg&#8220; background_enable_image=&#8220;on&#8220; custom_padding=&#8220;40%||40%||true|false&#8220;][\/et_pb_slide][et_pb_slide _builder_version=&#8220;4.5.0&#8243; _module_preset=&#8220;default&#8220; background_image=&#8220;https:\/\/www.rudan.cz\/\/wp-content\/uploads\/2020\/07\/obr\u00e1zek.jpg&#8220; background_enable_image=&#8220;on&#8220; custom_padding=&#8220;40%||40%||true|false&#8220;][\/et_pb_slide][et_pb_slide _builder_version=&#8220;4.5.0&#8243; _module_preset=&#8220;default&#8220; background_image=&#8220;https:\/\/www.rudan.cz\/\/wp-content\/uploads\/2020\/07\/Sn\u00edmek-obrazovky-2020-07-24-v-13.25.32.png&#8220; background_enable_image=&#8220;on&#8220; custom_padding=&#8220;40%||40%||true|false&#8220;][\/et_pb_slide][et_pb_slide _builder_version=&#8220;4.5.0&#8243; _module_preset=&#8220;default&#8220; background_image=&#8220;https:\/\/www.rudan.cz\/\/wp-content\/uploads\/2020\/07\/Sn\u00edmek-obrazovky-2020-07-24-v-13.25.41.png&#8220; background_enable_image=&#8220;on&#8220; custom_padding=&#8220;40%||40%||true|false&#8220;][\/et_pb_slide][\/et_pb_slider][\/et_pb_column][\/et_pb_row][\/et_pb_section][et_pb_section fb_built=&#8220;1&#8243; admin_label=&#8220;Services Section&#8220; _builder_version=&#8220;4.5.0&#8243; use_background_color_gradient=&#8220;on&#8220; background_color_gradient_start=&#8220;#ffffff&#8220; background_color_gradient_end=&#8220;rgba(255,255,255,0)&#8220; background_color_gradient_overlays_image=&#8220;on&#8220; background_enable_image=&#8220;off&#8220; background_position=&#8220;bottom_right&#8220; custom_padding=&#8220;|0px|100px|0px|false|false&#8220;][et_pb_row column_structure=&#8220;1_4,1_4,1_2&#8243; use_custom_gutter=&#8220;on&#8220; gutter_width=&#8220;2&#8243; admin_label=&#8220;Services Row&#8220; _builder_version=&#8220;3.25&#8243; custom_padding=&#8220;|||&#8220;][et_pb_column type=&#8220;1_4&#8243; _builder_version=&#8220;3.25&#8243; custom_padding=&#8220;|||&#8220; custom_padding__hover=&#8220;|||&#8220;][et_pb_blurb title=&#8220;Kusov\u00e9 koberce&#8220; url=&#8220;https:\/\/www.rudan.cz\/\/kusove-koberce\/&#8220; admin_label=&#8220;Service&#8220; _builder_version=&#8220;4.5.0&#8243; header_font=&#8220;Muli|700|||||||&#8220; header_text_align=&#8220;center&#8220; header_font_size=&#8220;20px&#8220; header_line_height=&#8220;1.4em&#8220; body_font=&#8220;Muli|600|||||||&#8220; body_text_color=&#8220;#ffffff&#8220; body_font_size=&#8220;16px&#8220; background_color=&#8220;#91802f&#8220; text_orientation=&#8220;center&#8220; background_layout=&#8220;dark&#8220; custom_margin=&#8220;|||&#8220; custom_padding=&#8220;50px|30px|50px|30px&#8220; box_shadow_style=&#8220;preset1&#8243;]<\/p>\n<p>Chcete doladit sv\u016fj interi\u00e9r k dokonalosti? Kusov\u00fd koberec je to prav\u00e9.<\/p>\n<p>[\/et_pb_blurb][et_pb_blurb title=&#8220;Vinylov\u00e1 podlaha&#8220; url=&#8220;https:\/\/www.rudan.cz\/\/vinylove-podlahy\/&#8220; admin_label=&#8220;Service&#8220; _builder_version=&#8220;4.5.0&#8243; header_font=&#8220;Muli|700|||||||&#8220; header_text_align=&#8220;center&#8220; header_text_color=&#8220; c&#8220; header_font_size=&#8220;20px&#8220; header_line_height=&#8220;1.4em&#8220; body_font=&#8220;Muli|600|||||||&#8220; body_text_color=&#8220; c&#8220; body_font_size=&#8220;16px&#8220; background_color=&#8220;#ffffff&#8220; text_orientation=&#8220;center&#8220; custom_margin=&#8220;30px|||&#8220; custom_margin_tablet=&#8220;60px|||&#8220; custom_margin_phone=&#8220;&#8220; custom_margin_last_edited=&#8220;on|phone&#8220; custom_padding=&#8220;50px|30px|50px|30px&#8220; box_shadow_style=&#8220;preset1&#8243;]<\/p>\n<p>Jste sp\u00ed\u0161e pro &#8222;hladk\u00e9&#8220; podlahy? Vinylov\u00e1 podlaha je to prav\u00e9 pro v\u00e1s.<\/p>\n<p>[\/et_pb_blurb][\/et_pb_column][et_pb_column type=&#8220;1_4&#8243; _builder_version=&#8220;3.25&#8243; custom_padding=&#8220;|||&#8220; custom_padding__hover=&#8220;|||&#8220;][et_pb_blurb title=&#8220;Kobercov\u00e9 \u010dtverce&#8220; url=&#8220;https:\/\/www.rudan.cz\/\/ctvercove-koberce\/&#8220; admin_label=&#8220;Service&#8220; _builder_version=&#8220;4.5.0&#8243; header_font=&#8220;Muli|700|||||||&#8220; header_text_align=&#8220;center&#8220; header_font_size=&#8220;20px&#8220; header_line_height=&#8220;1.4em&#8220; body_font=&#8220;Muli|600|||||||&#8220; body_text_color=&#8220;#ffffff&#8220; body_font_size=&#8220;16px&#8220; background_color=&#8220;#1b1919&#8243; text_orientation=&#8220;center&#8220; background_layout=&#8220;dark&#8220; custom_margin=&#8220;150px||||false|false&#8220; custom_margin_tablet=&#8220;30px|||&#8220; custom_margin_phone=&#8220;&#8220; custom_margin_last_edited=&#8220;on|tablet&#8220; custom_padding=&#8220;50px|30px|50px|30px&#8220; box_shadow_style=&#8220;preset1&#8243;]<\/p>\n<p>Jednobarevn\u00fd koberec je nuda. Vyu\u017eijte kobercov\u00e9 \u010dtverce a vytvo\u0159te n\u011bco neokoukan\u00e9ho.<\/p>\n<p>[\/et_pb_blurb][\/et_pb_column][et_pb_column type=&#8220;1_2&#8243; _builder_version=&#8220;3.25&#8243; custom_padding=&#8220;|||&#8220; custom_padding__hover=&#8220;|||&#8220;][et_pb_text admin_label=&#8220;Title&#8220; _builder_version=&#8220;4.5.0&#8243; text_font=&#8220;Muli|600|||||||&#8220; text_text_color=&#8220;#737373&#8243; text_font_size=&#8220;18px&#8220; header_font=&#8220;||||||||&#8220; header_2_font=&#8220;Muli|700|||||||&#8220; header_2_font_size=&#8220;30px&#8220; header_2_line_height=&#8220;1.4em&#8220; max_width_last_edited=&#8220;off|desktop&#8220; custom_margin=&#8220;220px|||&#8220; custom_margin_tablet=&#8220;20px||||false|false&#8220; custom_margin_phone=&#8220;20px||||false|false&#8220; custom_margin_last_edited=&#8220;on|phone&#8220; custom_padding=&#8220;|||&#8220; custom_padding_last_edited=&#8220;off|desktop&#8220; header_2_font_size_tablet=&#8220;&#8220; header_2_font_size_phone=&#8220;40px&#8220; header_2_font_size_last_edited=&#8220;on|phone&#8220; locked=&#8220;off&#8220;]<\/p>\n<h2>Nena\u0161li jste to, co hled\u00e1te?<\/h2>\n<p>Pod\u00edvejte se do nab\u00eddky dal\u0161\u00edch typ\u016f podlah a nebo n\u00e1s kontaktujte.<\/p>\n<p>[\/et_pb_text][et_pb_button button_url=&#8220;https:\/\/www.rudan.cz\/\/kontakt\/&#8220; button_text=&#8220;Kontaktujte n\u00e1s&#8220; button_alignment=&#8220;left&#8220; _builder_version=&#8220;4.5.0&#8243; custom_button=&#8220;on&#8220; button_text_size=&#8220;16px&#8220; button_text_color=&#8220;#ffffff&#8220; button_bg_color=&#8220;#91802f&#8220; button_border_width=&#8220;10px&#8220; button_border_color=&#8220;rgba(0,0,0,0)&#8220; button_border_radius=&#8220;0px&#8220; button_font=&#8220;Muli|700||on|||||&#8220; button_use_icon=&#8220;off&#8220; custom_margin=&#8220;|||&#8220; custom_margin_tablet=&#8220;30px|||0px&#8220; custom_margin_phone=&#8220;&#8220; custom_margin_last_edited=&#8220;on|phone&#8220; custom_padding=&#8220;|||&#8220; button_border_radius_hover=&#8220;0px&#8220; button_text_size__hover_enabled=&#8220;off&#8220; button_one_text_size__hover_enabled=&#8220;off&#8220; button_two_text_size__hover_enabled=&#8220;off&#8220; button_text_color__hover_enabled=&#8220;off&#8220; button_one_text_color__hover_enabled=&#8220;off&#8220; button_two_text_color__hover_enabled=&#8220;off&#8220; button_border_width__hover_enabled=&#8220;off&#8220; button_one_border_width__hover_enabled=&#8220;off&#8220; button_two_border_width__hover_enabled=&#8220;off&#8220; button_border_color__hover_enabled=&#8220;off&#8220; button_one_border_color__hover_enabled=&#8220;off&#8220; button_two_border_color__hover_enabled=&#8220;off&#8220; button_border_radius__hover_enabled=&#8220;on&#8220; button_border_radius__hover=&#8220;0px&#8220; button_one_border_radius__hover_enabled=&#8220;off&#8220; button_two_border_radius__hover_enabled=&#8220;off&#8220; button_letter_spacing__hover_enabled=&#8220;off&#8220; button_one_letter_spacing__hover_enabled=&#8220;off&#8220; button_two_letter_spacing__hover_enabled=&#8220;off&#8220; button_bg_color__hover_enabled=&#8220;off&#8220; button_one_bg_color__hover_enabled=&#8220;off&#8220; button_two_bg_color__hover_enabled=&#8220;off&#8220;][\/et_pb_button][\/et_pb_column][\/et_pb_row][\/et_pb_section]<\/p>\n","protected":false},"excerpt":{"rendered":"<p>\u0160irok\u00e1 nab\u00eddka koberc\u016f vhodn\u00fdch do bytov\u00fdch i komer\u010dn\u00edch prostorNab\u00edz\u00edme velmi \u0161irokou \u0161k\u00e1lu barev, materi\u00e1l\u016f, \u0161\u00ed\u0159\u00ed, pou\u017eit\u00fdch materi\u00e1l\u016f i r\u016fzn\u00fdch technologi\u00ed v\u00fdroby&#8230; &nbsp; Zavolejte n\u00e1m \u010di napi\u0161te a my v\u00e1m p\u0159iprav\u00edme nab\u00eddku dle pot\u0159eb va\u0161eho prostoru \u010di p\u0159ipravovan\u00e9ho projektu.Na\u0161i dodavatel\u00e9 Inovativn\u00ed holandsk\u00fd v\u00fdrobce s v\u00edce ne\u017e 100letou tradic\u00ed. Ve\u0161ker\u00e1 v\u00fdroba i v\u00fdvoj prob\u00edhaj\u00ed v Nizozemsku, kolekce [&hellip;]<\/p>\n","protected":false},"author":1,"featured_media":0,"parent":0,"menu_order":0,"comment_status":"closed","ping_status":"closed","template":"","meta":{"_et_pb_use_builder":"on","_et_pb_old_content":"<!-- wp:divi\/placeholder \/-->","_et_gb_content_width":"","footnotes":""},"class_list":["post-65","page","type-page","status-publish","hentry"],"_links":{"self":[{"href":"https:\/\/www.rudan.cz\/cs\/wp-json\/wp\/v2\/pages\/65","targetHints":{"allow":["GET"]}}],"collection":[{"href":"https:\/\/www.rudan.cz\/cs\/wp-json\/wp\/v2\/pages"}],"about":[{"href":"https:\/\/www.rudan.cz\/cs\/wp-json\/wp\/v2\/types\/page"}],"author":[{"embeddable":true,"href":"https:\/\/www.rudan.cz\/cs\/wp-json\/wp\/v2\/users\/1"}],"replies":[{"embeddable":true,"href":"https:\/\/www.rudan.cz\/cs\/wp-json\/wp\/v2\/comments?post=65"}],"version-history":[{"count":24,"href":"https:\/\/www.rudan.cz\/cs\/wp-json\/wp\/v2\/pages\/65\/revisions"}],"predecessor-version":[{"id":741,"href":"https:\/\/www.rudan.cz\/cs\/wp-json\/wp\/v2\/pages\/65\/revisions\/741"}],"wp:attachment":[{"href":"https:\/\/www.rudan.cz\/cs\/wp-json\/wp\/v2\/media?parent=65"}],"curies":[{"name":"wp","href":"https:\/\/api.w.org\/{rel}","templated":true}]}}