{"id":67,"date":"2020-07-20T15:24:27","date_gmt":"2020-07-20T13:24:27","guid":{"rendered":"https:\/\/www.rudan.cz\/\/?page_id=67"},"modified":"2020-08-03T13:40:28","modified_gmt":"2020-08-03T11:40:28","slug":"aktuality","status":"publish","type":"page","link":"https:\/\/www.rudan.cz\/cs\/aktuality\/","title":{"rendered":"Aktuality"},"content":{"rendered":"<p>[et_pb_section fb_built=&#8220;1&#8243; admin_label=&#8220;Header Section&#8220; _builder_version=&#8220;4.5.0&#8243; use_background_color_gradient=&#8220;on&#8220; background_color_gradient_start=&#8220;#ffffff&#8220; background_color_gradient_end=&#8220;rgba(0,0,0,0)&#8220; background_color_gradient_overlays_image=&#8220;on&#8220; background_image=&#8220;https:\/\/www.rudan.cz\/\/wp-content\/uploads\/2020\/07\/test-1.jpg&#8220; custom_padding=&#8220;10%|0px|10%|0px|false|false&#8220; hover_enabled=&#8220;0&#8243; background_color_gradient_end_position=&#8220;70%&#8220;][et_pb_row admin_label=&#8220;Title Row&#8220; _builder_version=&#8220;3.25&#8243;][et_pb_column type=&#8220;4_4&#8243; _builder_version=&#8220;3.25&#8243; custom_padding=&#8220;|||&#8220; custom_padding__hover=&#8220;|||&#8220;][et_pb_text admin_label=&#8220;Title &#038; Paragraph&#8220; _builder_version=&#8220;4.5.0&#8243; text_font=&#8220;Muli|600|||||||&#8220; text_text_color=&#8220;#ffffff&#8220; text_font_size=&#8220;18px&#8220; text_line_height=&#8220;1.8em&#8220; header_font=&#8220;Muli|700|||||||&#8220; header_font_size=&#8220;65px&#8220; header_line_height=&#8220;1.4em&#8220; header_2_font=&#8220;||||||||&#8220; text_orientation=&#8220;center&#8220; background_layout=&#8220;dark&#8220; max_width=&#8220;640px&#8220; max_width_last_edited=&#8220;off|desktop&#8220; module_alignment=&#8220;center&#8220; custom_margin=&#8220;|||&#8220; custom_margin_tablet=&#8220;0px|||0px&#8220; custom_margin_last_edited=&#8220;off|desktop&#8220; custom_padding=&#8220;|||&#8220; custom_padding_last_edited=&#8220;off|desktop&#8220; animation_style=&#8220;fade&#8220; hover_enabled=&#8220;0&#8243; header_font_size_tablet=&#8220;&#8220; header_font_size_phone=&#8220;50px&#8220; header_font_size_last_edited=&#8220;on|phone&#8220; header_text_color=&#8220;#ffffff&#8220;]<\/p>\n<h1>Aktuality<\/h1>\n<p>Chcete v\u011bd\u011bt, co je u n\u00e1s nov\u00e9ho? Sledujte tuto str\u00e1nku a nic v\u00e1m neunikne. Nov\u00e9 kolekce, materi\u00e1ly, trendy, barvy &#8211; v\u0161e, co by v\u00e1s mohlo zaj\u00edmat.\u00a0<\/p>\n<p>[\/et_pb_text][\/et_pb_column][\/et_pb_row][\/et_pb_section][et_pb_section fb_built=&#8220;1&#8243; admin_label=&#8220;Blog Section&#8220; _builder_version=&#8220;3.22&#8243; background_position=&#8220;top_center&#8220; custom_padding=&#8220;100px|0px|100px|0px&#8220;][et_pb_row admin_label=&#8220;Blog Posts Row&#8220; _builder_version=&#8220;3.25&#8243;][et_pb_column type=&#8220;4_4&#8243; _builder_version=&#8220;3.25&#8243; custom_padding=&#8220;|||&#8220; custom_padding__hover=&#8220;|||&#8220;][et_pb_blog fullwidth=&#8220;off&#8220; posts_number=&#8220;40&#8243; include_categories=&#8220;all&#8220; show_content=&#8220;on&#8220; show_author=&#8220;off&#8220; _builder_version=&#8220;4.5.0&#8243; header_level=&#8220;h4&#8243; header_font=&#8220;Muli|600|||||||&#8220; header_text_color=&#8220;#91802f&#8220; header_font_size=&#8220;18px&#8220; header_line_height=&#8220;1.4em&#8220; body_font=&#8220;Muli|300|||||||&#8220; body_text_color=&#8220;#1b1919&#8243; body_font_size=&#8220;16px&#8220; body_line_height=&#8220;1.8em&#8220; meta_font=&#8220;Muli|600|||||||&#8220; meta_text_color=&#8220;#000000&#8243; meta_font_size=&#8220;14px&#8220; pagination_font=&#8220;Muli|700|||||||&#8220; pagination_text_color=&#8220;#f4583f&#8220; border_width_all=&#8220;0px&#8220;][\/et_pb_blog][\/et_pb_column][\/et_pb_row][\/et_pb_section]<\/p>\n","protected":false},"excerpt":{"rendered":"<p>Aktuality Chcete v\u011bd\u011bt, co je u n\u00e1s nov\u00e9ho? Sledujte tuto str\u00e1nku a nic v\u00e1m neunikne. Nov\u00e9 kolekce, materi\u00e1ly, trendy, barvy &#8211; v\u0161e, co by v\u00e1s mohlo zaj\u00edmat.\u00a0<\/p>\n","protected":false},"author":1,"featured_media":0,"parent":0,"menu_order":0,"comment_status":"closed","ping_status":"closed","template":"","meta":{"_et_pb_use_builder":"on","_et_pb_old_content":"<!-- wp:divi\/placeholder \/-->","_et_gb_content_width":"","footnotes":""},"class_list":["post-67","page","type-page","status-publish","hentry"],"_links":{"self":[{"href":"https:\/\/www.rudan.cz\/cs\/wp-json\/wp\/v2\/pages\/67","targetHints":{"allow":["GET"]}}],"collection":[{"href":"https:\/\/www.rudan.cz\/cs\/wp-json\/wp\/v2\/pages"}],"about":[{"href":"https:\/\/www.rudan.cz\/cs\/wp-json\/wp\/v2\/types\/page"}],"author":[{"embeddable":true,"href":"https:\/\/www.rudan.cz\/cs\/wp-json\/wp\/v2\/users\/1"}],"replies":[{"embeddable":true,"href":"https:\/\/www.rudan.cz\/cs\/wp-json\/wp\/v2\/comments?post=67"}],"version-history":[{"count":11,"href":"https:\/\/www.rudan.cz\/cs\/wp-json\/wp\/v2\/pages\/67\/revisions"}],"predecessor-version":[{"id":364,"href":"https:\/\/www.rudan.cz\/cs\/wp-json\/wp\/v2\/pages\/67\/revisions\/364"}],"wp:attachment":[{"href":"https:\/\/www.rudan.cz\/cs\/wp-json\/wp\/v2\/media?parent=67"}],"curies":[{"name":"wp","href":"https:\/\/api.w.org\/{rel}","templated":true}]}}