{"id":655,"date":"2020-08-25T12:54:05","date_gmt":"2020-08-25T10:54:05","guid":{"rendered":"https:\/\/www.rudan.cz\/\/?page_id=655"},"modified":"2021-02-18T16:57:56","modified_gmt":"2021-02-18T15:57:56","slug":"carpet-tiles","status":"publish","type":"page","link":"https:\/\/www.rudan.cz\/en\/carpet-tiles\/","title":{"rendered":"Carpet tiles"},"content":{"rendered":"<p>[et_pb_section fb_built=&#8221;1&#8243; admin_label=&#8221;Header Section&#8221; _builder_version=&#8221;4.5.0&#8243; use_background_color_gradient=&#8221;on&#8221; background_color_gradient_start=&#8221;#ffffff&#8221; background_color_gradient_end=&#8221;rgba(255,255,255,0)&#8221; background_color_gradient_overlays_image=&#8221;on&#8221; background_image=&#8221;https:\/\/www.rudan.cz\/\/wp-content\/uploads\/2020\/07\/NEC-Shapes-Hexagon-Marlin-2.jpg&#8221; custom_padding=&#8221;||0px||false|false&#8221; background_last_edited=&#8221;on|phone&#8221;][et_pb_row admin_label=&#8221;Header Row&#8221; _builder_version=&#8221;4.5.0&#8243; custom_margin=&#8221;5%||5%||false|false&#8221; custom_padding=&#8221;|||&#8221;][et_pb_column type=&#8221;4_4&#8243; _builder_version=&#8221;3.25&#8243; custom_padding=&#8221;|||&#8221; custom_padding__hover=&#8221;|||&#8221;][et_pb_cta title=&#8221;Carpet tiles&#8221; button_url=&#8221;#&#8221; admin_label=&#8221;Heading, Subheading &#038; Button&#8221; _builder_version=&#8221;4.5.0&#8243; header_level=&#8221;h1&#8243; header_font=&#8221;Muli|700|||||||&#8221; header_font_size=&#8221;65px&#8221; header_line_height=&#8221;1.4em&#8221; body_font=&#8221;Muli|600|||||||&#8221; body_font_size=&#8221;18px&#8221; body_line_height=&#8221;1.8em&#8221; use_background_color=&#8221;off&#8221; custom_button=&#8221;on&#8221; button_text_size=&#8221;16px&#8221; button_text_color=&#8221;#ffffff&#8221; button_bg_color=&#8221;#f4583f&#8221; button_border_width=&#8221;10px&#8221; button_border_color=&#8221;rgba(244,88,63,0)&#8221; button_border_radius=&#8221;0px&#8221; button_font=&#8221;Muli|700|||||||&#8221; button_use_icon=&#8221;off&#8221; background_layout=&#8221;light&#8221; max_width=&#8221;800px&#8221; module_alignment=&#8221;center&#8221; custom_margin=&#8221;|||&#8221; custom_margin_tablet=&#8221;3vw||3vw|&#8221; custom_margin_phone=&#8221;|||&#8221; custom_margin_last_edited=&#8221;off|desktop&#8221; animation_style=&#8221;fade&#8221; header_font_size_tablet=&#8221;&#8221; header_font_size_phone=&#8221;50px&#8221; header_font_size_last_edited=&#8221;on|phone&#8221; button_text_color_hover=&#8221;#ffffff&#8221; button_border_color_hover=&#8221;rgba(244,88,63,0)&#8221; button_border_radius_hover=&#8221;0px&#8221; button_bg_color_hover=&#8221;#f4583f&#8221; button_text_size__hover_enabled=&#8221;off&#8221; button_one_text_size__hover_enabled=&#8221;off&#8221; button_two_text_size__hover_enabled=&#8221;off&#8221; button_text_color__hover_enabled=&#8221;on&#8221; button_text_color__hover=&#8221;#ffffff&#8221; button_one_text_color__hover_enabled=&#8221;off&#8221; button_two_text_color__hover_enabled=&#8221;off&#8221; button_border_width__hover_enabled=&#8221;off&#8221; button_one_border_width__hover_enabled=&#8221;off&#8221; button_two_border_width__hover_enabled=&#8221;off&#8221; button_border_color__hover_enabled=&#8221;on&#8221; button_border_color__hover=&#8221;rgba(244,88,63,0)&#8221; button_one_border_color__hover_enabled=&#8221;off&#8221; button_two_border_color__hover_enabled=&#8221;off&#8221; button_border_radius__hover_enabled=&#8221;on&#8221; button_border_radius__hover=&#8221;0px&#8221; button_one_border_radius__hover_enabled=&#8221;off&#8221; button_two_border_radius__hover_enabled=&#8221;off&#8221; button_letter_spacing__hover_enabled=&#8221;off&#8221; button_one_letter_spacing__hover_enabled=&#8221;off&#8221; button_two_letter_spacing__hover_enabled=&#8221;off&#8221; button_bg_color__hover_enabled=&#8221;on&#8221; button_bg_color__hover=&#8221;#f4583f&#8221; button_one_bg_color__hover_enabled=&#8221;off&#8221; button_two_bg_color__hover_enabled=&#8221;off&#8221;][\/et_pb_cta][\/et_pb_column][\/et_pb_row][et_pb_row column_structure=&#8221;1_2,1_2&#8243; use_custom_gutter=&#8221;on&#8221; gutter_width=&#8221;1&#8243; admin_label=&#8221;Service Row&#8221; module_class=&#8221; et_pb_row_fullwidth&#8221; _builder_version=&#8221;4.5.0&#8243; width=&#8221;100%&#8221; width_tablet=&#8221;100%&#8221; width_phone=&#8221;&#8221; width_last_edited=&#8221;on|desktop&#8221; max_width=&#8221;100%&#8221; max_width_tablet=&#8221;100%&#8221; max_width_phone=&#8221;&#8221; max_width_last_edited=&#8221;on|desktop&#8221; custom_margin=&#8221;|||&#8221; custom_padding=&#8221;0px||0px||false|false&#8221; make_fullwidth=&#8221;on&#8221;][et_pb_column type=&#8221;1_2&#8243; _builder_version=&#8221;4.5.0&#8243; background_color=&#8221;#ffffff&#8221; custom_padding=&#8221;100px|60px|100px|60px&#8221; background_color_tablet=&#8221;rgba(0,0,0,0)&#8221; background_color_phone=&#8221;rgba(0,0,0,0)&#8221; background_last_edited=&#8221;on|tablet&#8221; background_enable_color_tablet=&#8221;on&#8221; background_enable_color_phone=&#8221;on&#8221; custom_padding__hover=&#8221;|||&#8221;][et_pb_text admin_label=&#8221;Title &#038; Paragraph&#8221; _builder_version=&#8221;4.5.0&#8243; text_font=&#8221;Muli|600|||||||&#8221; text_font_size=&#8221;18px&#8221; text_line_height=&#8221;1.8em&#8221; header_font=&#8221;||||||||&#8221; header_2_font=&#8221;Muli|700|||||||&#8221; header_2_font_size=&#8221;35px&#8221; header_2_line_height=&#8221;1.4em&#8221; max_width=&#8221;600px&#8221; max_width_tablet=&#8221;&#8221; max_width_phone=&#8221;&#8221; max_width_last_edited=&#8221;on|phone&#8221; module_alignment=&#8221;right&#8221; custom_margin=&#8221;|||&#8221; custom_padding=&#8221;|||&#8221; custom_padding_last_edited=&#8221;off|desktop&#8221; header_2_font_size_tablet=&#8221;25px&#8221; header_2_font_size_phone=&#8221;25px&#8221; header_2_font_size_last_edited=&#8221;on|tablet&#8221;]<\/p>\n<h2>Don&#8217;t want to have a plain and &#8220;boring&#8221; carpet in your office or other space? Try carpet tiles.<\/h2>\n<p>[\/et_pb_text][\/et_pb_column][et_pb_column type=&#8221;1_2&#8243; _builder_version=&#8221;4.5.0&#8243; custom_padding=&#8221;|||&#8221; custom_padding__hover=&#8221;|||&#8221;][\/et_pb_column][\/et_pb_row][\/et_pb_section][et_pb_section fb_built=&#8221;1&#8243; admin_label=&#8221;Service Section&#8221; _builder_version=&#8221;4.5.0&#8243; use_background_color_gradient=&#8221;on&#8221; background_color_gradient_start=&#8221;#ffffff&#8221; background_color_gradient_end=&#8221;rgba(255,255,255,0)&#8221; background_color_gradient_end_position=&#8221;25%&#8221; background_color_gradient_overlays_image=&#8221;on&#8221; background_image=&#8221;https:\/\/www.rudan.cz\/\/wp-content\/uploads\/2020\/07\/NED-Shapes-Hexagon-Marlin-2.jpg&#8221; custom_padding=&#8221;0px|0px|0px|0px&#8221;][et_pb_row column_structure=&#8221;1_2,1_2&#8243; use_custom_gutter=&#8221;on&#8221; gutter_width=&#8221;1&#8243; admin_label=&#8221;Service Row&#8221; module_class=&#8221; et_pb_row_fullwidth&#8221; _builder_version=&#8221;4.5.0&#8243; width=&#8221;100%&#8221; width_tablet=&#8221;100%&#8221; width_phone=&#8221;&#8221; width_last_edited=&#8221;on|desktop&#8221; max_width=&#8221;100%&#8221; max_width_tablet=&#8221;100%&#8221; max_width_phone=&#8221;&#8221; max_width_last_edited=&#8221;on|desktop&#8221; custom_margin=&#8221;|||&#8221; custom_padding=&#8221;0px|0px|0px|0px&#8221; make_fullwidth=&#8221;on&#8221;][et_pb_column type=&#8221;1_2&#8243; _builder_version=&#8221;3.25&#8243; custom_padding=&#8221;|||&#8221; custom_padding_tablet=&#8221;200px|||&#8221; custom_padding_phone=&#8221;&#8221; custom_padding_last_edited=&#8221;on|tablet&#8221; padding_tablet=&#8221;200px|||&#8221; padding_last_edited=&#8221;on|tablet&#8221; custom_padding__hover=&#8221;|||&#8221;][\/et_pb_column][et_pb_column type=&#8221;1_2&#8243; _builder_version=&#8221;4.5.0&#8243; background_color=&#8221;#91802f&#8221; custom_padding=&#8221;100px|60px|100px|60px&#8221; custom_padding_tablet=&#8221;50px||50px||true|false&#8221; custom_padding_phone=&#8221;30px|60px|30px|60px|true|false&#8221; custom_padding_last_edited=&#8221;on|tablet&#8221; custom_padding__hover=&#8221;|||&#8221;][et_pb_text admin_label=&#8221;Title &#038; Paragraph&#8221; _builder_version=&#8221;4.5.0&#8243; text_font=&#8221;Muli||||||||&#8221; text_font_size=&#8221;15px&#8221; text_line_height=&#8221;1.8em&#8221; header_font=&#8221;||||||||&#8221; header_2_font=&#8221;Muli||||||||&#8221; header_2_font_size=&#8221;20px&#8221; header_2_line_height=&#8221;1.4em&#8221; background_layout=&#8221;dark&#8221; max_width=&#8221;600px&#8221; max_width_tablet=&#8221;&#8221; max_width_phone=&#8221;&#8221; max_width_last_edited=&#8221;on|phone&#8221; module_alignment=&#8221;left&#8221; custom_margin=&#8221;|||&#8221; custom_margin_phone=&#8221;|||&#8221; custom_margin_last_edited=&#8221;off|desktop&#8221; custom_padding=&#8221;|||&#8221; custom_padding_tablet=&#8221;|||&#8221; custom_padding_phone=&#8221;|||&#8221; custom_padding_last_edited=&#8221;off|desktop&#8221; header_2_font_size_tablet=&#8221;20px&#8221; header_2_font_size_phone=&#8221;18px&#8221; header_2_font_size_last_edited=&#8221;on|tablet&#8221;]<\/p>\n<p>Due to their hardwearing properties, carpet tiles are especially suitable for commercial spaces.<\/p>\n<p>However, thanks to the possibility of combining colours and shapes, they can also be used in residential projects. We offer carpet parts in various designs; although the product is called &#8220;carpet tiles&#8221;, you can see in the pictures that it is also available in a lot of other, non-standard formats.<\/p>\n<p>[\/et_pb_text][\/et_pb_column][\/et_pb_row][\/et_pb_section][et_pb_section fb_built=&#8221;1&#8243; admin_label=&#8221;Intro Section&#8221; _builder_version=&#8221;3.22&#8243; custom_padding=&#8221;0px|0px|0px|0px&#8221;][et_pb_row column_structure=&#8221;1_2,1_2&#8243; use_custom_gutter=&#8221;on&#8221; gutter_width=&#8221;1&#8243; admin_label=&#8221;Intro Row&#8221; module_class=&#8221; et_pb_row_fullwidth&#8221; _builder_version=&#8221;3.25&#8243; width=&#8221;100%&#8221; width_tablet=&#8221;100%&#8221; width_phone=&#8221;&#8221; width_last_edited=&#8221;on|desktop&#8221; max_width=&#8221;100%&#8221; max_width_tablet=&#8221;100%&#8221; max_width_phone=&#8221;&#8221; max_width_last_edited=&#8221;on|desktop&#8221; custom_margin=&#8221;|||&#8221; custom_padding=&#8221;0px||0px|&#8221; make_fullwidth=&#8221;on&#8221;][et_pb_column type=&#8221;1_2&#8243; _builder_version=&#8221;3.25&#8243; background_color=&#8221;#ffffff&#8221; custom_padding=&#8221;100px|60px|100px|60px&#8221; custom_padding__hover=&#8221;|||&#8221;][et_pb_text admin_label=&#8221;Title &#038; Paragraph&#8221; _builder_version=&#8221;4.5.0&#8243; text_font=&#8221;Muli||||||||&#8221; text_text_color=&#8221;#1b1919&#8243; text_font_size=&#8221;15px&#8221; text_line_height=&#8221;1.8em&#8221; header_font=&#8221;||||||||&#8221; header_2_font=&#8221;Muli|700|||||||&#8221; header_2_font_size=&#8221;50px&#8221; header_2_line_height=&#8221;1.4em&#8221; max_width=&#8221;600px&#8221; max_width_tablet=&#8221;&#8221; max_width_phone=&#8221;&#8221; max_width_last_edited=&#8221;on|phone&#8221; module_alignment=&#8221;right&#8221; custom_margin=&#8221;|||&#8221; custom_padding=&#8221;|||&#8221; custom_padding_last_edited=&#8221;off|desktop&#8221; header_2_font_size_tablet=&#8221;&#8221; header_2_font_size_phone=&#8221;40px&#8221; header_2_font_size_last_edited=&#8221;on|desktop&#8221;]<\/p>\n<h2>Our suppliers<\/h2>\n<p>[\/et_pb_text][et_pb_text admin_label=&#8221;Title &#038; Paragraph&#8221; _builder_version=&#8221;4.5.0&#8243; text_font=&#8221;Muli||||||||&#8221; text_text_color=&#8221;#1b1919&#8243; text_font_size=&#8221;15px&#8221; text_line_height=&#8221;1.8em&#8221; header_font=&#8221;||||||||&#8221; header_2_font=&#8221;Muli|700|||||||&#8221; header_2_font_size=&#8221;50px&#8221; header_2_line_height=&#8221;1.4em&#8221; max_width=&#8221;600px&#8221; max_width_tablet=&#8221;&#8221; max_width_phone=&#8221;&#8221; max_width_last_edited=&#8221;on|phone&#8221; module_alignment=&#8221;right&#8221; custom_margin=&#8221;|||&#8221; custom_padding=&#8221;|||&#8221; custom_padding_last_edited=&#8221;off|desktop&#8221; hover_enabled=&#8221;0&#8243; header_2_font_size_tablet=&#8221;&#8221; header_2_font_size_phone=&#8221;40px&#8221; header_2_font_size_last_edited=&#8221;on|desktop&#8221;]<\/p>\n<h3><a href=\"http:\/\/capital-flooring.com\/\" target=\"_blank\" rel=\"noopener noreferrer\"><img loading=\"lazy\" decoding=\"async\" src=\"https:\/\/www.rudan.cz\/wp-content\/uploads\/2021\/02\/capital-collection.png\" width=\"112\" height=\"56\" alt=\"\" class=\"wp-image-1036 alignnone size-full\" \/><\/a><\/h3>\n<p>Collection of carpet tiles from major European manufacturers under our own Capital brand.<\/p>\n<p>[\/et_pb_text][et_pb_text admin_label=&#8221;Title &#038; Paragraph&#8221; _builder_version=&#8221;4.5.0&#8243; text_font=&#8221;Muli||||||||&#8221; text_text_color=&#8221;#1b1919&#8243; text_font_size=&#8221;15px&#8221; text_line_height=&#8221;1.8em&#8221; header_font=&#8221;||||||||&#8221; header_2_font=&#8221;Muli|700|||||||&#8221; header_2_font_size=&#8221;50px&#8221; header_2_line_height=&#8221;1.4em&#8221; max_width=&#8221;600px&#8221; max_width_tablet=&#8221;&#8221; max_width_phone=&#8221;&#8221; max_width_last_edited=&#8221;on|phone&#8221; module_alignment=&#8221;right&#8221; custom_margin=&#8221;|||&#8221; custom_padding=&#8221;|||&#8221; custom_padding_last_edited=&#8221;off|desktop&#8221; header_2_font_size_tablet=&#8221;&#8221; header_2_font_size_phone=&#8221;40px&#8221; header_2_font_size_last_edited=&#8221;on|desktop&#8221;]<\/p>\n<h3><a href=\"https:\/\/en.marlincontract.com\" target=\"_blank\" rel=\"noopener noreferrer\"><img loading=\"lazy\" decoding=\"async\" src=\"https:\/\/www.rudan.cz\/\/wp-content\/uploads\/2020\/07\/marlin-contract.png\" width=\"100\" height=\"50\" alt=\"\" class=\"wp-image-203 alignnone size-full\" \/><\/a><\/h3>\n<p>Carpet tiles in standard dimensions as well as special shapes in a wide range of colours.<\/p>\n<p>[\/et_pb_text][\/et_pb_column][et_pb_column type=&#8221;1_2&#8243; _builder_version=&#8221;3.25&#8243; custom_padding=&#8221;|||&#8221; custom_padding__hover=&#8221;|||&#8221;][et_pb_slider _builder_version=&#8221;4.5.0&#8243; _module_preset=&#8221;default&#8221; background_enable_image=&#8221;off&#8221;][et_pb_slide _builder_version=&#8221;4.5.0&#8243; _module_preset=&#8221;default&#8221; background_image=&#8221;https:\/\/www.rudan.cz\/\/wp-content\/uploads\/2020\/07\/NED-Shapes-Triangle-Marlin-1-1.jpg&#8221; background_enable_image=&#8221;on&#8221; custom_padding=&#8221;40%||40%||true|false&#8221;][\/et_pb_slide][et_pb_slide _builder_version=&#8221;4.5.0&#8243; _module_preset=&#8221;default&#8221; background_image=&#8221;https:\/\/www.rudan.cz\/\/wp-content\/uploads\/2020\/07\/V\u017est\u017ci\u00dfek-1.jpg&#8221; background_enable_image=&#8221;on&#8221; custom_padding=&#8221;40%||40%||true|false&#8221;][\/et_pb_slide][et_pb_slide _builder_version=&#8221;4.5.0&#8243; _module_preset=&#8221;default&#8221; background_image=&#8221;https:\/\/www.rudan.cz\/\/wp-content\/uploads\/2020\/07\/NED-Shapes-Hexagon-Marlin-9-rotated.jpg&#8221; background_enable_image=&#8221;on&#8221; custom_padding=&#8221;40%||40%||true|false&#8221;][\/et_pb_slide][et_pb_slide _builder_version=&#8221;4.5.0&#8243; _module_preset=&#8221;default&#8221; background_image=&#8221;https:\/\/www.rudan.cz\/\/wp-content\/uploads\/2020\/07\/NED-Shapes-Hexagon-Marlin-4-1.jpg&#8221; background_enable_image=&#8221;on&#8221; custom_padding=&#8221;40%||40%||true|false&#8221;][\/et_pb_slide][\/et_pb_slider][\/et_pb_column][\/et_pb_row][\/et_pb_section][et_pb_section fb_built=&#8221;1&#8243; admin_label=&#8221;Services Section&#8221; _builder_version=&#8221;4.5.0&#8243; use_background_color_gradient=&#8221;on&#8221; background_color_gradient_start=&#8221;#ffffff&#8221; background_color_gradient_end=&#8221;rgba(255,255,255,0)&#8221; background_color_gradient_overlays_image=&#8221;on&#8221; background_enable_image=&#8221;off&#8221; background_position=&#8221;bottom_right&#8221; custom_padding=&#8221;|0px|100px|0px|false|false&#8221; locked=&#8221;off&#8221;][et_pb_row column_structure=&#8221;1_4,1_4,1_2&#8243; use_custom_gutter=&#8221;on&#8221; gutter_width=&#8221;2&#8243; admin_label=&#8221;Services Row&#8221; _builder_version=&#8221;3.25&#8243; custom_padding=&#8221;|||&#8221;][et_pb_column type=&#8221;1_4&#8243; _builder_version=&#8221;3.25&#8243; custom_padding=&#8221;|||&#8221; custom_padding__hover=&#8221;|||&#8221;][et_pb_blurb title=&#8221;Carpet rolls&#8221; url=&#8221;https:\/\/www.rudan.cz\/\/carpet-rolls\/?lang=en&#8221; admin_label=&#8221;Service&#8221; _builder_version=&#8221;4.5.0&#8243; header_font=&#8221;Muli|700|||||||&#8221; header_text_align=&#8221;center&#8221; header_font_size=&#8221;20px&#8221; header_line_height=&#8221;1.4em&#8221; body_font=&#8221;Muli|600|||||||&#8221; body_text_color=&#8221;#ffffff&#8221; body_font_size=&#8221;16px&#8221; background_color=&#8221;#91802f&#8221; text_orientation=&#8221;center&#8221; background_layout=&#8221;dark&#8221; custom_margin=&#8221;|||&#8221; custom_padding=&#8221;50px|30px|50px|30px&#8221; box_shadow_style=&#8221;preset1&#8243;]<\/p>\n<p>Wide range of carpets suitable for residential and commercial premises.<\/p>\n<p>[\/et_pb_blurb][et_pb_blurb title=&#8221;Vinyl floor&#8221; url=&#8221;https:\/\/www.rudan.cz\/\/vinyl-floors\/?lang=en&#8221; admin_label=&#8221;Service&#8221; _builder_version=&#8221;4.5.0&#8243; header_font=&#8221;Muli|700|||||||&#8221; header_text_align=&#8221;center&#8221; header_text_color=&#8221; c&#8221; header_font_size=&#8221;20px&#8221; header_line_height=&#8221;1.4em&#8221; body_font=&#8221;Muli|600|||||||&#8221; body_text_color=&#8221; c&#8221; body_font_size=&#8221;16px&#8221; background_color=&#8221;#ffffff&#8221; text_orientation=&#8221;center&#8221; custom_margin=&#8221;30px|||&#8221; custom_margin_tablet=&#8221;60px|||&#8221; custom_margin_phone=&#8221;&#8221; custom_margin_last_edited=&#8221;on|phone&#8221; custom_padding=&#8221;50px|30px|50px|30px&#8221; box_shadow_style=&#8221;preset1&#8243;]<\/p>\n<p>Do you prefer &#8220;smooth&#8221; floors? Vinyl flooring is right here for you.<\/p>\n<p>[\/et_pb_blurb][\/et_pb_column][et_pb_column type=&#8221;1_4&#8243; _builder_version=&#8221;3.25&#8243; custom_padding=&#8221;|||&#8221; custom_padding__hover=&#8221;|||&#8221;][et_pb_blurb title=&#8221;Rugs&#8221; url=&#8221;https:\/\/www.rudan.cz\/\/rugs\/?lang=en&#8221; admin_label=&#8221;Service&#8221; _builder_version=&#8221;4.5.0&#8243; header_font=&#8221;Muli|700|||||||&#8221; header_text_align=&#8221;center&#8221; header_font_size=&#8221;20px&#8221; header_line_height=&#8221;1.4em&#8221; body_font=&#8221;Muli|600|||||||&#8221; body_text_color=&#8221;#ffffff&#8221; body_font_size=&#8221;16px&#8221; background_color=&#8221;#1b1919&#8243; text_orientation=&#8221;center&#8221; background_layout=&#8221;dark&#8221; custom_margin=&#8221;150px||||false|false&#8221; custom_margin_tablet=&#8221;30px|||&#8221; custom_margin_phone=&#8221;&#8221; custom_margin_last_edited=&#8221;on|tablet&#8221; custom_padding=&#8221;50px|30px|50px|30px&#8221; box_shadow_style=&#8221;preset1&#8243;]<\/p>\n<p><span>Do you want to fine-tune your interior to perfection? A rug will fit the bill.<\/span><\/p>\n<p>[\/et_pb_blurb][\/et_pb_column][et_pb_column type=&#8221;1_2&#8243; _builder_version=&#8221;3.25&#8243; custom_padding=&#8221;|||&#8221; custom_padding__hover=&#8221;|||&#8221;][et_pb_text admin_label=&#8221;Title&#8221; _builder_version=&#8221;4.5.0&#8243; text_font=&#8221;Muli|600|||||||&#8221; text_text_color=&#8221;#737373&#8243; text_font_size=&#8221;18px&#8221; header_font=&#8221;||||||||&#8221; header_2_font=&#8221;Muli|700|||||||&#8221; header_2_font_size=&#8221;30px&#8221; header_2_line_height=&#8221;1.4em&#8221; max_width_last_edited=&#8221;off|desktop&#8221; custom_margin=&#8221;220px|||&#8221; custom_margin_tablet=&#8221;50px||||false|false&#8221; custom_margin_phone=&#8221;50px||||false|false&#8221; custom_margin_last_edited=&#8221;on|tablet&#8221; custom_padding=&#8221;|||&#8221; custom_padding_last_edited=&#8221;off|desktop&#8221; header_2_font_size_tablet=&#8221;&#8221; header_2_font_size_phone=&#8221;40px&#8221; header_2_font_size_last_edited=&#8221;on|phone&#8221; locked=&#8221;off&#8221;]<\/p>\n<h2>Didn&#8217;t find what you were looking for?<\/h2>\n<p>Take a look at the offer of other types of floors or contact us.<\/p>\n<p>[\/et_pb_text][et_pb_button button_url=&#8221;https:\/\/www.rudan.cz\/\/contact\/?lang=en&#8221; button_text=&#8221;Contact us&#8221; button_alignment=&#8221;left&#8221; _builder_version=&#8221;4.5.0&#8243; custom_button=&#8221;on&#8221; button_text_size=&#8221;16px&#8221; button_text_color=&#8221;#ffffff&#8221; button_bg_color=&#8221;#91802f&#8221; button_border_width=&#8221;10px&#8221; button_border_color=&#8221;rgba(0,0,0,0)&#8221; button_border_radius=&#8221;0px&#8221; button_font=&#8221;Muli|700||on|||||&#8221; button_use_icon=&#8221;off&#8221; custom_margin=&#8221;|||&#8221; custom_margin_tablet=&#8221;30px|||0px&#8221; custom_margin_phone=&#8221;&#8221; custom_margin_last_edited=&#8221;on|phone&#8221; custom_padding=&#8221;|||&#8221; button_border_radius_hover=&#8221;0px&#8221; button_text_size__hover_enabled=&#8221;off&#8221; button_one_text_size__hover_enabled=&#8221;off&#8221; button_two_text_size__hover_enabled=&#8221;off&#8221; button_text_color__hover_enabled=&#8221;off&#8221; button_one_text_color__hover_enabled=&#8221;off&#8221; button_two_text_color__hover_enabled=&#8221;off&#8221; button_border_width__hover_enabled=&#8221;off&#8221; button_one_border_width__hover_enabled=&#8221;off&#8221; button_two_border_width__hover_enabled=&#8221;off&#8221; button_border_color__hover_enabled=&#8221;off&#8221; button_one_border_color__hover_enabled=&#8221;off&#8221; button_two_border_color__hover_enabled=&#8221;off&#8221; button_border_radius__hover_enabled=&#8221;on&#8221; button_border_radius__hover=&#8221;0px&#8221; button_one_border_radius__hover_enabled=&#8221;off&#8221; button_two_border_radius__hover_enabled=&#8221;off&#8221; button_letter_spacing__hover_enabled=&#8221;off&#8221; button_one_letter_spacing__hover_enabled=&#8221;off&#8221; button_two_letter_spacing__hover_enabled=&#8221;off&#8221; button_bg_color__hover_enabled=&#8221;off&#8221; button_one_bg_color__hover_enabled=&#8221;off&#8221; button_two_bg_color__hover_enabled=&#8221;off&#8221;][\/et_pb_button][\/et_pb_column][\/et_pb_row][\/et_pb_section]<\/p>\n","protected":false},"excerpt":{"rendered":"<p>Don&#8217;t want to have a plain and &#8220;boring&#8221; carpet in your office or other space? Try carpet tiles.Due to their hardwearing properties, carpet tiles are especially suitable for commercial spaces. However, thanks to the possibility of combining colours and shapes, they can also be used in residential projects. We offer carpet parts in various designs; [&hellip;]<\/p>\n","protected":false},"author":1,"featured_media":0,"parent":0,"menu_order":0,"comment_status":"closed","ping_status":"closed","template":"","meta":{"_et_pb_use_builder":"on","_et_pb_old_content":"","_et_gb_content_width":"","footnotes":""},"class_list":["post-655","page","type-page","status-publish","hentry"],"_links":{"self":[{"href":"https:\/\/www.rudan.cz\/en\/wp-json\/wp\/v2\/pages\/655","targetHints":{"allow":["GET"]}}],"collection":[{"href":"https:\/\/www.rudan.cz\/en\/wp-json\/wp\/v2\/pages"}],"about":[{"href":"https:\/\/www.rudan.cz\/en\/wp-json\/wp\/v2\/types\/page"}],"author":[{"embeddable":true,"href":"https:\/\/www.rudan.cz\/en\/wp-json\/wp\/v2\/users\/1"}],"replies":[{"embeddable":true,"href":"https:\/\/www.rudan.cz\/en\/wp-json\/wp\/v2\/comments?post=655"}],"version-history":[{"count":5,"href":"https:\/\/www.rudan.cz\/en\/wp-json\/wp\/v2\/pages\/655\/revisions"}],"predecessor-version":[{"id":1048,"href":"https:\/\/www.rudan.cz\/en\/wp-json\/wp\/v2\/pages\/655\/revisions\/1048"}],"wp:attachment":[{"href":"https:\/\/www.rudan.cz\/en\/wp-json\/wp\/v2\/media?parent=655"}],"curies":[{"name":"wp","href":"https:\/\/api.w.org\/{rel}","templated":true}]}}