{"id":774,"date":"2020-08-25T14:52:13","date_gmt":"2020-08-25T12:52:13","guid":{"rendered":"https:\/\/www.rudan.cz\/\/?page_id=774"},"modified":"2023-10-27T15:28:38","modified_gmt":"2023-10-27T13:28:38","slug":"%d0%ba%d0%be%d0%bd%d1%82%d0%b0%d0%ba%d1%82%d1%8b","status":"publish","type":"page","link":"https:\/\/www.rudan.cz\/ru\/%d0%ba%d0%be%d0%bd%d1%82%d0%b0%d0%ba%d1%82%d1%8b\/","title":{"rendered":"\u041a\u043e\u043d\u0442\u0430\u043a\u0442\u044b"},"content":{"rendered":"<p>[et_pb_section fb_built=&#187;1&#8243; admin_label=&#187;Header Section&#187; _builder_version=&#187;4.5.0&#8243; use_background_color_gradient=&#187;on&#187; background_color_gradient_start=&#187;#ffffff&#187; background_color_gradient_end=&#187;rgba(0,0,0,0)&#187; background_color_gradient_end_position=&#187;70%&#187; background_color_gradient_overlays_image=&#187;on&#187; background_image=&#187;https:\/\/www.rudan.cz\/\/wp-content\/uploads\/2020\/07\/test-1.jpg&#187; custom_padding=&#187;10%|0px|10%|0px|false|false&#187;][et_pb_row custom_padding_last_edited=&#187;off|desktop&#187; admin_label=&#187;Header Row&#187; _builder_version=&#187;4.5.0&#8243; custom_margin=&#187;|||&#187; custom_padding=&#187;|||&#187; custom_padding_phone=&#187;3vw|||&#187;][et_pb_column type=&#187;4_4&#8243; _builder_version=&#187;3.25&#8243; custom_padding=&#187;|||&#187; custom_padding__hover=&#187;|||&#187;][et_pb_text admin_label=&#187;Heading &#038; Subheading&#187; _builder_version=&#187;4.5.0&#8243; text_font=&#187;Muli|600|||||||&#187; text_text_color=&#187;#ffffff&#187; text_font_size=&#187;18px&#187; text_line_height=&#187;1.8em&#187; header_font=&#187;Muli|700|||||||&#187; header_text_color=&#187;#ffffff&#187; header_font_size=&#187;65px&#187; header_line_height=&#187;1.4em&#187; header_2_font=&#187;||||||||&#187; text_orientation=&#187;center&#187; max_width=&#187;800px&#187; max_width_last_edited=&#187;off|desktop&#187; module_alignment=&#187;center&#187; custom_margin=&#187;|||&#187; custom_padding=&#187;|||&#187; custom_padding_last_edited=&#187;off|desktop&#187; animation_style=&#187;fade&#187;]<\/p>\n<h1>\u041a\u043e\u043d\u0442\u0430\u043a\u0442\u044b<\/h1>\n<p>\u0412\u0430\u0441 \u0438\u043d\u0442\u0435\u0440\u0435\u0441\u0443\u0435\u0442 \u0434\u043e\u043f\u043e\u043b\u043d\u0438\u0442\u0435\u043b\u044c\u043d\u0430\u044f \u0438\u043d\u0444\u043e\u0440\u043c\u0430\u0446\u0438\u044f \u043e \u043d\u0430\u0448\u0435\u043c \u043f\u0440\u0435\u0434\u043b\u043e\u0436\u0435\u043d\u0438\u0438? \u0421\u0432\u044f\u0437\u0430\u0442\u044c\u0441\u044f \u0441 \u043d\u0430\u043c\u0438.<\/p>\n<p>[\/et_pb_text][\/et_pb_column][\/et_pb_row][\/et_pb_section][et_pb_section fb_built=&#187;1&#8243; admin_label=&#187;Contact Section&#187; _builder_version=&#187;3.22&#8243; background_color=&#187;#e9f0f6&#8243; custom_padding=&#187;54px|0px|100px|0px&#187;][et_pb_row column_structure=&#187;1_2,1_2&#8243; admin_label=&#187;Message Row&#187; _builder_version=&#187;3.25&#8243; custom_padding=&#187;|||&#187;][et_pb_column type=&#187;1_2&#8243; _builder_version=&#187;3.25&#8243; custom_padding=&#187;|||&#187; custom_padding__hover=&#187;|||&#187;][et_pb_text admin_label=&#187;Title&#187; _builder_version=&#187;4.5.0&#8243; text_font=&#187;Muli||||||||&#187; text_text_color=&#187;#1b1919&#8243; text_font_size=&#187;15px&#187; text_line_height=&#187;1.8em&#187; header_font=&#187;||||||||&#187; header_2_font=&#187;Muli|700|||||||&#187; header_2_text_color=&#187;#1b1919&#8243; header_2_font_size=&#187;35px&#187; header_2_line_height=&#187;1.4em&#187; text_orientation=&#187;center&#187; max_width=&#187;800px&#187; max_width_last_edited=&#187;off|desktop&#187; module_alignment=&#187;center&#187; custom_margin=&#187;|||&#187; custom_padding=&#187;|||&#187; custom_padding_last_edited=&#187;off|desktop&#187; header_2_font_size_tablet=&#187;&#187; header_2_font_size_phone=&#187;40px&#187; header_2_font_size_last_edited=&#187;on|phone&#187;]<\/p>\n<h2 style=\"text-align: left;\">\u041a\u043e\u043d\u0442\u0430\u043a\u0442\u043d\u044b\u0435 \u0434\u0430\u043d\u043d\u044b\u0435<\/h2>\n<p style=\"text-align: left;\">Rudan s.r.o.<br \/> Na Laurov\u00e9 3<br \/> 150 00 Praha 5<br \/> \u010cesk\u00e1 republika<\/p>\n<p style=\"text-align: left;\">\u0422\u0435\u043b\u0435\u0444\u043e\u043d:\u00a0+420 251 556 607<\/p>\n<p style=\"text-align: left;\">\u0411\u0430\u043d\u043a:\u00a08165866001\/5500<br \/> IBAN:\u00a0CZ6855000000008165866001<br \/> SWIFT:\u00a0RZBCCZPP<br \/> <span>\u041e\u0413\u0420\u041d <\/span>(\u043e\u0441\u043d\u043e\u0432\u043d\u043e\u0439 \u0433\u043e\u0441 \u0440\u0435\u0433\u0438\u0441\u0442\u0440 \u043d\u043e\u043c\u0435\u0440):\u00a049709585<br \/> \u0418\u041d\u041d:\u00a0CZ49709585<\/p>\n<p style=\"text-align: left;\"><a href=\"mailto:info@rudan.cz\">info@rudan.cz<\/a><br \/> <a href=\"http:\/\/www.rudan.cz\/\">www.rudan.cz<\/a><\/p>\n<p>[\/et_pb_text][\/et_pb_column][et_pb_column type=&#187;1_2&#8243; _builder_version=&#187;4.5.0&#8243; _module_preset=&#187;default&#187;][et_pb_text admin_label=&#187;Title&#187; _builder_version=&#187;4.5.0&#8243; text_font=&#187;Muli|600|||||||&#187; text_text_color=&#187;#737373&#8243; text_font_size=&#187;18px&#187; header_font=&#187;||||||||&#187; header_font_size=&#187;35px&#187; header_2_font=&#187;Muli|700|||||||&#187; header_2_text_align=&#187;left&#187; header_2_font_size=&#187;35px&#187; header_2_line_height=&#187;1.4em&#187; max_width_last_edited=&#187;off|desktop&#187; custom_margin=&#187;|||&#187; custom_padding=&#187;|||&#187; custom_padding_last_edited=&#187;off|desktop&#187; header_2_font_size_tablet=&#187;&#187; header_2_font_size_phone=&#187;40px&#187; header_2_font_size_last_edited=&#187;on|phone&#187;]<\/p>\n<h2>\u041d\u0430\u043f\u0438\u0448\u0438\u0442\u0435 \u043d\u0430\u043c<\/h2>\n<p>[\/et_pb_text][et_pb_contact_form use_spam_service=&#187;on&#187; recaptcha_list=&#187;Default|Default-0&#8243; email=&#187;info@rudan.cz&#187; success_message=&#187;\u0421\u043f\u0430\u0441\u0438\u0431\u043e \u0437\u0430 \u0432\u0430\u0448\u0435 \u0441\u043e\u043e\u0431\u0449\u0435\u043d\u0438\u0435, \u043c\u044b \u0441\u0432\u044f\u0436\u0435\u043c\u0441\u044f \u0441 \u0432\u0430\u043c\u0438 \u0432 \u0431\u043b\u0438\u0436\u0430\u0439\u0448\u0435\u0435 \u0432\u0440\u0435\u043c\u044f.&#187; submit_button_text=&#187;\u041e\u0442\u043e\u0441\u043b\u0430\u0442\u044c&#187; module_id=&#187;et_pb_contact_form_0&#8243; _builder_version=&#187;4.5.0&#8243; form_field_background_color=&#187;rgba(128,130,133,0.09)&#187; form_field_text_color=&#187;#91802f&#187; title_font=&#187;||||||||&#187; form_field_font=&#187;Muli||||||||&#187; form_field_font_size=&#187;15px&#187; custom_button=&#187;on&#187; button_text_size=&#187;16px&#187; button_text_color=&#187;#ffffff&#187; button_bg_color=&#187;#91802f&#187; button_border_width=&#187;10px&#187; button_border_color=&#187;rgba(0,0,0,0)&#187; button_border_radius=&#187;0px&#187; button_font=&#187;Muli|700||on|||||&#187; button_use_icon=&#187;off&#187; hover_enabled=&#187;0&#8243; form_background_color=&#187;rgba(26,26,26,0.08)&#187; custom_message=&#187;%%name%%||et_pb_line_break_holder||%%email%%||et_pb_line_break_holder||%%subject%%||et_pb_line_break_holder||%%message%%&#187;][et_pb_contact_field field_id=&#187;name&#187; field_title=&#187;\u0418\u043c\u044f&#187; _builder_version=&#187;4.5.0&#8243; hover_enabled=&#187;0&#8243; button_text_size__hover_enabled=&#187;off&#187; button_one_text_size__hover_enabled=&#187;off&#187; button_two_text_size__hover_enabled=&#187;off&#187; button_text_color__hover_enabled=&#187;off&#187; button_one_text_color__hover_enabled=&#187;off&#187; button_two_text_color__hover_enabled=&#187;off&#187; button_border_width__hover_enabled=&#187;off&#187; button_one_border_width__hover_enabled=&#187;off&#187; button_two_border_width__hover_enabled=&#187;off&#187; button_border_color__hover_enabled=&#187;off&#187; button_one_border_color__hover_enabled=&#187;off&#187; button_two_border_color__hover_enabled=&#187;off&#187; button_border_radius__hover_enabled=&#187;off&#187; button_one_border_radius__hover_enabled=&#187;off&#187; button_two_border_radius__hover_enabled=&#187;off&#187; button_letter_spacing__hover_enabled=&#187;off&#187; button_one_letter_spacing__hover_enabled=&#187;off&#187; button_two_letter_spacing__hover_enabled=&#187;off&#187; button_bg_color__hover_enabled=&#187;off&#187; button_one_bg_color__hover_enabled=&#187;off&#187; button_two_bg_color__hover_enabled=&#187;off&#187;][\/et_pb_contact_field][et_pb_contact_field field_id=&#187;Email&#187; field_title=&#187;\u042d\u043b\u0435\u043a\u0442\u0440\u043e\u043d\u043d\u0430\u044f \u043f\u043e\u0447\u0442\u0430&#187; field_type=&#187;email&#187; _builder_version=&#187;4.5.0&#8243; hover_enabled=&#187;0&#8243; button_text_size__hover_enabled=&#187;off&#187; button_one_text_size__hover_enabled=&#187;off&#187; button_two_text_size__hover_enabled=&#187;off&#187; button_text_color__hover_enabled=&#187;off&#187; button_one_text_color__hover_enabled=&#187;off&#187; button_two_text_color__hover_enabled=&#187;off&#187; button_border_width__hover_enabled=&#187;off&#187; button_one_border_width__hover_enabled=&#187;off&#187; button_two_border_width__hover_enabled=&#187;off&#187; button_border_color__hover_enabled=&#187;off&#187; button_one_border_color__hover_enabled=&#187;off&#187; button_two_border_color__hover_enabled=&#187;off&#187; button_border_radius__hover_enabled=&#187;off&#187; button_one_border_radius__hover_enabled=&#187;off&#187; button_two_border_radius__hover_enabled=&#187;off&#187; button_letter_spacing__hover_enabled=&#187;off&#187; button_one_letter_spacing__hover_enabled=&#187;off&#187; button_two_letter_spacing__hover_enabled=&#187;off&#187; button_bg_color__hover_enabled=&#187;off&#187; button_one_bg_color__hover_enabled=&#187;off&#187; button_two_bg_color__hover_enabled=&#187;off&#187;][\/et_pb_contact_field][et_pb_contact_field field_id=&#187;subject&#187; field_title=&#187;\u0422\u0435\u043c\u0430&#187; fullwidth_field=&#187;on&#187; _builder_version=&#187;4.5.0&#8243; hover_enabled=&#187;0&#8243; button_text_size__hover_enabled=&#187;off&#187; button_one_text_size__hover_enabled=&#187;off&#187; button_two_text_size__hover_enabled=&#187;off&#187; button_text_color__hover_enabled=&#187;off&#187; button_one_text_color__hover_enabled=&#187;off&#187; button_two_text_color__hover_enabled=&#187;off&#187; button_border_width__hover_enabled=&#187;off&#187; button_one_border_width__hover_enabled=&#187;off&#187; button_two_border_width__hover_enabled=&#187;off&#187; button_border_color__hover_enabled=&#187;off&#187; button_one_border_color__hover_enabled=&#187;off&#187; button_two_border_color__hover_enabled=&#187;off&#187; button_border_radius__hover_enabled=&#187;off&#187; button_one_border_radius__hover_enabled=&#187;off&#187; button_two_border_radius__hover_enabled=&#187;off&#187; button_letter_spacing__hover_enabled=&#187;off&#187; button_one_letter_spacing__hover_enabled=&#187;off&#187; button_two_letter_spacing__hover_enabled=&#187;off&#187; button_bg_color__hover_enabled=&#187;off&#187; button_one_bg_color__hover_enabled=&#187;off&#187; button_two_bg_color__hover_enabled=&#187;off&#187;][\/et_pb_contact_field][et_pb_contact_field field_id=&#187;message&#187; field_title=&#187;\u0422\u0435\u043a\u0441\u0442&#187; field_type=&#187;text&#187; fullwidth_field=&#187;on&#187; _builder_version=&#187;4.5.0&#8243; hover_enabled=&#187;0&#8243; button_text_size__hover_enabled=&#187;off&#187; button_one_text_size__hover_enabled=&#187;off&#187; button_two_text_size__hover_enabled=&#187;off&#187; button_text_color__hover_enabled=&#187;off&#187; button_one_text_color__hover_enabled=&#187;off&#187; button_two_text_color__hover_enabled=&#187;off&#187; button_border_width__hover_enabled=&#187;off&#187; button_one_border_width__hover_enabled=&#187;off&#187; button_two_border_width__hover_enabled=&#187;off&#187; button_border_color__hover_enabled=&#187;off&#187; button_one_border_color__hover_enabled=&#187;off&#187; button_two_border_color__hover_enabled=&#187;off&#187; button_border_radius__hover_enabled=&#187;off&#187; button_one_border_radius__hover_enabled=&#187;off&#187; button_two_border_radius__hover_enabled=&#187;off&#187; button_letter_spacing__hover_enabled=&#187;off&#187; button_one_letter_spacing__hover_enabled=&#187;off&#187; button_two_letter_spacing__hover_enabled=&#187;off&#187; button_bg_color__hover_enabled=&#187;off&#187; button_one_bg_color__hover_enabled=&#187;off&#187; button_two_bg_color__hover_enabled=&#187;off&#187;][\/et_pb_contact_field][\/et_pb_contact_form][et_pb_text _builder_version=&#187;4.5.0&#8243; _module_preset=&#187;default&#187;]<\/p>\n<p>\u0429\u0435\u043b\u0447\u043a\u043e\u043c \u043d\u0430 \u043a\u043d\u043e\u043f\u043a\u0443 \u041e\u0422\u041e\u0421\u041b\u0410\u0422\u042c \u0432\u044b \u0441\u043e\u0433\u043b\u0430\u0448\u0430\u0435\u0442\u0435\u0441\u044c \u0441 \u043e\u0431\u0440\u0430\u0431\u043e\u0442\u043a\u043e\u0439 \u043f\u0435\u0440\u0441\u043e\u043d\u0430\u043b\u044c\u043d\u044b\u0445 \u0434\u0430\u043d\u043d\u044b\u0445.<\/p>\n<p>[\/et_pb_text][\/et_pb_column][\/et_pb_row][\/et_pb_section]<\/p>\n","protected":false},"excerpt":{"rendered":"<p>\u041a\u043e\u043d\u0442\u0430\u043a\u0442\u044b \u0412\u0430\u0441 \u0438\u043d\u0442\u0435\u0440\u0435\u0441\u0443\u0435\u0442 \u0434\u043e\u043f\u043e\u043b\u043d\u0438\u0442\u0435\u043b\u044c\u043d\u0430\u044f \u0438\u043d\u0444\u043e\u0440\u043c\u0430\u0446\u0438\u044f \u043e \u043d\u0430\u0448\u0435\u043c \u043f\u0440\u0435\u0434\u043b\u043e\u0436\u0435\u043d\u0438\u0438? \u0421\u0432\u044f\u0437\u0430\u0442\u044c\u0441\u044f \u0441 \u043d\u0430\u043c\u0438.\u041a\u043e\u043d\u0442\u0430\u043a\u0442\u043d\u044b\u0435 \u0434\u0430\u043d\u043d\u044b\u0435 Rudan s.r.o. Na Laurov\u00e9 3 150 00 Praha 5 \u010cesk\u00e1 republika \u0422\u0435\u043b\u0435\u0444\u043e\u043d:\u00a0+420 251 556 607 \u0411\u0430\u043d\u043a:\u00a08165866001\/5500 IBAN:\u00a0CZ6855000000008165866001 SWIFT:\u00a0RZBCCZPP \u041e\u0413\u0420\u041d (\u043e\u0441\u043d\u043e\u0432\u043d\u043e\u0439 \u0433\u043e\u0441 \u0440\u0435\u0433\u0438\u0441\u0442\u0440 \u043d\u043e\u043c\u0435\u0440):\u00a049709585 \u0418\u041d\u041d:\u00a0CZ49709585 info@rudan.cz www.rudan.cz\u041d\u0430\u043f\u0438\u0448\u0438\u0442\u0435 \u043d\u0430\u043c\u0429\u0435\u043b\u0447\u043a\u043e\u043c \u043d\u0430 \u043a\u043d\u043e\u043f\u043a\u0443 \u041e\u0422\u041e\u0421\u041b\u0410\u0422\u042c \u0432\u044b \u0441\u043e\u0433\u043b\u0430\u0448\u0430\u0435\u0442\u0435\u0441\u044c \u0441 \u043e\u0431\u0440\u0430\u0431\u043e\u0442\u043a\u043e\u0439 \u043f\u0435\u0440\u0441\u043e\u043d\u0430\u043b\u044c\u043d\u044b\u0445 \u0434\u0430\u043d\u043d\u044b\u0445.<\/p>\n","protected":false},"author":1,"featured_media":0,"parent":0,"menu_order":0,"comment_status":"closed","ping_status":"closed","template":"","meta":{"_et_pb_use_builder":"on","_et_pb_old_content":"","_et_gb_content_width":"","footnotes":""},"class_list":["post-774","page","type-page","status-publish","hentry"],"_links":{"self":[{"href":"https:\/\/www.rudan.cz\/ru\/wp-json\/wp\/v2\/pages\/774","targetHints":{"allow":["GET"]}}],"collection":[{"href":"https:\/\/www.rudan.cz\/ru\/wp-json\/wp\/v2\/pages"}],"about":[{"href":"https:\/\/www.rudan.cz\/ru\/wp-json\/wp\/v2\/types\/page"}],"author":[{"embeddable":true,"href":"https:\/\/www.rudan.cz\/ru\/wp-json\/wp\/v2\/users\/1"}],"replies":[{"embeddable":true,"href":"https:\/\/www.rudan.cz\/ru\/wp-json\/wp\/v2\/comments?post=774"}],"version-history":[{"count":6,"href":"https:\/\/www.rudan.cz\/ru\/wp-json\/wp\/v2\/pages\/774\/revisions"}],"predecessor-version":[{"id":1474,"href":"https:\/\/www.rudan.cz\/ru\/wp-json\/wp\/v2\/pages\/774\/revisions\/1474"}],"wp:attachment":[{"href":"https:\/\/www.rudan.cz\/ru\/wp-json\/wp\/v2\/media?parent=774"}],"curies":[{"name":"wp","href":"https:\/\/api.w.org\/{rel}","templated":true}]}}